{"id":995,"date":"2022-10-11T12:14:40","date_gmt":"2022-10-11T12:14:40","guid":{"rendered":"https:\/\/www.tractors.co.mz\/product\/reconditioned-mf-135-tractor\/"},"modified":"2023-11-30T08:14:19","modified_gmt":"2023-11-30T08:14:19","slug":"recondicionado-mf-135-trator","status":"publish","type":"product","link":"https:\/\/www.tractors.co.mz\/pt\/product\/recondicionado-mf-135-trator\/","title":{"rendered":"Trator MF-135 Recondicionado em Mo\u00e7ambique"},"content":{"rendered":"<h2>Como investir em um trator recondicionado \u00e9 uma escolha s\u00e1bia a se fazer<\/h2>\n<p>Investir em tratores recondicionados pode revelar-se mais pr\u00e1tico, uma vez que estes tratores s\u00e3o acess\u00edveis e est\u00e3o em condi\u00e7\u00f5es incrivelmente est\u00e1veis \u200b\u200bpara realizar opera\u00e7\u00f5es agr\u00edcolas extenuantes, incluindo arar, colher, cortar, plantar, empurrar, puxar, rebocar, etc. encontre\u00a0\u00e0 venda\u00a0os tratores recondicionados mais auspiciosos\u00a0que t\u00eam proporcionado resultados industriais e agr\u00edcolas not\u00e1veis.<\/p>\n<h2>MF \u2013 135: um grande trator em que confiar<\/h2>\n<p>Um dos tratores de trabalho din\u00e2mico da s\u00e9rie 100 de\u00a0<a href=\"https:\/\/www.tractors.co.mz\/pt\/product-category\/tratores\/massey-ferguson\/\"><strong>tratores Massey Ferguson<\/strong><\/a>\u00a0\u00e9 o MF-135.\u00a0Abaixo est\u00e1 uma descri\u00e7\u00e3o detalhada das caracter\u00edsticas exclusivas deste trator robusto dispon\u00edvel em nosso revendedor de tratores;<\/p>\n<ul>\n<li>\n<h3>Motor<\/h3>\n<\/li>\n<\/ul>\n<p>O trator MF-135 poderia ser integrado a um dos tr\u00eas motores;<\/p>\n<ul>\n<li>Motor diesel de tr\u00eas cilindros de 5 litros<\/li>\n<li>Motor a gasolina de quatro cilindros e 4 litros<\/li>\n<li>Motor a gasolina de tr\u00eas cilindros e 5 litros<\/li>\n<\/ul>\n<p>O motor \u00e9 bastante definido j\u00e1 que a velocidade m\u00e1xima que pode atingir \u00e9 de cerca de 50 km\/h.\u00a0Al\u00e9m disso, este trator utilit\u00e1rio \u00e9 movido por rodas e pode entregar aproximadamente 35 cavalos de pot\u00eancia.\u00a0O torque nominal a 1300 rpm \u00e9 calculado em cerca de 165,0 Nm.\u00a0Sem d\u00favida, com todas essas especifica\u00e7\u00f5es, este trator tem sido um dos tratores Massey Ferguson mais bem avaliados at\u00e9 hoje.\u00a0A vers\u00e3o a gasolina do tanque de combust\u00edvel mede cerca de 51,9 litros, enquanto a vers\u00e3o diesel \u00e9 estimada em cerca de 38,6 litros.\u00a0Ambos os tipos de dire\u00e7\u00e3o, ou seja, manual ou hidr\u00e1ulica, podem ser escolhidos neste poderoso trator.<\/p>\n<ul>\n<li>\n<h3>Transmiss\u00e3o<\/h3>\n<\/li>\n<\/ul>\n<p>A transmiss\u00e3o de um tractor utilit\u00e1rio \u00e9 a preocupa\u00e7\u00e3o da maioria dos agricultores mo\u00e7ambicanos.\u00a0A transmiss\u00e3o do MF-135 recondicionado para venda \u00e9 registrada como tendo um tipo de transmiss\u00e3o de dentes retos deslizantes com 6 marchas \u00e0 frente e 2 \u00e0 r\u00e9.\u00a0Os outros modos de transmiss\u00e3o encontrados neste trator incluem uma transmiss\u00e3o de 8 marchas \u00e0 frente e 2 marchas \u00e0 r\u00e9 e, por \u00faltimo, uma transmiss\u00e3o do tipo power shift parcial que \u00e9 projetada para funcionar com 4 marchas \u00e0 r\u00e9 e 12 marchas \u00e0 frente.<\/p>\n<p>Comprar MF-135 recondicionado resolver\u00e1 suas d\u00favidas agr\u00edcolas para a eternidade, ent\u00e3o por que esperar?\u00a0Invista agora!<\/p>\n","protected":false},"excerpt":{"rendered":"<p>Modelo \/ Tipo: Massey Ferguson MF 135<br \/>\nPot\u00eancia: 35 HP<br \/>\nTransmiss\u00e3o: Manual<br \/>\nCor: Vermelho<br \/>\nCondi\u00e7\u00e3o: Recondicionado<\/p>\n","protected":false},"featured_media":1153,"template":"","meta":[],"product_brand":[],"product_cat":[28,59],"product_tag":[],"class_list":{"0":"post-995","1":"product","2":"type-product","3":"status-publish","4":"has-post-thumbnail","6":"product_cat-tratores","7":"product_cat-tratores-recondicionados","9":"first","10":"instock","11":"product-type-simple"},"aioseo_notices":[],"_links":{"self":[{"href":"https:\/\/www.tractors.co.mz\/pt\/wp-json\/wp\/v2\/product\/995","targetHints":{"allow":["GET"]}}],"collection":[{"href":"https:\/\/www.tractors.co.mz\/pt\/wp-json\/wp\/v2\/product"}],"about":[{"href":"https:\/\/www.tractors.co.mz\/pt\/wp-json\/wp\/v2\/types\/product"}],"wp:featuredmedia":[{"embeddable":true,"href":"https:\/\/www.tractors.co.mz\/pt\/wp-json\/wp\/v2\/media\/1153"}],"wp:attachment":[{"href":"https:\/\/www.tractors.co.mz\/pt\/wp-json\/wp\/v2\/media?parent=995"}],"wp:term":[{"taxonomy":"product_brand","embeddable":true,"href":"https:\/\/www.tractors.co.mz\/pt\/wp-json\/wp\/v2\/product_brand?post=995"},{"taxonomy":"product_cat","embeddable":true,"href":"https:\/\/www.tractors.co.mz\/pt\/wp-json\/wp\/v2\/product_cat?post=995"},{"taxonomy":"product_tag","embeddable":true,"href":"https:\/\/www.tractors.co.mz\/pt\/wp-json\/wp\/v2\/product_tag?post=995"}],"curies":[{"name":"wp","href":"https:\/\/api.w.org\/{rel}","templated":true}]}}