{"id":990,"date":"2022-10-11T12:14:40","date_gmt":"2022-10-11T12:14:40","guid":{"rendered":"https:\/\/www.tractors.co.mz\/product\/used-mf-3060-tractor\/"},"modified":"2023-11-30T09:00:52","modified_gmt":"2023-11-30T09:00:52","slug":"usado-mf-3060-trator","status":"publish","type":"product","link":"https:\/\/www.tractors.co.mz\/pt\/product\/usado-mf-3060-trator\/","title":{"rendered":"Trator MF-3060 usado Mo\u00e7ambique"},"content":{"rendered":"<p>Agora voc\u00ea pode receber o seu desej\u00e1vel trator \u00e0 sua porta, tudo gra\u00e7as \u00e0\u00a0<a href=\"https:\/\/www.tractors.co.mz\/pt\/\"><strong>Tractors Mo\u00e7ambique<\/strong><\/a>\u00a0!<\/p>\n<h2>A credibilidade de um trator usado<\/h2>\n<p>Os tratores usados \u200b\u200b\u200b\u200bdispon\u00edveis em nossa empresa de tratores s\u00e3o eficientes, pois todos esses tratores est\u00e3o em boas condi\u00e7\u00f5es e com motores funcionais e, portanto, podem oferecer desempenho impec\u00e1vel em longas horas.\u00a0Al\u00e9m disso, esses tratores est\u00e3o sob um per\u00edodo de garantia visivelmente longo e foram verificados quanto ao seu estado.<\/p>\n<h2>Benef\u00edcios do trator usado<\/h2>\n<p>Para todos esses agricultores, um or\u00e7amento restrito j\u00e1 n\u00e3o \u00e9 um obst\u00e1culo, uma vez que\u00a0<a href=\"https:\/\/www.tractors.co.mz\/pt\/product-category\/tratores\/tratores-usados\/\"><strong>os tratores usados \u200b\u200bpara venda<\/strong><\/a>\u00a0podem cair no seu or\u00e7amento.\u00a0Al\u00e9m disso, os tratores usados \u200b\u200bt\u00eam menos probabilidade de serem danificados facilmente.\u00a0Al\u00e9m disso, os tratores usados \u200b\u200bcabem em um or\u00e7amento pequeno, pois s\u00e3o bastante baratos.<\/p>\n<h2>MF-3060<\/h2>\n<p>O MF-3060 pode ser adquirido exclusivamente nas variantes 2WD e 4WD.\u00a0Este trator \u00e9 conhecido por possuir um motor de 77 cv, enquanto seu peso bruto \u00e9 medido em torno de 8.600 libras.\u00a0O MF-3060 \u00e9 conhecido por ser o trator de cultivo em linha n\u00famero um, pois funciona principalmente para o cultivo de culturas em linha, principalmente girassol, canola, linho, feij\u00e3o seco, etc. requer maior quantidade de combust\u00edvel, um grande tanque de combust\u00edvel com capacidade de 147,6 L \u00e9 dinamicamente operacional.<\/p>\n<ul>\n<li>\n<h3>Motor<\/h3>\n<\/li>\n<\/ul>\n<p>O MF-3060 usado possui um motor diesel Perkins 4.1L de 4 cilindros.\u00a0O motor economiza combust\u00edvel e fornece ao trator a robustez necess\u00e1ria para executar m\u00faltiplas opera\u00e7\u00f5es agr\u00edcolas pesadas.\u00a0O motor produz um torque relativamente acelerado, medindo at\u00e9 280,7 Nm.<\/p>\n<ul>\n<li>\n<h3>Transmiss\u00e3o<\/h3>\n<\/li>\n<\/ul>\n<p>Dois modos avan\u00e7ados de transmiss\u00e3o, nomeadamente<\/p>\n<ul>\n<li>16 marchas totalmente sincronizadas, com 16 marchas e embreagem de disco org\u00e2nico acionada hidraulicamente.<\/li>\n<li>Power shift de duas velocidades e 32 marchas, com 32 marchas \u00e0 frente e \u00e0 r\u00e9, junto com power shift de duas velocidades.<\/li>\n<\/ul>\n<p>A dire\u00e7\u00e3o hidr\u00e1ulica e o assento de luxo com suspens\u00e3o de molas s\u00e3o respons\u00e1veis \u200b\u200bpor uma dire\u00e7\u00e3o mais suave e confort\u00e1vel.<\/p>\n<p>Investir em tratores usados \u200b\u200b\u00e9 uma decis\u00e3o s\u00e1bia e produtiva a longo prazo, ent\u00e3o por que esperar, fique \u00e0 vontade para entrar em contato conosco!<\/p>\n","protected":false},"excerpt":{"rendered":"<p>Modelo \/ Tipo: Massey Ferguson MF-3060<br \/>\nPot\u00eancia: 77hp<br \/>\nTransmiss\u00e3o: Manual<br \/>\nCor: Vermelho<br \/>\nCondi\u00e7\u00e3o: Usado<\/p>\n","protected":false},"featured_media":1149,"template":"","meta":[],"product_brand":[],"product_cat":[28,58],"product_tag":[],"class_list":{"0":"post-990","1":"product","2":"type-product","3":"status-publish","4":"has-post-thumbnail","6":"product_cat-tratores","7":"product_cat-tratores-usados","9":"first","10":"instock","11":"product-type-simple"},"aioseo_notices":[],"_links":{"self":[{"href":"https:\/\/www.tractors.co.mz\/pt\/wp-json\/wp\/v2\/product\/990","targetHints":{"allow":["GET"]}}],"collection":[{"href":"https:\/\/www.tractors.co.mz\/pt\/wp-json\/wp\/v2\/product"}],"about":[{"href":"https:\/\/www.tractors.co.mz\/pt\/wp-json\/wp\/v2\/types\/product"}],"wp:featuredmedia":[{"embeddable":true,"href":"https:\/\/www.tractors.co.mz\/pt\/wp-json\/wp\/v2\/media\/1149"}],"wp:attachment":[{"href":"https:\/\/www.tractors.co.mz\/pt\/wp-json\/wp\/v2\/media?parent=990"}],"wp:term":[{"taxonomy":"product_brand","embeddable":true,"href":"https:\/\/www.tractors.co.mz\/pt\/wp-json\/wp\/v2\/product_brand?post=990"},{"taxonomy":"product_cat","embeddable":true,"href":"https:\/\/www.tractors.co.mz\/pt\/wp-json\/wp\/v2\/product_cat?post=990"},{"taxonomy":"product_tag","embeddable":true,"href":"https:\/\/www.tractors.co.mz\/pt\/wp-json\/wp\/v2\/product_tag?post=990"}],"curies":[{"name":"wp","href":"https:\/\/api.w.org\/{rel}","templated":true}]}}