{"id":985,"date":"2022-10-11T12:14:40","date_gmt":"2022-10-11T12:14:40","guid":{"rendered":"https:\/\/www.tractors.co.mz\/product\/used-mf-390-tractor\/"},"modified":"2023-11-30T09:01:47","modified_gmt":"2023-11-30T09:01:47","slug":"usados-mf-390-trator","status":"publish","type":"product","link":"https:\/\/www.tractors.co.mz\/pt\/product\/usados-mf-390-trator\/","title":{"rendered":"Trator MF-390 usados \u200b\u200bMo\u00e7ambique"},"content":{"rendered":"<h2>Temos Tratores para todos<\/h2>\n<p>A Tractors Mo\u00e7ambique tornou-se o\u00a0revendedor n\u00famero um de tractores em Mo\u00e7ambique\u00a0, devido ao seu enorme invent\u00e1rio agr\u00edcola, atendimento ao cliente amig\u00e1vel e servi\u00e7o de entrega atempada.\u00a0A nossa empresa de tractores em Mo\u00e7ambique \u00e9 conhecida por satisfazer as necessidades individuais de tractores.\u00a0De tratores comerciais a tratores industriais ou tratores agr\u00edcolas, nosso estoque est\u00e1 repleto de tipos de tratores.<\/p>\n<h2>Tratores usados \u200b\u200b\u00e0 venda em Mo\u00e7ambique<\/h2>\n<p>Os agricultores mo\u00e7ambicanos costumam pensar duas vezes quando compram um tractor novo.\u00a0No entanto, este n\u00e3o \u00e9 o caso dos tratores usados.\u00a0Os tratores usados \u200b\u200bda nossa empresa de tratores n\u00e3o s\u00f3 reduzem custos devido ao seu pre\u00e7o acess\u00edvel, mas tamb\u00e9m s\u00e3o conhecidos por oferecerem um desempenho de motor impressionante.\u00a0Os nossos\u00a0<a href=\"https:\/\/www.tractors.co.mz\/pt\/product-category\/tratores\/tratores-usados\/\"><strong>tratores usados \u200b\u200bpara venda<\/strong><\/a>\u00a0, apesar de funcionarem h\u00e1 anos, n\u00e3o necessitam de renova\u00e7\u00e3o e podem realizar m\u00faltiplas tarefas agr\u00edcolas de diversas intensidades.<\/p>\n<h2>MF-390 usado \u00e0 venda em Mo\u00e7ambique<\/h2>\n<p>O MF-390 \u00e9 considerado o trator com motor mais potente j\u00e1 conhecido pela humanidade.\u00a0Este trator \u00e9 ecol\u00f3gico e f\u00e1cil de operar e pode ser facilmente conduzido por agricultores mo\u00e7ambicanos n\u00e3o treinados.\u00a0Este trator manobr\u00e1vel \u00e9 capaz de levantar o peso de aproximadamente 3T.<\/p>\n<ul>\n<li>\n<h3>Motor<\/h3>\n<\/li>\n<\/ul>\n<p>O vigoroso e robusto MF-390 est\u00e1 equipado com o avan\u00e7ado motor diesel turboalimentado Perkins 4.41, produzindo uma rota\u00e7\u00e3o m\u00e1xima do motor de 2.200 rpm.\u00a0O motor gera ainda 88 cv de pot\u00eancia, que ent\u00e3o fornece diversas opera\u00e7\u00f5es comerciais, industriais e agr\u00edcolas.\u00a0O tanque de combust\u00edvel pode acomodar aproximadamente 107,9 litros de \u00f3leo diesel de uma s\u00f3 vez.<\/p>\n<ul>\n<li>\n<h3>Transmiss\u00e3o<\/h3>\n<\/li>\n<\/ul>\n<p>A transmiss\u00e3o deste trator altamente vers\u00e1til \u00e9 bastante complexa, apresentando cinco tipos de transmiss\u00e3o listados abaixo;<\/p>\n<ul>\n<li>Tipo de transmiss\u00e3o manual de 8 velocidades<\/li>\n<li>Tipo de transmiss\u00e3o shuttle sincronizada de 12 velocidades<\/li>\n<li>Tipo de transmiss\u00e3o Power Shift parcial de 12 velocidades<\/li>\n<li>Tipo de transmiss\u00e3o sincronizada de 12 velocidades<\/li>\n<li>Powershift de 18 marchas e duas velocidades<\/li>\n<\/ul>\n<p>Freios a disco \u00famidos operados hidraulicamente, dire\u00e7\u00e3o hidr\u00e1ulica hidrost\u00e1tica e embreagem dupla ceramet\u00e1lica trabalham juntos para produzir um desempenho uniforme e suave do trator.<\/p>\n","protected":false},"excerpt":{"rendered":"<p>Modelo \/ Tipo: Massey Ferguson MF-390<br \/>\nPot\u00eancia: 90hp<br \/>\nTransmiss\u00e3o: Manual<br \/>\nCor: Vermelho<br \/>\nCondi\u00e7\u00e3o: Usado<\/p>\n","protected":false},"featured_media":1145,"template":"","meta":[],"product_brand":[],"product_cat":[28,58],"product_tag":[],"class_list":{"0":"post-985","1":"product","2":"type-product","3":"status-publish","4":"has-post-thumbnail","6":"product_cat-tratores","7":"product_cat-tratores-usados","9":"first","10":"instock","11":"product-type-simple"},"aioseo_notices":[],"_links":{"self":[{"href":"https:\/\/www.tractors.co.mz\/pt\/wp-json\/wp\/v2\/product\/985","targetHints":{"allow":["GET"]}}],"collection":[{"href":"https:\/\/www.tractors.co.mz\/pt\/wp-json\/wp\/v2\/product"}],"about":[{"href":"https:\/\/www.tractors.co.mz\/pt\/wp-json\/wp\/v2\/types\/product"}],"wp:featuredmedia":[{"embeddable":true,"href":"https:\/\/www.tractors.co.mz\/pt\/wp-json\/wp\/v2\/media\/1145"}],"wp:attachment":[{"href":"https:\/\/www.tractors.co.mz\/pt\/wp-json\/wp\/v2\/media?parent=985"}],"wp:term":[{"taxonomy":"product_brand","embeddable":true,"href":"https:\/\/www.tractors.co.mz\/pt\/wp-json\/wp\/v2\/product_brand?post=985"},{"taxonomy":"product_cat","embeddable":true,"href":"https:\/\/www.tractors.co.mz\/pt\/wp-json\/wp\/v2\/product_cat?post=985"},{"taxonomy":"product_tag","embeddable":true,"href":"https:\/\/www.tractors.co.mz\/pt\/wp-json\/wp\/v2\/product_tag?post=985"}],"curies":[{"name":"wp","href":"https:\/\/api.w.org\/{rel}","templated":true}]}}