{"id":980,"date":"2022-10-11T12:14:40","date_gmt":"2022-10-11T12:14:40","guid":{"rendered":"https:\/\/www.tractors.co.mz\/product\/used-mf-290-tractor\/"},"modified":"2023-11-30T09:00:08","modified_gmt":"2023-11-30T09:00:08","slug":"usados-mf-290-trator","status":"publish","type":"product","link":"https:\/\/www.tractors.co.mz\/pt\/product\/usados-mf-290-trator\/","title":{"rendered":"Trator MF-290 usados \u200b\u200bMo\u00e7ambique"},"content":{"rendered":"<h2>Onde encontrar tratores usados \u200b\u200bem Mo\u00e7ambique?<\/h2>\n<p>Encontrar tratores usados \u200b\u200bpode ser um pouco complicado, pois nem todos os revendedores de tratores s\u00e3o autorizados ou totalmente confi\u00e1veis.\u00a0Para ajudar os agricultores mo\u00e7ambicanos a encontrar tractores centrados na qualidade a taxas subsidiadas, a Tractors Mo\u00e7ambique provou ser de grande ajuda.\u00a0Nossa empresa de tratores \u00e9 popular entre o nicho de agricultores, pois oferece\u00a0<a href=\"https:\/\/www.tractors.co.mz\/pt\/product-category\/tratores\/tratores-usados\/\"><strong>\u00e0 venda tratores usados<\/strong><\/a>\u00a0\u200b\u200b\u200b\u200ba pre\u00e7os acess\u00edveis , que s\u00e3o igualmente din\u00e2micos como tratores novos.<\/p>\n<h2>Tratores usados \u200b\u200bv\u00e3o te salvar da perda de desvaloriza\u00e7\u00e3o<\/h2>\n<p>Dos muitos benef\u00edcios de comprar tratores usados, a perda por desvaloriza\u00e7\u00e3o \u00e9 um deles.\u00a0Normalmente, os ve\u00edculos novos s\u00e3o os mais atingidos pela queda inicial de pre\u00e7os.\u00a0Por\u00e9m, se um trator n\u00e3o for novo, muitas vezes supera a queda inicial de pre\u00e7o, mantendo seu valor de pre\u00e7o estagnado.\u00a0Al\u00e9m disso, a diferen\u00e7a de pre\u00e7o entre um trator novo e um trator usado \u00e9 enorme.\u00a0Ent\u00e3o, se voc\u00ea est\u00e1 com um or\u00e7amento apertado, voc\u00ea deve comprar um trator usado!<\/p>\n<h2>Os muitos usos de um MF-290 usado<\/h2>\n<p>Um dos tratores acess\u00edveis e confi\u00e1veis \u200b\u200bno que diz respeito \u00e0s opera\u00e7\u00f5es agr\u00edcolas \u00e9 o MF-290.\u00a0Este trator agr\u00edcola tem sido de crucial import\u00e2ncia agr\u00edcola, pois pode atender a m\u00faltiplos processos agr\u00edcolas durante o trabalho no campo.<\/p>\n<ul>\n<li>\n<h3>Motor<\/h3>\n<\/li>\n<\/ul>\n<p>O motor diesel Perkins AD4.248 com refrigera\u00e7\u00e3o l\u00edquida \u00e9 caracter\u00edstico do MF-290, fornecendo a energia necess\u00e1ria para catalisar procedimentos de colheita extenuantes.\u00a0Com a ajuda da din\u00e2mica do motor, s\u00e3o produzidos 284,1 Nm de torque a 1600 rpm.<\/p>\n<ul>\n<li>\n<h3>Transmiss\u00e3o<\/h3>\n<\/li>\n<\/ul>\n<p>Dois tipos de canais de transmiss\u00e3o podem ser identificados, principalmente um tipo de transmiss\u00e3o de dentes retos deslizantes com 8 marchas \u00e0 frente e 2 marchas \u00e0 r\u00e9 e, por \u00faltimo, uma mudan\u00e7a de pot\u00eancia parcial de 12 velocidades composta por 12 marchas \u00e0 frente e 4 marchas \u00e0 r\u00e9.\u00a0Com este \u00faltimo tipo de transmiss\u00e3o, cada marcha possui uma mudan\u00e7a de pot\u00eancia alta-baixa, que al\u00e9m de uma dire\u00e7\u00e3o hidr\u00e1ulica hidrost\u00e1tica \u00e9 respons\u00e1vel por proporcionar uma condu\u00e7\u00e3o confort\u00e1vel e sem esfor\u00e7o.<\/p>\n<p>Obtenha os tratores usados \u200b\u200bmais acess\u00edveis e deixe a colheita come\u00e7ar.<\/p>\n","protected":false},"excerpt":{"rendered":"<p>Modelo \/ Tipo: Massey Ferguson MF 290<br \/>\nPot\u00eancia: 82 HP<br \/>\nTransmiss\u00e3o: Manual<br \/>\nCor: Vermelho<br \/>\nCondi\u00e7\u00e3o: Usado<\/p>\n","protected":false},"featured_media":1141,"template":"","meta":[],"product_brand":[],"product_cat":[58],"product_tag":[],"class_list":{"0":"post-980","1":"product","2":"type-product","3":"status-publish","4":"has-post-thumbnail","6":"product_cat-tratores-usados","8":"first","9":"instock","10":"product-type-simple"},"aioseo_notices":[],"_links":{"self":[{"href":"https:\/\/www.tractors.co.mz\/pt\/wp-json\/wp\/v2\/product\/980","targetHints":{"allow":["GET"]}}],"collection":[{"href":"https:\/\/www.tractors.co.mz\/pt\/wp-json\/wp\/v2\/product"}],"about":[{"href":"https:\/\/www.tractors.co.mz\/pt\/wp-json\/wp\/v2\/types\/product"}],"wp:featuredmedia":[{"embeddable":true,"href":"https:\/\/www.tractors.co.mz\/pt\/wp-json\/wp\/v2\/media\/1141"}],"wp:attachment":[{"href":"https:\/\/www.tractors.co.mz\/pt\/wp-json\/wp\/v2\/media?parent=980"}],"wp:term":[{"taxonomy":"product_brand","embeddable":true,"href":"https:\/\/www.tractors.co.mz\/pt\/wp-json\/wp\/v2\/product_brand?post=980"},{"taxonomy":"product_cat","embeddable":true,"href":"https:\/\/www.tractors.co.mz\/pt\/wp-json\/wp\/v2\/product_cat?post=980"},{"taxonomy":"product_tag","embeddable":true,"href":"https:\/\/www.tractors.co.mz\/pt\/wp-json\/wp\/v2\/product_tag?post=980"}],"curies":[{"name":"wp","href":"https:\/\/api.w.org\/{rel}","templated":true}]}}