{"id":975,"date":"2022-10-11T12:14:40","date_gmt":"2022-10-11T12:14:40","guid":{"rendered":"https:\/\/www.tractors.co.mz\/product\/used-mf-135-tractor\/"},"modified":"2023-11-30T08:18:47","modified_gmt":"2023-11-30T08:18:47","slug":"usados-mf-135-trator","status":"publish","type":"product","link":"https:\/\/www.tractors.co.mz\/pt\/product\/usados-mf-135-trator\/","title":{"rendered":"Trator MF-135 usados \u200b\u200bMo\u00e7ambique"},"content":{"rendered":"<p>A Tractors Mo\u00e7ambique tem v\u00e1rias op\u00e7\u00f5es para si na nossa gama de tractores usados.<\/p>\n<h2>Tratores agr\u00edcolas usados \u200b\u200bao seu servi\u00e7o<\/h2>\n<p>A credibilidade dos nossos\u00a0<a href=\"https:\/\/www.tractors.co.mz\/pt\/product-category\/tratores\/tratores-usados\/\"><strong>tratores agr\u00edcolas usados<\/strong><\/a>\u00a0\u200b\u200b\u00e9 ineg\u00e1vel.\u00a0Um trator agr\u00edcola usado, se mantido adequadamente, \u00e9 t\u00e3o din\u00e2mico como se fosse novo.\u00a0Os tratores usados \u200b\u200bda Tractors Mo\u00e7ambique est\u00e3o em excelentes condi\u00e7\u00f5es e s\u00e3o conhecidos por realizar qualquer tarefa agr\u00edcola que lhes seja exigida.\u00a0Estes tractores s\u00e3o mantidos a pre\u00e7os acess\u00edveis, para garantir que estejam ao alcance de todos os agricultores mo\u00e7ambicanos.<\/p>\n<h2>MF-135 usado: o favorito dos agricultores<\/h2>\n<p>O MF-135 j\u00e1 foi considerado o trator premium da marca, com seu excelente desempenho off-road e estrutura resistente, este trator \u00e9 o preferido por muitos agricultores africanos.<\/p>\n<ul>\n<li>\n<h3>Motor<\/h3>\n<\/li>\n<\/ul>\n<p>O motor do MF-135 usado \u00e0 venda \u00e9 a estrela do show.\u00a0Um dos tr\u00eas tipos de motor pode ser integrado neste trator utilit\u00e1rio, seja um motor a gasolina de 4 cilindros de 2,4 litros ou um motor a diesel Perkins de 2,5 litros ou, por \u00faltimo, um motor a gasolina Perkins de 2,5 litros.\u00a0Devido ao recurso Perkins do motor do trator, o trator em geral \u00e9 muito mais resistente, economiza combust\u00edvel e tem desempenho mais suave.\u00a0O tanque de combust\u00edvel pode acomodar combust\u00edvel de at\u00e9 47,7 litros.<\/p>\n<ul>\n<li>\n<h3>Transmiss\u00e3o<\/h3>\n<\/li>\n<\/ul>\n<p>Devido \u00e0 integra\u00e7\u00e3o de v\u00e1rios modos de transmiss\u00e3o, o MF-135 sempre foi considerado um trator moderno.\u00a0Os modelos usados \u200b\u200bdo MF-135 dispon\u00edveis na nossa\u00a0empresa de tratores em Mo\u00e7ambique\u00a0, est\u00e3o equipados com engrenagens padr\u00e3o de oito velocidades para uma transmiss\u00e3o mais suave.\u00a0No entanto, um tipo de transmiss\u00e3o multipot\u00eancia, com engrenagens de 12 velocidades, pode ser disponibilizado opcionalmente.\u00a0Este \u00faltimo pode gerar maior torque devido ao engate el\u00e9trico sem embreagem.<\/p>\n<p>O MF-135 usado \u00e9 um dos tratores mais simples e confi\u00e1veis, feito preferencialmente para agricultores n\u00e3o treinados de Mo\u00e7ambique.\u00a0Para dirigir este trator, o agricultor n\u00e3o precisa de treinamento ou experi\u00eancia pr\u00e9via, pois este trator possui os recursos mais simples e \u00e9 muito f\u00e1cil de operar.<\/p>\n","protected":false},"excerpt":{"rendered":"<p>Modelo \/ Tipo: Massey Ferguson MF 135<br \/>\nPot\u00eancia: 35hp<br \/>\nTransmiss\u00e3o: Manual<br \/>\nCor: Vermelho<br \/>\nCondi\u00e7\u00e3o: Usado<\/p>\n","protected":false},"featured_media":1137,"template":"","meta":[],"product_brand":[],"product_cat":[28,58],"product_tag":[],"class_list":{"0":"post-975","1":"product","2":"type-product","3":"status-publish","4":"has-post-thumbnail","6":"product_cat-tratores","7":"product_cat-tratores-usados","9":"first","10":"instock","11":"product-type-simple"},"aioseo_notices":[],"_links":{"self":[{"href":"https:\/\/www.tractors.co.mz\/pt\/wp-json\/wp\/v2\/product\/975","targetHints":{"allow":["GET"]}}],"collection":[{"href":"https:\/\/www.tractors.co.mz\/pt\/wp-json\/wp\/v2\/product"}],"about":[{"href":"https:\/\/www.tractors.co.mz\/pt\/wp-json\/wp\/v2\/types\/product"}],"wp:featuredmedia":[{"embeddable":true,"href":"https:\/\/www.tractors.co.mz\/pt\/wp-json\/wp\/v2\/media\/1137"}],"wp:attachment":[{"href":"https:\/\/www.tractors.co.mz\/pt\/wp-json\/wp\/v2\/media?parent=975"}],"wp:term":[{"taxonomy":"product_brand","embeddable":true,"href":"https:\/\/www.tractors.co.mz\/pt\/wp-json\/wp\/v2\/product_brand?post=975"},{"taxonomy":"product_cat","embeddable":true,"href":"https:\/\/www.tractors.co.mz\/pt\/wp-json\/wp\/v2\/product_cat?post=975"},{"taxonomy":"product_tag","embeddable":true,"href":"https:\/\/www.tractors.co.mz\/pt\/wp-json\/wp\/v2\/product_tag?post=975"}],"curies":[{"name":"wp","href":"https:\/\/api.w.org\/{rel}","templated":true}]}}