{"id":734,"date":"2022-10-11T12:14:40","date_gmt":"2022-10-11T12:14:40","guid":{"rendered":"https:\/\/www.tractors.co.tz\/?post_type=product&#038;p=734"},"modified":"2023-11-30T11:01:50","modified_gmt":"2023-11-30T11:01:50","slug":"dossel-dobravel","status":"publish","type":"product","link":"https:\/\/www.tractors.co.mz\/pt\/product\/dossel-dobravel\/","title":{"rendered":"Dossel dobr\u00e1vel"},"content":{"rendered":"<h2><span class=\"\">Capota dobr\u00e1vel dispon\u00edvel na Tractors Mo\u00e7ambique<\/span><\/h2>\n<p>Os resultados e realiza\u00e7\u00f5es agr\u00edcolas excepcionais em Mo\u00e7ambique devem-se em grande parte \u00e0 receptividade do pa\u00eds aos m\u00e9todos e tecnologias agr\u00edcolas contempor\u00e2neos e \u00e0s perfeitas condi\u00e7\u00f5es agr\u00edcolas do pa\u00eds.\u00a0Em Mo\u00e7ambique, os agricultores obt\u00eam os melhores resultados ao combinar m\u00e9todos antigos com m\u00e9todos mais recentes que utilizam maquinaria agr\u00edcola de alta tecnologia, incluindo tratores.\u00a0As fontes alimentares tradicionais mo\u00e7ambicanas incluem banana-da-terra, mandioca, batata doce, milho-mi\u00fado e sorgo, milho, feij\u00e3o e amendoim.\u00a0De tempos em tempos, as culturas comerciais mais valiosas do mundo t\u00eam sido o algod\u00e3o, o ch\u00e1, o cacau, a baunilha e o tabaco.\u00a0No entanto, muitos agricultores trocaram bens alimentares para satisfazer as suas necessidades financeiras imediatas.\u00a0Portanto, a Tractors Mo\u00e7ambique est\u00e1 aqui para os agricultores de Mo\u00e7ambique venderem equipamentos agr\u00edcolas, como toldos dobr\u00e1veis.<\/p>\n<h2>O que vendemos?<\/h2>\n<p>A utiliza\u00e7\u00e3o de nossos equipamentos melhora a efici\u00eancia das opera\u00e7\u00f5es de semeadura, colheita e debulha.\u00a0Em Mo\u00e7ambique, somos a \u00fanica empresa que oferece novos tractores Massey Ferguson.\u00a0Se voc\u00ea est\u00e1 procurando\u00a0<a href=\"https:\/\/www.tractors.co.mz\/pt\/product-category\/tratores\/massey-ferguson\/\"><strong>tratores Massey Ferguson<\/strong><\/a>\u00a0novos , n\u00f3s podemos ajudar.\u00a0Temos acesso a uma variedade de m\u00e1quinas agr\u00edcolas \u00e0 venda em Mo\u00e7ambique, incluindo pe\u00e7as essenciais para tratores.<\/p>\n<h2>Dossel dobr\u00e1vel<\/h2>\n<p>A prote\u00e7\u00e3o contra condi\u00e7\u00f5es adversas como luz solar, altas temperaturas ou chuva \u00e9 essencial e os agricultores precisam de algo remov\u00edvel ou acess\u00f3rio de f\u00e1cil acesso para proteg\u00ea-los de tais condi\u00e7\u00f5es.\u00a0Conseq\u00fcentemente, as coberturas dobr\u00e1veis \u200b\u200btornaram-se uma das op\u00e7\u00f5es mais vi\u00e1veis \u200b\u200bpara os agricultores enquanto operam um trator ou uma\u00a0colheitadeira\u00a0.<\/p>\n<p>Fabricada com materiais brilhantes e com um design perfeito, a nossa cobertura dobr\u00e1vel est\u00e1 a conquistar o mercado de Mo\u00e7ambique.\u00a0Nossos velames s\u00e3o ajust\u00e1veis \u200b\u200bpara inclina\u00e7\u00e3o e v\u00eam com ajustes para cima e para baixo.\u00a0\u00c9 chamado de dossel dobr\u00e1vel porque pode ser dobrado e dobrado para tr\u00e1s.\u00a0<span class=\"\">As coberturas dobr\u00e1veis \u200b\u200bprotegem os agricultores da chuva e de outras mudan\u00e7as clim\u00e1ticas.<\/span><\/p>\n<h2><span class=\"VIpgJd-yAWNEb-VIpgJd-fmcmS-sn54Q\">Quais s\u00e3o os benef\u00edcios de usar um dossel dobr\u00e1vel?<\/span><\/h2>\n<p>H\u00e1 muita chuva e condi\u00e7\u00f5es adversas em Mo\u00e7ambique.\u00a0Para proteger o motorista do trator de chuvas inesperadas, pode ser usada uma capota dobr\u00e1vel.\u00a0Condi\u00e7\u00f5es adversas apresentam maiores dificuldades, por isso \u00e9 necess\u00e1ria alguma prote\u00e7\u00e3o para o operador.\u00a0Assim, coberturas dobr\u00e1veis \u200b\u200bpodem ser usadas nesse sentido.<\/p>\n<h2>Benef\u00edcios de um dossel dobr\u00e1vel?<\/h2>\n<p>A Tractors Mo\u00e7ambique est\u00e1 ao servi\u00e7o dos agricultores h\u00e1 um per\u00edodo bastante extenso.\u00a0Consideramos nossos clientes nossa fam\u00edlia e queremos facilit\u00e1-los com o que temos de melhor.\u00a0A nossa empresa tem grande experi\u00eancia em satisfazer as necessidades dos agricultores mo\u00e7ambicanos, fornecendo-lhes os\u00a0tractores e equipamentos agr\u00edcolas\u00a0desejados , como uma capota dobr\u00e1vel, a pre\u00e7os acess\u00edveis.\u00a0Garantimos o melhor aos agricultores de Mo\u00e7ambique e em troca exigimos apenas confian\u00e7a.\u00a0Portanto, sugerimos definitivamente que os agricultores de Mo\u00e7ambique comprem uma capota dobr\u00e1vel para o seu trator.\u00a0Voc\u00ea pode visitar nosso site e entrar em contato conosco diretamente para comprar o produto desejado.<\/p>\n","protected":false},"excerpt":{"rendered":"<p>Capota dobr\u00e1vel dispon\u00edvel na Tractors Mo\u00e7ambique Os resultados e realiza\u00e7\u00f5es agr\u00edcolas excepcionais em Mo\u00e7ambique devem-se em grande parte \u00e0 receptividade do pa\u00eds aos m\u00e9todos e tecnologias agr\u00edcolas contempor\u00e2neos e \u00e0s perfeitas condi\u00e7\u00f5es agr\u00edcolas do pa\u00eds.\u00a0Em Mo\u00e7ambique, os agricultores obt\u00eam os melhores resultados ao combinar m\u00e9todos antigos com m\u00e9todos mais recentes que utilizam maquinaria agr\u00edcola de [&hellip;]<\/p>\n","protected":false},"featured_media":1133,"template":"","meta":[],"product_brand":[],"product_cat":[60,27],"product_tag":[],"class_list":{"0":"post-734","1":"product","2":"type-product","3":"status-publish","4":"has-post-thumbnail","6":"product_cat-acessorios","7":"product_cat-pecas-e-acessorios","9":"first","10":"instock","11":"product-type-simple"},"aioseo_notices":[],"_links":{"self":[{"href":"https:\/\/www.tractors.co.mz\/pt\/wp-json\/wp\/v2\/product\/734","targetHints":{"allow":["GET"]}}],"collection":[{"href":"https:\/\/www.tractors.co.mz\/pt\/wp-json\/wp\/v2\/product"}],"about":[{"href":"https:\/\/www.tractors.co.mz\/pt\/wp-json\/wp\/v2\/types\/product"}],"wp:featuredmedia":[{"embeddable":true,"href":"https:\/\/www.tractors.co.mz\/pt\/wp-json\/wp\/v2\/media\/1133"}],"wp:attachment":[{"href":"https:\/\/www.tractors.co.mz\/pt\/wp-json\/wp\/v2\/media?parent=734"}],"wp:term":[{"taxonomy":"product_brand","embeddable":true,"href":"https:\/\/www.tractors.co.mz\/pt\/wp-json\/wp\/v2\/product_brand?post=734"},{"taxonomy":"product_cat","embeddable":true,"href":"https:\/\/www.tractors.co.mz\/pt\/wp-json\/wp\/v2\/product_cat?post=734"},{"taxonomy":"product_tag","embeddable":true,"href":"https:\/\/www.tractors.co.mz\/pt\/wp-json\/wp\/v2\/product_tag?post=734"}],"curies":[{"name":"wp","href":"https:\/\/api.w.org\/{rel}","templated":true}]}}