{"id":727,"date":"2022-05-10T10:57:51","date_gmt":"2022-05-10T10:57:51","guid":{"rendered":"https:\/\/www.tractors.co.tz\/?post_type=product&#038;p=727"},"modified":"2023-11-30T11:00:29","modified_gmt":"2023-11-30T11:00:29","slug":"cabine","status":"publish","type":"product","link":"https:\/\/www.tractors.co.mz\/pt\/product\/cabine\/","title":{"rendered":"Cabine"},"content":{"rendered":"<h1>Tractors Mo\u00e7ambique Vende Cabinas de Tractores<\/h1>\n<p>A agricultura foi revolucionada pelo uso de tecnologia moderna, que substituiu o trabalho humano pelo trabalho mec\u00e2nico.\u00a0As m\u00e1quinas mais comuns nas explora\u00e7\u00f5es agr\u00edcolas de Mo\u00e7ambique s\u00e3o os tractores, colheitadeiras e alfaias agr\u00edcolas, que j\u00e1 existem h\u00e1 muito tempo.<\/p>\n<p>Os tratores perderam uma fun\u00e7\u00e3o para as colheitadeiras autopropelidas de diferentes fabricantes, como a Kubota, mas os tratores ainda realizam a maior parte do trabalho nas fazendas contempor\u00e2neas devido \u00e0 sua flexibilidade.\u00a0Existem muitos tipos diferentes de acess\u00f3rios e equipamentos que podem ser usados \u200b\u200bcom tratores, tornando-os uma ferramenta extremamente \u00fatil para os agricultores.<\/p>\n<p>Assim,\u00a0a Tractors Mo\u00e7ambique\u00a0fornece cabines de alta qualidade que protegem os agricultores das diversas condi\u00e7\u00f5es adversas quando est\u00e3o nos tratores.<\/p>\n<h2>Revendedor de acess\u00f3rios para tratores<\/h2>\n<p>Os agricultores de Mo\u00e7ambique precisavam de algu\u00e9m em quem pudessem confiar totalmente para o seu equipamento agr\u00edcola, para que pudessem ter um sector agr\u00edcola modernizado.\u00a0A Tractors Mo\u00e7ambique \u00e9 uma empresa que oferece cabines de\u00a0<strong><a href=\"https:\/\/www.tractors.co.mz\/pt\/contate-nos\/\">tratores para venda em Mo\u00e7ambique<\/a><\/strong>\u00a0.\u00a0Tractors Mo\u00e7ambique \u00e9 uma grande empresa revendedora de tratores em Mo\u00e7ambique que tem novos tratores Massey Ferguson e tratores New Holland dispon\u00edveis para venda.\u00a0A pre\u00e7os muito razo\u00e1veis, temos cabines fabricadas pela empresa Massey Ferguson em Mo\u00e7ambique.<\/p>\n<h2>Cabine<\/h2>\n<p>Condi\u00e7\u00f5es adversas como chuvas cont\u00ednuas ou tempestades apresentam maiores dificuldades na opera\u00e7\u00e3o dos tratores ou colheitadeiras.\u00a0O calor escaldante naquela parte da terra torna imposs\u00edvel trabalhar \u00e0 luz do dia.\u00a0Portanto, os agricultores de Mo\u00e7ambique precisam de algo que os proteja dessas duras condi\u00e7\u00f5es de trabalho.\u00a0A Tractors Mo\u00e7ambique fornece aos agricultores de Mo\u00e7ambique um acess\u00f3rio conhecido como cabine para proteg\u00ea-los de tais condi\u00e7\u00f5es.\u00a0A cabine de um trator agr\u00edcola oferece um ambiente confort\u00e1vel para o operador dos tratores ou outros equipamentos agr\u00edcolas, protegendo o operador do calor, chuva ou tempestades e reduzindo significativamente as vibra\u00e7\u00f5es e o ru\u00eddo.\u00a0Nossa cabine \u00e9 fabricada de uma maneira t\u00e3o incr\u00edvel que pode caber em quase todos os modelos de\u00a0<a href=\"https:\/\/www.tractors.co.mz\/pt\/product-category\/tratores\/massey-ferguson\/\"><strong>tratores Massey Ferguson<\/strong><\/a>\u00a0.\u00a0Nossas cabines com temperatura controlada facilitam o trabalho durante o ver\u00e3o.<\/p>\n<h2>Como o uso de cabines \u00e9 ben\u00e9fico?<\/h2>\n<p>As mudan\u00e7as clim\u00e1ticas t\u00eam efeitos diferentes no corpo humano e o corpo humano pode tornar-se suscet\u00edvel a certos tipos de doen\u00e7as se n\u00e3o for protegido.\u00a0Da\u00ed a nossa cabana que vendemos em Mo\u00e7ambique protege os agricultores de Mo\u00e7ambique das mudan\u00e7as clim\u00e1ticas mo\u00e7ambicanas.\u00a0Fora isso, nossas cabines s\u00e3o fabricadas com material muito dur\u00e1vel e duradouro e nem sequer se movem quando as mudan\u00e7as nas condi\u00e7\u00f5es lan\u00e7am sua ira sobre a terra.\u00a0Conseq\u00fcentemente, algu\u00e9m definitivamente precisaria de uma cabine de qualidade t\u00e3o imaculada para seu pr\u00f3prio bem.<\/p>\n<h2>Trazer inova\u00e7\u00e3o aos agricultores de Mo\u00e7ambique<\/h2>\n<p>Os pa\u00edses que optaram pela inova\u00e7\u00e3o na sua agricultura experimentaram uma diferen\u00e7a maior.\u00a0Doravante, os agricultores mo\u00e7ambicanos est\u00e3o agora tamb\u00e9m a optar por um sistema agr\u00edcola largamente mecanizado para obterem um maior rendimento e aumentarem os lucros das suas colheitas.\u00a0A Tractors Mo\u00e7ambique quer ajudar os agricultores de Mo\u00e7ambique a faz\u00ea-lo, fornecendo para venda excelentes equipamentos agr\u00edcolas incorporados com novas tecnologias.\u00a0Garantimos o melhor aos agricultores de Mo\u00e7ambique e em troca exigimos apenas confian\u00e7a.\u00a0Voc\u00ea pode visitar nosso site e entrar em contato conosco diretamente para comprar o produto desejado.<\/p>\n","protected":false},"excerpt":{"rendered":"<p>Tractors Mo\u00e7ambique Vende Cabinas de Tractores A agricultura foi revolucionada pelo uso de tecnologia moderna, que substituiu o trabalho humano pelo trabalho mec\u00e2nico.\u00a0As m\u00e1quinas mais comuns nas explora\u00e7\u00f5es agr\u00edcolas de Mo\u00e7ambique s\u00e3o os tractores, colheitadeiras e alfaias agr\u00edcolas, que j\u00e1 existem h\u00e1 muito tempo. Os tratores perderam uma fun\u00e7\u00e3o para as colheitadeiras autopropelidas de diferentes [&hellip;]<\/p>\n","protected":false},"featured_media":825,"template":"","meta":[],"product_brand":[],"product_cat":[60,27],"product_tag":[],"class_list":{"0":"post-727","1":"product","2":"type-product","3":"status-publish","4":"has-post-thumbnail","6":"product_cat-acessorios","7":"product_cat-pecas-e-acessorios","9":"first","10":"instock","11":"shipping-taxable","12":"product-type-simple"},"aioseo_notices":[],"_links":{"self":[{"href":"https:\/\/www.tractors.co.mz\/pt\/wp-json\/wp\/v2\/product\/727","targetHints":{"allow":["GET"]}}],"collection":[{"href":"https:\/\/www.tractors.co.mz\/pt\/wp-json\/wp\/v2\/product"}],"about":[{"href":"https:\/\/www.tractors.co.mz\/pt\/wp-json\/wp\/v2\/types\/product"}],"wp:featuredmedia":[{"embeddable":true,"href":"https:\/\/www.tractors.co.mz\/pt\/wp-json\/wp\/v2\/media\/825"}],"wp:attachment":[{"href":"https:\/\/www.tractors.co.mz\/pt\/wp-json\/wp\/v2\/media?parent=727"}],"wp:term":[{"taxonomy":"product_brand","embeddable":true,"href":"https:\/\/www.tractors.co.mz\/pt\/wp-json\/wp\/v2\/product_brand?post=727"},{"taxonomy":"product_cat","embeddable":true,"href":"https:\/\/www.tractors.co.mz\/pt\/wp-json\/wp\/v2\/product_cat?post=727"},{"taxonomy":"product_tag","embeddable":true,"href":"https:\/\/www.tractors.co.mz\/pt\/wp-json\/wp\/v2\/product_tag?post=727"}],"curies":[{"name":"wp","href":"https:\/\/api.w.org\/{rel}","templated":true}]}}