{"id":714,"date":"2022-10-11T12:14:40","date_gmt":"2022-10-11T12:14:40","guid":{"rendered":"https:\/\/www.tractors.co.tz\/?post_type=product&#038;p=714"},"modified":"2025-02-27T10:39:55","modified_gmt":"2025-02-27T10:39:55","slug":"massive-390-4wd-trator","status":"publish","type":"product","link":"https:\/\/www.tractors.co.mz\/pt\/product\/massive-390-4wd-trator\/","title":{"rendered":"Massive Trator 390 4WD SE em Mo\u00e7ambique"},"content":{"rendered":"<p><span data-mce-type=\"bookmark\" style=\"width: 0px;overflow: hidden;line-height: 0\" class=\"mce_SELRES_start\">\ufeff<\/span><\/p>\n<p>Procurando um trator agr\u00edcola voltado para a qualidade e que trabalhe incansavelmente em suas fazendas?\u00a0A Massive Tractors traz at\u00e9 voc\u00ea sua requintada linha de tratores agr\u00edcolas cujo desempenho agr\u00edcola din\u00e2mico \u00e9 testemunhado por todos.<\/p>\n<h2>Estrutura maci\u00e7a e de constru\u00e7\u00e3o exclusiva<\/h2>\n<p>Os Massive Tractors s\u00e3o tratores agr\u00edcolas \u00fanicos, constru\u00eddos de forma \u00fanica e integrados com tecnologia moderna para atender \u00e0s necessidades agr\u00edcolas dos agricultores carentes.\u00a0Esses tratores s\u00e3o dotados de bombas hidr\u00e1ulicas e cilindros hidr\u00e1ulicos, aumentando sua credibilidade.\u00a0Al\u00e9m disso, s\u00e3o acess\u00edveis e n\u00e3o exigem despesas extravagantes de manuten\u00e7\u00e3o, se mantidos de maneira adequada, tornando-os econ\u00f4micos em todos os aspectos.<\/p>\n<p>Para tornar estes tratores agr\u00edcolas dur\u00e1veis, \u00e9 utilizado a\u00e7o de qualidade, comprovando sua estabilidade mesmo nas piores paisagens.\u00a0A sua f\u00e1cil opera\u00e7\u00e3o e f\u00e1cil acessibilidade s\u00e3o o que fazem da Massive Tractors a marca de tractores mais favor\u00e1vel entre os agricultores mo\u00e7ambicanos.<\/p>\n<h2>Sem estresse e frut\u00edfero<\/h2>\n<p>A Tractors Mo\u00e7ambique oferece uma gama de tractores agr\u00edcolas altamente produtivos e econ\u00f3micos, identificados como Tractores Massivos.\u00a0<a href=\"https:\/\/www.tractors.co.mz\/pt\/product-category\/tratores\/massive-tractors\/\"><strong>Os<\/strong>\u00a0<strong>Tractores Massivos \u00e0 venda em Mo\u00e7ambique<\/strong><\/a>\u00a0simplificaram as medidas agr\u00edcolas, elevando assim o padr\u00e3o da agricultura moderna.\u00a0O crescimento das culturas prim\u00e1rias essenciais de Mo\u00e7ambique tem registado um aumento quando a colheita \u00e9 feita atrav\u00e9s de Tractores Massivos.\u00a0Al\u00e9m disso, com os Massive Tractors, a qualidade das colheitas mo\u00e7ambicanas n\u00e3o \u00e9 de todo comprometida.\u00a0Desta forma, os agricultores mo\u00e7ambicanos podem usufruir da vantagem de aumentar a qualidade e tamb\u00e9m a quantidade.<\/p>\n<h2>O enorme trator 390 4WD<\/h2>\n<p>O din\u00e2mico Massive Tractor 390 est\u00e1 dispon\u00edvel exclusivamente na op\u00e7\u00e3o de trac\u00e7\u00e3o \u00e0s 4 rodas na Tractors Mo\u00e7ambique.\u00a0O Massive Tractor 390 \u00e9 fornecido com um motor diesel Perkins de elite, amplificando prolificamente todo o trator.\u00a0Este trator \u00e9 o trator utilit\u00e1rio mais cobi\u00e7ado e, como tal, continuou a sair da linha de produ\u00e7\u00e3o por muitos anos.<\/p>\n<p>Este trator \u00e9 composto por 4 cilindros, resfriados com l\u00edquido refrigerante e deduz uma pot\u00eancia de 80 CV.\u00a0Dentro deste Massive Tractor multipot\u00eancia, voc\u00ea encontrar\u00e1 tr\u00eas modos de transmiss\u00e3o.<\/p>\n<ul>\n<li>O tipo de transmiss\u00e3o de dente reto deslizante requer 8 marchas para avan\u00e7ar e 2 marchas para retroceder.<\/li>\n<li>A transmiss\u00e3o multipot\u00eancia ou de mudan\u00e7a parcial requer 12 marchas para avan\u00e7ar e 4 marchas para r\u00e9.<\/li>\n<li>A transmiss\u00e3o sincronizada fornece ao trator 12 velocidades para avan\u00e7ar e 4 marchas para retroceder.<\/li>\n<\/ul>\n<p>A dist\u00e2ncia ao solo do poderoso trator 4WD \u00e9 medida em 0,33 m, o que \u00e9 um pouco maior do que a sua vers\u00e3o 2WD.\u00a0Tendo uma fonte de energia mediana, toda uma vasta gama de implementos agr\u00edcolas s\u00e3o compat\u00edveis com este trator competitivo, incluindo carregadores frontais, bowsers, etc. Estes implementos agr\u00edcolas podem ser fixados \u00e0 frente ou atr\u00e1s, dependendo da natureza.\u00a0Este trator foi projetado com cuidado suficiente para garantir que n\u00e3o emita emiss\u00f5es prejudiciais \u00e0 vida.<\/p>\n<h2>Antes tarde do que nunca<\/h2>\n<p>\u00c9 melhor voc\u00ea come\u00e7ar a investir em nossa linha de tratores agr\u00edcolas\u00a0acess\u00edveis e rica em benef\u00edcios\u00a0, conhecida como Tratores Massivos, antes que seja tarde demais e n\u00e3o haja mais nada do que se arrepender.\u00a0Para sua comodidade, voc\u00ea pode encontrar as ofertas mais interessantes em Massive Tractors exclusivamente na Tractors Mo\u00e7ambique.\u00a0A Tractors Mo\u00e7ambique, sendo o revendedor de tratores aclamado mundialmente, est\u00e1 no neg\u00f3cio para atender clientes com algum invent\u00e1rio agr\u00edcola de outro mundo.\u00a0Ent\u00e3o pegue o seu, antes que acabe o estoque, corra agora!<\/p>\n","protected":false},"excerpt":{"rendered":"<p>Modelo \/ Tipo: Massive 390 4WD<br \/>\nPot\u00eancia de cavalo: 85hp<br \/>\nTransmiss\u00e3o: Manual<br \/>\nMotor: 4.1D<br \/>\nCor: Vermelho<br \/>\nCondi\u00e7\u00e3o: Novo<\/p>\n","protected":false},"featured_media":2042,"template":"","meta":[],"product_brand":[],"product_cat":[26,28],"product_tag":[],"class_list":{"0":"post-714","1":"product","2":"type-product","3":"status-publish","4":"has-post-thumbnail","6":"product_cat-massive-tractors","7":"product_cat-tratores","9":"first","10":"instock","11":"product-type-simple"},"aioseo_notices":[],"_links":{"self":[{"href":"https:\/\/www.tractors.co.mz\/pt\/wp-json\/wp\/v2\/product\/714","targetHints":{"allow":["GET"]}}],"collection":[{"href":"https:\/\/www.tractors.co.mz\/pt\/wp-json\/wp\/v2\/product"}],"about":[{"href":"https:\/\/www.tractors.co.mz\/pt\/wp-json\/wp\/v2\/types\/product"}],"wp:featuredmedia":[{"embeddable":true,"href":"https:\/\/www.tractors.co.mz\/pt\/wp-json\/wp\/v2\/media\/2042"}],"wp:attachment":[{"href":"https:\/\/www.tractors.co.mz\/pt\/wp-json\/wp\/v2\/media?parent=714"}],"wp:term":[{"taxonomy":"product_brand","embeddable":true,"href":"https:\/\/www.tractors.co.mz\/pt\/wp-json\/wp\/v2\/product_brand?post=714"},{"taxonomy":"product_cat","embeddable":true,"href":"https:\/\/www.tractors.co.mz\/pt\/wp-json\/wp\/v2\/product_cat?post=714"},{"taxonomy":"product_tag","embeddable":true,"href":"https:\/\/www.tractors.co.mz\/pt\/wp-json\/wp\/v2\/product_tag?post=714"}],"curies":[{"name":"wp","href":"https:\/\/api.w.org\/{rel}","templated":true}]}}