{"id":702,"date":"2022-10-11T12:14:40","date_gmt":"2022-10-11T12:14:40","guid":{"rendered":"https:\/\/www.tractors.co.tz\/?post_type=product&#038;p=702"},"modified":"2025-05-21T13:51:50","modified_gmt":"2025-05-21T13:51:50","slug":"massive-290-4wd-trator","status":"publish","type":"product","link":"https:\/\/www.tractors.co.mz\/pt\/product\/massive-290-4wd-trator\/","title":{"rendered":"Massive Trator 290 4WD em Mo\u00e7ambique"},"content":{"rendered":"<p>Obter o\u00a0trator agr\u00edcola mais acess\u00edvel e produtivo de Mo\u00e7ambique\u00a0\u00e9 agora poss\u00edvel.\u00a0A Tractors Mo\u00e7ambique oferece cobertura para voc\u00ea em rela\u00e7\u00e3o \u00e0s necessidades agr\u00edcolas e de cultivo em Mo\u00e7ambique.<\/p>\n<h2>Ve\u00edculos para passeios off-road<\/h2>\n<p>Geralmente, para viagens off-road, s\u00e3o escolhidos ve\u00edculos semelhantes a caminh\u00f5es.\u00a0Esses ve\u00edculos diferem dos autom\u00f3veis convencionais, pois apresentam controle de tra\u00e7\u00e3o em baixa velocidade, mecanismo de unidade de pot\u00eancia independente e capacidade de alternar facilmente entre campos off-road.\u00a0Esses ve\u00edculos s\u00e3o denominados tratores e s\u00e3o de import\u00e2ncia crucial para o desenvolvimento agr\u00edcola.\u00a0Todos estes tratores de melhor qualidade e com as caracter\u00edsticas acima mencionadas est\u00e3o dispon\u00edveis exclusivamente na Tractors Mo\u00e7ambique.<\/p>\n<p>Para conduzir sem medo e suavemente nos campos agr\u00edcolas fora de estrada, a Tractors Mo\u00e7ambique oferece tractores agr\u00edcolas robustos e robustos, nomeadamente Tractores Massive, que t\u00eam uma pot\u00eancia razo\u00e1vel e os motores potentes e as rodas enormes coordenam-se entre si para impulsionar sem esfor\u00e7o.<\/p>\n<h2>Temos uma solu\u00e7\u00e3o agr\u00edcola para voc\u00ea!<\/h2>\n<p>Cansado de fazer um esfor\u00e7o extra nas pr\u00e1ticas agr\u00edcolas?\u00a0Quer que suas tarefas agr\u00edcolas sejam realizadas rapidamente?\u00a0Temos para voc\u00ea a solu\u00e7\u00e3o agr\u00edcola mais econ\u00f4mica e orientada para resultados, que mudar\u00e1 a forma de cultivar.\u00a0O trator agr\u00edcola mais cobi\u00e7ado, da s\u00e9rie Massive Tractor, \u00e9 sem d\u00favida o Massive Tractor 290 4WD.\u00a0Com as suas rodas bulbosas e robustas, este tractor pode funcionar como uma fera nos campos mo\u00e7ambicanos.\u00a0O motor diesel Perkins de alto potencial permite que os tratores 290 tenham o controle de tra\u00e7\u00e3o necess\u00e1rio e uma pot\u00eancia de 90 HP \u00e9 suficiente para suportar atividades agr\u00edcolas extenuantes, incluindo reboque, tra\u00e7\u00e3o, colheita, ara\u00e7\u00e3o e cultivo.\u00a0Al\u00e9m de auxiliar nas fun\u00e7\u00f5es agr\u00edcolas, o Massive Tractor 290 4WD tamb\u00e9m \u00e9 bastante popular para opera\u00e7\u00f5es comerciais e industriais.<\/p>\n<p>Com dire\u00e7\u00e3o hidr\u00e1ulica, \u00f3timos sistemas hidr\u00e1ulicos e capacidade de refrigera\u00e7\u00e3o l\u00edquida, o novo Massive Tractor 290 \u00e9 definitivamente uma atra\u00e7\u00e3o imperd\u00edvel!\u00a0Este trator com tra\u00e7\u00e3o nas quatro rodas \u00e9 imenso e gigantesco, e com um enorme tanque de combust\u00edvel, os longos passeios agr\u00edcolas descomprometidos s\u00e3o o que diferencia este trator dos demais.\u00a0A capacidade aproximada de combust\u00edvel armazenada de uma s\u00f3 vez \u00e9 medida em 90 L, a partir de agora este trator pode colher alguns quil\u00f4metros realmente bons quando estiver completamente cheio.<\/p>\n<p>O tipo de transmiss\u00e3o de in\u00edcio \u00e9 do tipo reto deslizante, composto por 8 marchas \u00e0 frente e 2 marchas \u00e0 r\u00e9.\u00a0Este tipo de transmiss\u00e3o manual \u00e9 f\u00e1cil de manusear e manter, o que o torna altamente desej\u00e1vel em todo o cl\u00e3 de agricultores.\u00a0Al\u00e9m disso, o melhor \u00e9 que o Massive Tractor 290 4WD \u00e9 bastante leve no bolso.<\/p>\n<h2>Deixe os tratores serem os reis agr\u00edcolas<\/h2>\n<p>Os tratores s\u00e3o cruciais para a sobreviv\u00eancia e o desenvolvimento do setor agr\u00edcola de qualquer pa\u00eds.\u00a0Com a actual progressividade no dom\u00ednio da tecnologia, o s\u00e9culo XXI\u00a0<sup>\u00e9<\/sup>\u00a0a nova era de impulso tecnol\u00f3gico.\u00a0Os tratores maci\u00e7os de hoje s\u00e3o repletos de recursos tecnol\u00f3gicos, incluindo v\u00e1lvulas termost\u00e1ticas, tac\u00f4metros, resfriadores de \u00f3leo, dire\u00e7\u00e3o hidr\u00e1ulica e sistemas hidr\u00e1ulicos.\u00a0Esses poderosos tratores n\u00e3o apenas ajudam no nivelamento suave do solo, mas tamb\u00e9m auxiliam na execu\u00e7\u00e3o de aplica\u00e7\u00f5es agr\u00edcolas mais suaves, sem incomodar a comunidade agr\u00edcola.\u00a0Devido ao desempenho din\u00e2mico dos\u00a0<a href=\"https:\/\/www.tractors.co.mz\/pt\/product-category\/tratores\/massive-tractors\/\"><strong>Massive Tractors<\/strong><\/a>\u00a0nos campos agr\u00edcolas mo\u00e7ambicanos, o crescimento das principais culturas \u00e9 afectado positivamente.\u00a0Assim, um Trator Massivo poderia colher rendimentos de colheitas atrav\u00e9s de seu desempenho preciso, mas eficaz, ao mesmo tempo em que economizava algum dinheiro e tempo.<\/p>\n<p>Ent\u00e3o pegue o seu na Tractors Mo\u00e7ambique e descanse um pouco.<\/p>\n","protected":false},"excerpt":{"rendered":"<p>Modelo \/ Tipo: Massive 290 4WD<br \/>\nPot\u00eancia de cavalo: 82hp<br \/>\nTransmiss\u00e3o: Manual<br \/>\nMotor: 4.1D<br \/>\nCor: Vermelho<br \/>\nCondi\u00e7\u00e3o: Novo<\/p>\n<p>Extras:<\/p>\n<p>Assento de luxo\u00a0com suspens\u00e3o de mola de alta pot\u00eancia ,<br \/>\ncontrole de posi\u00e7\u00e3o hidr\u00e1ulica<\/p>\n","protected":false},"featured_media":2003,"template":"","meta":[],"product_brand":[],"product_cat":[26,28],"product_tag":[],"class_list":{"0":"post-702","1":"product","2":"type-product","3":"status-publish","4":"has-post-thumbnail","6":"product_cat-massive-tractors","7":"product_cat-tratores","9":"first","10":"instock","11":"product-type-simple"},"aioseo_notices":[],"_links":{"self":[{"href":"https:\/\/www.tractors.co.mz\/pt\/wp-json\/wp\/v2\/product\/702","targetHints":{"allow":["GET"]}}],"collection":[{"href":"https:\/\/www.tractors.co.mz\/pt\/wp-json\/wp\/v2\/product"}],"about":[{"href":"https:\/\/www.tractors.co.mz\/pt\/wp-json\/wp\/v2\/types\/product"}],"wp:featuredmedia":[{"embeddable":true,"href":"https:\/\/www.tractors.co.mz\/pt\/wp-json\/wp\/v2\/media\/2003"}],"wp:attachment":[{"href":"https:\/\/www.tractors.co.mz\/pt\/wp-json\/wp\/v2\/media?parent=702"}],"wp:term":[{"taxonomy":"product_brand","embeddable":true,"href":"https:\/\/www.tractors.co.mz\/pt\/wp-json\/wp\/v2\/product_brand?post=702"},{"taxonomy":"product_cat","embeddable":true,"href":"https:\/\/www.tractors.co.mz\/pt\/wp-json\/wp\/v2\/product_cat?post=702"},{"taxonomy":"product_tag","embeddable":true,"href":"https:\/\/www.tractors.co.mz\/pt\/wp-json\/wp\/v2\/product_tag?post=702"}],"curies":[{"name":"wp","href":"https:\/\/api.w.org\/{rel}","templated":true}]}}