{"id":700,"date":"2022-10-11T12:14:40","date_gmt":"2022-10-11T12:14:40","guid":{"rendered":"https:\/\/www.tractors.co.tz\/?post_type=product&#038;p=700"},"modified":"2025-05-21T13:52:14","modified_gmt":"2025-05-21T13:52:14","slug":"massive-290-trator","status":"publish","type":"product","link":"https:\/\/www.tractors.co.mz\/pt\/product\/massive-290-trator\/","title":{"rendered":"Massive Trator 290 em Mo\u00e7ambique"},"content":{"rendered":"<p><span class=\"\">Voc\u00ea est\u00e1 cansado de investir em tratores agr\u00edcolas cada vez mais inflados, com compet\u00eancia reduzida e custos excessivos de manuten\u00e7\u00e3o?\u00a0<\/span>Veja como economizar algum dinheiro investindo em tratores agr\u00edcolas competentes e de baixa manuten\u00e7\u00e3o!<\/p>\n<h2>O melhor substituto para o gado agr\u00edcola<\/h2>\n<p>Os tratores de hoje foram revolucionados para atender \u00e0s necessidades agr\u00edcolas dos agricultores em dificuldades.\u00a0Estes agricultores tiveram de enfrentar circunst\u00e2ncias adversas previstas, incluindo fome, destrui\u00e7\u00e3o de colheitas devido \u00e0s condi\u00e7\u00f5es meteorol\u00f3gicas e muito mais.\u00a0Estas lutas agr\u00edcolas s\u00f3 podem ser travadas por uma s\u00e9rie de estruturas agr\u00edcolas r\u00edgidas e resilientes que possam combater as condi\u00e7\u00f5es clim\u00e1ticas e, simultaneamente, trabalhar arduamente para gerar culturas rent\u00e1veis.\u00a0Para isso, a Tractors Mo\u00e7ambique oferece uma competente gama de tractores agr\u00edcolas, reconhecidos como Massive Tractors.\u00a0O not\u00e1vel desempenho da\u00a0<a href=\"https:\/\/www.tractors.co.mz\/pt\/product-category\/tratores\/massive-tractors\/\"><strong>Massive Tratores em Mo\u00e7ambique<\/strong><\/a>\u00a0tornou-se o assunto da cidade.<\/p>\n<h2>Revendedores de tratores em socorro<\/h2>\n<p>Para fazer face \u00e0s exig\u00eancias agr\u00edcolas civilizadas dos agricultores mo\u00e7ambicanos, a Tractors Mo\u00e7ambique, sendo um aut\u00eantico e genu\u00edno\u00a0revendedor de tractores em Mo\u00e7ambique\u00a0, est\u00e1 a fornecer solu\u00e7\u00f5es agr\u00edcolas eminentes sob a forma de Tractores Massivos qualitativos de pot\u00eancia cred\u00edvel e categorizados em numerosas categorias.\u00a0Al\u00e9m disso, os nossos implementos agr\u00edcolas orientados para os resultados tamb\u00e9m ajudaram os agricultores mo\u00e7ambicanos nas suas extenuantes opera\u00e7\u00f5es agr\u00edcolas di\u00e1rias.<\/p>\n<p>Poder\u00e1 encontrar uma gama exclusiva de Tractores Massive novos, mantidos dentro da faixa de pre\u00e7o marginal inferior, adequados para cada bolso dos agricultores mo\u00e7ambicanos.\u00a0Al\u00e9m disso, a Tractors Mo\u00e7ambique obteve um enorme sucesso em termos de fornecimento cont\u00ednuo da mais cobi\u00e7ada gama de recursos agr\u00edcolas, incluindo a Massive Tractors.<\/p>\n<h2>Massive Tractor 290: Uma quantidade de tecnologia e habilidade<\/h2>\n<p>Tecnicamente, v\u00e1rios tratores n\u00e3o s\u00e3o atualizados com os recursos tecnol\u00f3gicos em constante mudan\u00e7a.\u00a0No entanto, os Tractores Massive \u00e0 venda na Tractors Mo\u00e7ambique s\u00e3o os tractores mais habilidosos e tecnol\u00f3gicos, cujo desempenho agr\u00edcola \u00e9 incompar\u00e1vel.\u00a0Um desses tratores \u00e9 o novo Massive Tractor 290 2WD atualizado.\u00a0O poderoso motor diesel de inje\u00e7\u00e3o direta Perkins qualifica este trator para executar opera\u00e7\u00f5es agr\u00edcolas como um animal.<\/p>\n<p>Apresentando fonte de pot\u00eancia de 90 HP, carroceria resiliente e peso bruto de 2.500 kg, o torna o trator agr\u00edcola mais escolhido para uma execu\u00e7\u00e3o mais suave de aplica\u00e7\u00f5es agr\u00edcolas.\u00a0Em diversas opera\u00e7\u00f5es agr\u00edcolas, colheita, ro\u00e7ada, semeadura, etc., os agricultores preferem utilizar o Massive Tractor 290 2WD por seu peso suficientemente baixo, op\u00e7\u00e3o de tra\u00e7\u00e3o nas duas rodas e maior efici\u00eancia para realizar facilmente opera\u00e7\u00f5es de aumento de rendimento das colheitas.<\/p>\n<p>Um sistema hidr\u00e1ulico melhorado e um sistema de liga\u00e7\u00e3o de 3 pontos Ferguson f\u00e1cil de operar permitem que o tractor mediado se mova facilmente atrav\u00e9s do solo mais h\u00famido e lamacento dos campos mo\u00e7ambicanos.\u00a0Al\u00e9m disso, para fun\u00e7\u00f5es de transporte e eleva\u00e7\u00e3o, o Massive Tractor 290 \u00e9 um dos melhores riscos a correr.<\/p>\n<h2>Prosperidade agr\u00edcola<\/h2>\n<p>Uma das maneiras mais f\u00e1ceis de trazer prosperidade \u00e0s terras \u00e1ridas \u00e9 atrav\u00e9s da moderniza\u00e7\u00e3o ou mecaniza\u00e7\u00e3o das pr\u00e1ticas agr\u00edcolas convencionais.\u00a0Com a mecaniza\u00e7\u00e3o, os tratores capazes introduzidos podem melhorar rapidamente as quantidades de rendimento agr\u00edcola sem necessidade de esfor\u00e7os crescentes.\u00a0Com os Massive Tractors, opera\u00e7\u00f5es pesadas, incluindo reboque e tra\u00e7\u00e3o de navegadores pesados, podem ser realizadas sem esfor\u00e7o.\u00a0A \u00e1gua armazenada e transportada dentro destes navegadores pode ent\u00e3o ser usada para fertilizar as terras \u00e1ridas, tornando-as adequadas e produtivas para o cultivo de culturas prim\u00e1rias.<\/p>\n<p>Para a prosperidade agr\u00edcola, investir em Tratores Massivos \u00e9 a melhor decis\u00e3o que voc\u00ea pode tomar na vida.\u00a0Portanto, aproveite a oportunidade e obtenha a linha de tratores mais acess\u00edvel e adapt\u00e1vel para fazer parte de seu invent\u00e1rio agr\u00edcola \u00fatil.<\/p>\n","protected":false},"excerpt":{"rendered":"<p>Modelo \/ Tipo: Enormes 290<br \/>\nCavalos Pot\u00eancia: 82 HP<br \/>\nTransmiss\u00e3o: Manual<br \/>\nMotor: 4.1D<br \/>\nCor: Vermelho<br \/>\nCondi\u00e7\u00e3o: Novo<\/p>\n<p>Extras:<\/p>\n<p>Assento de luxo\u00a0com suspens\u00e3o de mola de alta pot\u00eancia ,<br \/>\ncontrole de posi\u00e7\u00e3o hidr\u00e1ulica<\/p>\n","protected":false},"featured_media":1994,"template":"","meta":[],"product_brand":[],"product_cat":[26,28],"product_tag":[],"class_list":{"0":"post-700","1":"product","2":"type-product","3":"status-publish","4":"has-post-thumbnail","6":"product_cat-massive-tractors","7":"product_cat-tratores","9":"first","10":"instock","11":"product-type-simple"},"aioseo_notices":[],"_links":{"self":[{"href":"https:\/\/www.tractors.co.mz\/pt\/wp-json\/wp\/v2\/product\/700","targetHints":{"allow":["GET"]}}],"collection":[{"href":"https:\/\/www.tractors.co.mz\/pt\/wp-json\/wp\/v2\/product"}],"about":[{"href":"https:\/\/www.tractors.co.mz\/pt\/wp-json\/wp\/v2\/types\/product"}],"wp:featuredmedia":[{"embeddable":true,"href":"https:\/\/www.tractors.co.mz\/pt\/wp-json\/wp\/v2\/media\/1994"}],"wp:attachment":[{"href":"https:\/\/www.tractors.co.mz\/pt\/wp-json\/wp\/v2\/media?parent=700"}],"wp:term":[{"taxonomy":"product_brand","embeddable":true,"href":"https:\/\/www.tractors.co.mz\/pt\/wp-json\/wp\/v2\/product_brand?post=700"},{"taxonomy":"product_cat","embeddable":true,"href":"https:\/\/www.tractors.co.mz\/pt\/wp-json\/wp\/v2\/product_cat?post=700"},{"taxonomy":"product_tag","embeddable":true,"href":"https:\/\/www.tractors.co.mz\/pt\/wp-json\/wp\/v2\/product_tag?post=700"}],"curies":[{"name":"wp","href":"https:\/\/api.w.org\/{rel}","templated":true}]}}