{"id":698,"date":"2022-10-11T12:14:40","date_gmt":"2022-10-11T12:14:40","guid":{"rendered":"https:\/\/www.tractors.co.tz\/?post_type=product&#038;p=698"},"modified":"2025-02-27T09:25:37","modified_gmt":"2025-02-27T09:25:37","slug":"massive-275-trator","status":"publish","type":"product","link":"https:\/\/www.tractors.co.mz\/pt\/product\/massive-275-trator\/","title":{"rendered":"Massive Trator 275 em Mo\u00e7ambique"},"content":{"rendered":"<p>Encontrando formas acess\u00edveis de amplificar as suas culturas prim\u00e1rias para sustentar a economia de Mo\u00e7ambique?\u00a0Aqui est\u00e1 como.<\/p>\n<h2>Gurus de tratores e revendedores de tratores<\/h2>\n<p>A Tractors Mo\u00e7ambique traz para voc\u00ea a variedade mais atualizada de tratores agr\u00edcolas compactos que n\u00e3o s\u00f3 reduzir\u00e3o o estresse agr\u00edcola, mas ser\u00e3o capazes de amplificar o crescimento das culturas prim\u00e1rias para sustentar a economia nacional.\u00a0Sendo reconhecidos como um dos\u00a0revendedores de tractores de alto perfil em Mo\u00e7ambique\u00a0, ajudamos os agricultores mo\u00e7ambicanos a trazer para casa os tractores agr\u00edcolas compactos da melhor qualidade a pre\u00e7os subsidiados.\u00a0Oferecemos uma gama competitiva de tratores Massive, nos quais voc\u00ea pode confiar para todas as pr\u00e1ticas agr\u00edcolas.\u00a0Na Tractors Mo\u00e7ambique, podemos fornecer-lhe os conselhos agr\u00edcolas mais informativos e \u00fateis relativamente \u00e0s suas preocupa\u00e7\u00f5es agr\u00edcolas.\u00a0N\u00f3s, sendo os gurus da agricultura e dos tratores, podemos ser de grande ajuda, cobrindo todos os aspectos da agricultura.<\/p>\n<h2>Leve no or\u00e7amento, mas pesado nos campos agr\u00edcolas<\/h2>\n<p>Com os agricultores conversando, os Massive Tractors se tornaram o assunto da cidade.\u00a0Sendo imensamente alimentados por um robusto e poderoso motor diesel Perkins, os Massive Tractors est\u00e3o determinados a ter um desempenho feroz em todas as terras agr\u00edcolas de Mo\u00e7ambique.\u00a0Uma vez investidos, esses tratores podem ter manuten\u00e7\u00e3o sem gerar muitos gastos.\u00a0Como a Tractors Mo\u00e7ambique est\u00e1 bem consciente das lutas agr\u00edcolas, deduziu dispositivos agr\u00edcolas de f\u00e1cil manuseamento e f\u00e1cil opera\u00e7\u00e3o, conhecidos como Tractores Massivos.\u00a0<a href=\"https:\/\/www.tractors.co.mz\/pt\/product-category\/tratores\/\"><strong>Os Tractores Enormes em Mo\u00e7ambique<\/strong><\/a>\u00a0s\u00e3o de f\u00e1cil opera\u00e7\u00e3o e manuten\u00e7\u00e3o e, mais importante, s\u00e3o de manuten\u00e7\u00e3o discreta.<\/p>\n<h2>O Massive Tractor 275 \u00e9 t\u00e3o robusto quanto um rinoceronte<\/h2>\n<p>O Massive Tractor \u00e9 um trator potente e robusto que pode acabar com seus problemas agr\u00edcolas.\u00a0Com suas caracter\u00edsticas espetaculares, os agricultores podem finalmente respirar aliviados.\u00a0O Massive Tractor tem uma pot\u00eancia enorme, representando 60 HP de pot\u00eancia reivindicada.\u00a0Com pot\u00eancia razo\u00e1vel, v\u00e1rios implementos agr\u00edcolas podem ser montados neste trator de qualidade.\u00a0Al\u00e9m disso, o motor tamb\u00e9m \u00e9 dotado de v\u00e1lvula termost\u00e1tica e sistema de emiss\u00e3o adequado, para inibir a emiss\u00e3o indevida de vapores de carbono.<\/p>\n<p>O n\u00edvel de conforto do Massive Tractor 275 elevou os padr\u00f5es, com dire\u00e7\u00e3o hidr\u00e1ulica, freios a disco mec\u00e2nicos diferenciais e sistema de assento de luxo com suspens\u00e3o de molas, a dire\u00e7\u00e3o do agricultor pode ser relaxada ao m\u00e1ximo.\u00a0Os agricultores mo\u00e7ambicanos t\u00eam estado de olho neste trator devido \u00e0 sua grande economia de combust\u00edvel, percorrendo quil\u00f3metros sem ter de se preocupar com reabastecimento.\u00a0A transmiss\u00e3o deste robusto trator \u00e9 do tipo dente reto deslizante, com 8 marchas \u00e0 frente, 2 marchas \u00e0 r\u00e9, e acoplada a 4 velocidades e faixas de diferencial.<\/p>\n<p>Escusado ser\u00e1 dizer que se voc\u00ea est\u00e1 com um or\u00e7amento apertado, o Massive Tractor 275 \u00e9 a ferramenta agr\u00edcola mais acess\u00edvel na qual voc\u00ea deve investir.<\/p>\n<h2>Invas\u00e3o de trator \u00e9 uma decis\u00e3o s\u00e1bia<\/h2>\n<p>Para o sucesso da cultura agr\u00edcola, a invas\u00e3o de tratores \u00e9 a decis\u00e3o mais s\u00e1bia.\u00a0Com os tratores agr\u00edcolas compactos, os problemas agr\u00edcolas relacionados com opera\u00e7\u00f5es pesadas s\u00e3o em grande parte resolvidos.\u00a0Tarefas agr\u00edcolas extenuantes, como arar, colher, cultivar e rebocar, s\u00e3o executadas adequadamente, consumindo menos tempo e menor esfor\u00e7o.\u00a0Os implementos agr\u00edcolas podem ser facilmente montados em tratores, aumentando a credibilidade do trator e, por \u00faltimo, com um desempenho exemplar do trator, o rendimento agr\u00edcola aumenta exponencialmente.<\/p>\n<p>Com os tratores agr\u00edcolas compactos dominando o mundo agr\u00edcola, agora \u00e9 a sua vez de investir em tratores massivos e obter os resultados mais produtivos.<\/p>\n","protected":false},"excerpt":{"rendered":"<p>Modelo \/ Tipo: Enormes 275<br \/>\nCavalos Pot\u00eancia: 72 HP<br \/>\nTransmiss\u00e3o: Manual<br \/>\nMotor: 4.1D<br \/>\nCor: Verde<br \/>\nCondi\u00e7\u00e3o: Novo<\/p>\n<p>Extras:<\/p>\n<p>Suspens\u00e3o alta\u00a0hidr\u00e1ulica da mola do poder do PTO do controle<br \/>\nde posi\u00e7\u00e3o assento de luxo<\/p>\n","protected":false},"featured_media":1987,"template":"","meta":[],"product_brand":[],"product_cat":[26,28],"product_tag":[],"class_list":{"0":"post-698","1":"product","2":"type-product","3":"status-publish","4":"has-post-thumbnail","6":"product_cat-massive-tractors","7":"product_cat-tratores","9":"first","10":"instock","11":"product-type-simple"},"aioseo_notices":[],"_links":{"self":[{"href":"https:\/\/www.tractors.co.mz\/pt\/wp-json\/wp\/v2\/product\/698","targetHints":{"allow":["GET"]}}],"collection":[{"href":"https:\/\/www.tractors.co.mz\/pt\/wp-json\/wp\/v2\/product"}],"about":[{"href":"https:\/\/www.tractors.co.mz\/pt\/wp-json\/wp\/v2\/types\/product"}],"wp:featuredmedia":[{"embeddable":true,"href":"https:\/\/www.tractors.co.mz\/pt\/wp-json\/wp\/v2\/media\/1987"}],"wp:attachment":[{"href":"https:\/\/www.tractors.co.mz\/pt\/wp-json\/wp\/v2\/media?parent=698"}],"wp:term":[{"taxonomy":"product_brand","embeddable":true,"href":"https:\/\/www.tractors.co.mz\/pt\/wp-json\/wp\/v2\/product_brand?post=698"},{"taxonomy":"product_cat","embeddable":true,"href":"https:\/\/www.tractors.co.mz\/pt\/wp-json\/wp\/v2\/product_cat?post=698"},{"taxonomy":"product_tag","embeddable":true,"href":"https:\/\/www.tractors.co.mz\/pt\/wp-json\/wp\/v2\/product_tag?post=698"}],"curies":[{"name":"wp","href":"https:\/\/api.w.org\/{rel}","templated":true}]}}