{"id":694,"date":"2022-10-11T12:14:40","date_gmt":"2022-10-11T12:14:40","guid":{"rendered":"https:\/\/www.tractors.co.tz\/?post_type=product&#038;p=694"},"modified":"2025-02-27T09:18:30","modified_gmt":"2025-02-27T09:18:30","slug":"massive-240s-trator","status":"publish","type":"product","link":"https:\/\/www.tractors.co.mz\/pt\/product\/massive-240s-trator\/","title":{"rendered":"Massive Trator 240S em Mo\u00e7ambique"},"content":{"rendered":"<p>Voc\u00ea est\u00e1 procurando um aliado agr\u00edcola confi\u00e1vel que possa estar com voc\u00ea nos bons e maus dom\u00ednios agr\u00edcolas?\u00a0Bem, voc\u00ea est\u00e1 aqui no lugar certo!\u00a0A Tractors Mo\u00e7ambique \u00e9 o revendedor de tratores mais adequado e ideal, onde as necessidades agr\u00edcolas s\u00e3o consideradas e atendidas.<\/p>\n<h2>Planejando economizar algum bom dinheiro em investimentos agr\u00edcolas?\u00a0Aqui est\u00e1 como!<\/h2>\n<p>Todos os agricultores do mundo est\u00e3o procurando maneiras de economizar alguns centavos e, ao mesmo tempo, maximizar seus recursos e produzir colheitas abundantes de qualidade.\u00a0Com a agricultura convencional, a maximiza\u00e7\u00e3o do rendimento das colheitas era considerada demasiado \u00e1rdua para ser realizada por um \u00fanico agricultor e eram necess\u00e1rios trabalhadores subsequentes.\u00a0No entanto, com tratores compactos, modernos e tecnol\u00f3gicos, maximizar o rendimento das colheitas \u00e9 muito f\u00e1cil e \u00e9 definitivamente tarefa de uma s\u00f3 pessoa.\u00a0Em Mo\u00e7ambique, um dos revendedores de tratores honestos e confi\u00e1veis \u200b\u200b\u00e9 identificado como Tractors Mo\u00e7ambique, que h\u00e1 anos fornece produtos agr\u00edcolas de qualidade para exporta\u00e7\u00e3o.\u00a0Esses produtos agr\u00edcolas s\u00e3o muito valiosos em termos de desempenho, mas definitivamente n\u00e3o pesam no bolso.<\/p>\n<p>Entre o nosso poderoso invent\u00e1rio, os Tractores Massivos s\u00e3o o assunto da cidade, s\u00e3o f\u00e1ceis de manter e valem cada c\u00eantimo, uma vez que funcionam para toda a vida, satisfazendo as necessidades agr\u00edcolas e fortalecendo o sistema agr\u00edcola de Mo\u00e7ambique.\u00a0Portanto, invista em tratores maci\u00e7os e maximize suas chances de produzir colheitas de qualidade com menos dificuldades agr\u00edcolas.<\/p>\n<h2>Compacto, r\u00e1pido e dur\u00e1vel, o Massive Tractor 240 \u00e9 uma \u00f3tima op\u00e7\u00e3o!<\/h2>\n<p>A acess\u00edvel e habilidosa linha Massive Tractor compreende diversos tratores compactos, subcompactos e utilit\u00e1rios, cuja credibilidade nos campos de cultivo \u00e9 ineg\u00e1vel.\u00a0O Massive Tractor 240, \u00e9 um dos tratores mais potentes e ao mesmo tempo mais compacto, com suas caracter\u00edsticas espl\u00eandidas, \u00e9 considerado o trator agr\u00edcola topo de linha.\u00a0Seu 2WD o torna menos pesado, robusto e manobr\u00e1vel.\u00a0O n\u00edvel de conforto deste trator \u00e9 projetado extraordinariamente, com assento de luxo com suspens\u00e3o de mola e motor diesel Perkins, este\u00a0<a href=\"https:\/\/www.tractors.co.mz\/pt\/\"><strong>trator em Mo\u00e7ambique<\/strong><\/a>\u00a0\u00e9 o melhor e mais vers\u00e1til trator.<\/p>\n<p>A transmiss\u00e3o deste trator compacto \u00e9 do tipo espora deslizante e circula moderadamente pelos campos mo\u00e7ambicanos, auxiliando em m\u00faltiplas fun\u00e7\u00f5es agr\u00edcolas, incluindo colheita, colheita, ara\u00e7\u00e3o, reboque, cultivo e outros enfeites.\u00a0Al\u00e9m do uso agr\u00edcola, o Massive Tractor 240 \u00e0 venda pode ser implantado para opera\u00e7\u00f5es comerciais e de constru\u00e7\u00e3o, economizando custos e tempo vitais.<\/p>\n<p>Os condutores agr\u00edcolas mo\u00e7ambicanos est\u00e3o frequentemente familiarizados com dispositivos operativos manuais, incluindo tractores agr\u00edcolas e\u00a0alfaias agr\u00edcolas\u00a0.\u00a0Assim, estes agricultores conhecem bem o manuseamento de um tractor de opera\u00e7\u00e3o manual como o de um Massive Tractor 240. Os agricultores mo\u00e7ambicanos preferem utilizar este tractor por ser compacto, acess\u00edvel e com uma \u00fanica substitui\u00e7\u00e3o de \u00f3leo, o desempenho do tractor de 50 HP, \u00e9 muito amplificado.<\/p>\n<h2>Uma solu\u00e7\u00e3o para seus dif\u00edceis problemas agr\u00edcolas<\/h2>\n<p>Para os agricultores mo\u00e7ambicanos, a colheita e a colheita eram bastante extenuantes e estes agricultores estavam demasiado absortos e exaustos, tanto mental como fisicamente.\u00a0Para os seus obscuros problemas agr\u00edcolas, n\u00e3o conseguiram encontrar solu\u00e7\u00f5es econ\u00f3micas e leves.\u00a0Mas com a Tractors Mo\u00e7ambique e a sua vasta gama de tractores agr\u00edcolas compactos e h\u00e1beis, estes agricultores suspiraram de al\u00edvio.\u00a0Com o uso persistente de tratores como o Massive Tractor 240, a execu\u00e7\u00e3o de m\u00faltiplas opera\u00e7\u00f5es agr\u00edcolas tornou-se mais f\u00e1cil e r\u00e1pida.\u00a0Simultaneamente, o crescimento das culturas prim\u00e1rias foi ampliado, incluindo tabaco, a\u00e7\u00facar, soja, etc. At\u00e9 hoje, a popularidade dos tratores maci\u00e7os tem aumentado devido aos seus m\u00faltiplos benef\u00edcios agr\u00edcolas, e isso tamb\u00e9m dentro de uma faixa razo\u00e1vel.<\/p>\n<p>Obtenha a linha mais exclusiva e popular de\u00a0<a href=\"https:\/\/www.tractors.co.mz\/pt\/product-category\/tratores\/massive-tractors\/\"><strong>tratores maci\u00e7os<\/strong><\/a>\u00a0para simplificar suas necessidades agr\u00edcolas.<\/p>\n","protected":false},"excerpt":{"rendered":"<p>Modelo \/ Tipo: Enormes 240<br \/>\nCavalos Pot\u00eancia: 50hp<br \/>\nTransmiss\u00e3o: Manual<br \/>\nMotor: 2.5D<br \/>\nCondi\u00e7\u00e3o: Novo<\/p>\n","protected":false},"featured_media":1968,"template":"","meta":[],"product_brand":[],"product_cat":[26,28],"product_tag":[],"class_list":{"0":"post-694","1":"product","2":"type-product","3":"status-publish","4":"has-post-thumbnail","6":"product_cat-massive-tractors","7":"product_cat-tratores","9":"first","10":"instock","11":"product-type-simple"},"aioseo_notices":[],"_links":{"self":[{"href":"https:\/\/www.tractors.co.mz\/pt\/wp-json\/wp\/v2\/product\/694","targetHints":{"allow":["GET"]}}],"collection":[{"href":"https:\/\/www.tractors.co.mz\/pt\/wp-json\/wp\/v2\/product"}],"about":[{"href":"https:\/\/www.tractors.co.mz\/pt\/wp-json\/wp\/v2\/types\/product"}],"wp:featuredmedia":[{"embeddable":true,"href":"https:\/\/www.tractors.co.mz\/pt\/wp-json\/wp\/v2\/media\/1968"}],"wp:attachment":[{"href":"https:\/\/www.tractors.co.mz\/pt\/wp-json\/wp\/v2\/media?parent=694"}],"wp:term":[{"taxonomy":"product_brand","embeddable":true,"href":"https:\/\/www.tractors.co.mz\/pt\/wp-json\/wp\/v2\/product_brand?post=694"},{"taxonomy":"product_cat","embeddable":true,"href":"https:\/\/www.tractors.co.mz\/pt\/wp-json\/wp\/v2\/product_cat?post=694"},{"taxonomy":"product_tag","embeddable":true,"href":"https:\/\/www.tractors.co.mz\/pt\/wp-json\/wp\/v2\/product_tag?post=694"}],"curies":[{"name":"wp","href":"https:\/\/api.w.org\/{rel}","templated":true}]}}