{"id":686,"date":"2022-10-11T12:14:40","date_gmt":"2022-10-11T12:14:40","guid":{"rendered":"https:\/\/www.tractors.co.tz\/?post_type=product&#038;p=686"},"modified":"2023-11-30T09:51:53","modified_gmt":"2023-11-30T09:51:53","slug":"dc-105x","status":"publish","type":"product","link":"https:\/\/www.tractors.co.mz\/pt\/product\/dc-105x\/","title":{"rendered":"Ceifeira-debulhadora Kubota DC-105X em Mo\u00e7ambique"},"content":{"rendered":"<p>Entre as pe\u00e7as de maquinaria agr\u00edcola mais fi\u00e1veis \u200b\u200be econ\u00f3micas no neg\u00f3cio agr\u00edcola, as\u00a0<strong><a href=\"https:\/\/www.tractors.co.mz\/pt\/product-category\/colheitadeiras\/\">ceifeiras-debulhadoras Kubota em Mo\u00e7ambique<\/a><\/strong>\u00a0constru\u00edram uma s\u00f3lida reputa\u00e7\u00e3o.\u00a0Com o alto n\u00edvel de efici\u00eancia e precis\u00e3o de uma colheitadeira, tanto os clientes de curto como de longo prazo ser\u00e3o beneficiados.\u00a0Os agricultores beneficiaram da redu\u00e7\u00e3o dos custos laborais e da maior produtividade como resultado da automatiza\u00e7\u00e3o das actividades de colheita e transplante de arroz como resultado directo da abordagem.\u00a0A Tractors Mo\u00e7ambique tem uma vasta gama de ceifeiras-debulhadoras \u00e0 venda em Mo\u00e7ambique, todas a custos razo\u00e1veis.\u00a0De 60 a 105 cavalos de pot\u00eancia est\u00e3o dispon\u00edveis para essas colheitadeiras.<\/p>\n<p>No processo de cultivo do arroz, a colheita do arroz \u00e9 uma das etapas mais demoradas e trabalhosas.\u00a0\u00c9 tamb\u00e9m um dos trabalhos mais exigentes fisicamente que existe.\u00a0Com mais de 50 anos de experi\u00eancia na mecaniza\u00e7\u00e3o da colheita, a empresa japonesa Kubota consolidou-se como especialista e l\u00edder de pensamento no setor.\u00a0Os clientes da Kubota podem claramente associar o seu sucesso a curto e longo prazo \u00e0 grande efici\u00eancia e precis\u00e3o da ceifeira-debulhadora.\u00a0Em Mo\u00e7ambique, as ceifeiras-debulhadoras Kubota s\u00e3o geralmente consideradas uma das pe\u00e7as de maquinaria agr\u00edcola mais econ\u00f3micas e fi\u00e1veis.\u00a0Devido \u00e0 automa\u00e7\u00e3o das opera\u00e7\u00f5es de colheita e transplante de arroz possibilitada pela tecnologia, o trabalho dos produtores de arroz foi simplificado, resultando em menores custos de m\u00e3o de obra e maior produ\u00e7\u00e3o.<\/p>\n<h2>Kubota DC 105X<\/h2>\n<p>N\u00e3o \u00e9 nenhum segredo que a ceifeira-debulhadora DC 105X da Kubota \u00e9 uma das melhores da sua classe.\u00a0Pela sua grande produtividade e baixo consumo total de combust\u00edvel, esta m\u00e1quina se destaca.\u00a0Embora a colheitadeira DC 105X seja capaz de lidar com cargas pesadas em condi\u00e7\u00f5es lamacentas, seu motor potente permite isso (77,2 HP).\u00a0Semelhante \u00e0 colheitadeira DC 70, uma variante maior e mais pesada oferece mais capacidade e produtividade do que a alternativa menor e mais leve.\u00a0<span class=\"VIpgJd-yAWNEb-VIpgJd-fmcmS-sn54Q\">O modelo DC 105X, por outro lado, pode atingir uma velocidade m\u00e1xima de 1,9 metros por segundo, o que \u00e9 muito mais r\u00e1pido que os 0,6 metros por segundo do modelo DC 70.\u00a0<\/span>A colheitadeira 105X DC tamb\u00e9m est\u00e1 dispon\u00edvel em um modelo com baixo consumo de combust\u00edvel, que utiliza apenas 3 a 4 litros de combust\u00edvel por \u00e1rea de terra (8 a 9 litros por acre).\u00a0Ter um tanque com capacidade para 105 litros de gasolina minimiza o tempo de reabastecimento.\u00a0O sistema de debulha em a\u00e7o inoxid\u00e1vel proporciona efici\u00eancia a longo prazo, mesmo em condi\u00e7\u00f5es dif\u00edceis de solo e arrozais.<\/p>\n<p>A Kubota DC-105X \u00e9 uma m\u00e1quina de alta produtividade com uma reputa\u00e7\u00e3o de confiabilidade de longo prazo.\u00a0Varia muito de pa\u00eds para pa\u00eds em termos de tempo, composi\u00e7\u00e3o do solo (como a quantidade de areia, argila ou cascalho) e caracter\u00edsticas da cultura (como a dificuldade de debulha).\u00a0A Tractors Mo\u00e7ambique est\u00e1 sempre a tentar melhorar a qualidade dos nossos produtos \u00e0 luz destas considera\u00e7\u00f5es.\u00a0Culturas incluindo arroz, cevada e milho podem ser colhidas usando a ceifeira-debulhadora DC-105X da Kubota.\u00a0N\u00e3o \u00e9 apenas pequeno e leve, mas \u00e9 ambos.\u00a0Esta gera\u00e7\u00e3o de ceifeiras-debulhadoras Kubota, a DC-105X, \u00e9 suficientemente \u00e1gil e eficiente em termos de combust\u00edvel para trabalhar mesmo nos locais agr\u00edcolas mais limitados de Mo\u00e7ambique.\u00a0Cilindros debulhadores com grandes di\u00e2metros e longos comprimentos s\u00e3o utilizados nesta m\u00e1quina.\u00a0Na hora de debulhar arroz, por exemplo, esse equipamento est\u00e1 \u00e0 altura do desafio.\u00a0Os arrozais com m\u00e1 drenagem, por exemplo, n\u00e3o constituem problema para este sistema.\u00a0Mesmo em campos de arroz onde a lama chega at\u00e9 os joelhos, ela floresce.<\/p>\n<p>Voc\u00ea pode adquirir sua pr\u00f3pria colheitadeira conosco entrando em contato conosco por telefone ou e-mail.\u00a0Ent\u00e3o, o que voc\u00ea est\u00e1 esperando?\u00a0Ligue para n\u00f3s.<\/p>\n","protected":false},"excerpt":{"rendered":"<p>Marca: Kubota<br \/>\nModelo: DC-105X<br \/>\nPot\u00eancia: 105hp<br \/>\nCombust\u00edvel: Diesel<br \/>\nCapacidade: 105L<br \/>\nPeso corporal: 4.630<br \/>\nCapacidade do tanque de gr\u00e3os: 2.350L<br \/>\nCapacidade de colheita: 85 ou menos enganchando na dire\u00e7\u00e3o da queda<\/p>\n","protected":false},"featured_media":1485,"template":"","meta":[],"product_brand":[],"product_cat":[25],"product_tag":[],"class_list":{"0":"post-686","1":"product","2":"type-product","3":"status-publish","4":"has-post-thumbnail","6":"product_cat-colheitadeiras","8":"first","9":"instock","10":"product-type-simple"},"aioseo_notices":[],"_links":{"self":[{"href":"https:\/\/www.tractors.co.mz\/pt\/wp-json\/wp\/v2\/product\/686","targetHints":{"allow":["GET"]}}],"collection":[{"href":"https:\/\/www.tractors.co.mz\/pt\/wp-json\/wp\/v2\/product"}],"about":[{"href":"https:\/\/www.tractors.co.mz\/pt\/wp-json\/wp\/v2\/types\/product"}],"wp:featuredmedia":[{"embeddable":true,"href":"https:\/\/www.tractors.co.mz\/pt\/wp-json\/wp\/v2\/media\/1485"}],"wp:attachment":[{"href":"https:\/\/www.tractors.co.mz\/pt\/wp-json\/wp\/v2\/media?parent=686"}],"wp:term":[{"taxonomy":"product_brand","embeddable":true,"href":"https:\/\/www.tractors.co.mz\/pt\/wp-json\/wp\/v2\/product_brand?post=686"},{"taxonomy":"product_cat","embeddable":true,"href":"https:\/\/www.tractors.co.mz\/pt\/wp-json\/wp\/v2\/product_cat?post=686"},{"taxonomy":"product_tag","embeddable":true,"href":"https:\/\/www.tractors.co.mz\/pt\/wp-json\/wp\/v2\/product_tag?post=686"}],"curies":[{"name":"wp","href":"https:\/\/api.w.org\/{rel}","templated":true}]}}