{"id":684,"date":"2022-10-11T12:14:31","date_gmt":"2022-10-11T12:14:31","guid":{"rendered":"https:\/\/www.tractors.co.tz\/?post_type=product&#038;p=684"},"modified":"2023-11-30T09:55:51","modified_gmt":"2023-11-30T09:55:51","slug":"dc-93","status":"publish","type":"product","link":"https:\/\/www.tractors.co.mz\/pt\/product\/dc-93\/","title":{"rendered":"Ceifeira-debulhadora Kubota DC-93 em Mo\u00e7ambique"},"content":{"rendered":"<p>O DC-93 possui um potente motor de 93 HP e uma velocidade m\u00e1xima de 2,1 m\/s, permitindo que ele se mova pelos arrozais com mais velocidade e efici\u00eancia.\u00a0Com o desenho de uma largura de colheita maior (2,18 m), o n\u00famero de rota\u00e7\u00f5es necess\u00e1rias e os danos causados \u200b\u200baos arrozais s\u00e3o reduzidos, ao mesmo tempo que aumenta a velocidade de opera\u00e7\u00e3o e melhora o ritmo de trabalho em cerca de 20%.\u00a0A press\u00e3o de contato com o solo pode ser reduzida usando as esteiras largas da m\u00e1quina DC-93.\u00a0Durante a colheita, os rastreadores altos mant\u00eam uma fixa\u00e7\u00e3o firme na terra, evitando escorreg\u00f5es e afundamentos, mesmo em arrozais com m\u00e1 drenagem.\u00a0Eles podem enfrentar qualquer condi\u00e7\u00e3o de campo, mesmo as lamacentas.<\/p>\n<p>As condi\u00e7\u00f5es clim\u00e1ticas e de campo parecem ser as duas quest\u00f5es preocupantes quando se inicia a prepara\u00e7\u00e3o para a fase de colheita para os agricultores, portanto, \u00e9 absolutamente necess\u00e1rio escolher uma m\u00e1quina colhedora que seja capaz de se adaptar a todas as condi\u00e7\u00f5es de campo.\u00a0A colheitadeira DC-93 Kubota foi desenvolvida para lidar com essas preocupa\u00e7\u00f5es.\u00a0Gra\u00e7as ao bom fluxo de lama, o DC-93 pode funcionar bem mesmo em arrozais mal drenados com at\u00e9 400 mm de profundidade e \u00e9 capaz de colher bem o arroz ca\u00eddo.<\/p>\n<p>Para os agricultores, a enorme capacidade de gr\u00e3os da colheitadeira DC-93, de quase 1.800 L, significa que a colheita pode continuar sem a necessidade de esvaziar frequentemente o tanque capacitivo.\u00a0A uma velocidade de 2,1 m\/s, esta ceifeira-debulhadora Kubota \u00e9 ideal para os campos de arroz de Mo\u00e7ambique.\u00a0Essa velocidade pode aumentar \u00e0 medida que a colheitadeira se move por diversas regi\u00f5es de cultivo de arroz.\u00a0Por esta raz\u00e3o, e devido \u00e0 sua durabilidade, a ceifeira-debulhadora DC-93 \u00e9 considerada um excelente investimento a longo prazo.\u00a0Em geral, as ceifeiras-debulhadoras da Tractors Mo\u00e7ambique, como a Kubota DC-93, t\u00eam os pre\u00e7os mais razo\u00e1veis \u200b\u200bdo mercado.<\/p>\n<h2>Benef\u00edcios do DC-93<\/h2>\n<p>A ceifeira-debulhadora DC-93 da Kubota \u00e9 uma vers\u00e3o melhorada da DC-70 Plus, da gera\u00e7\u00e3o anterior.\u00a0O aumento da largura no modelo mais recente evita o n\u00famero fixo de rota\u00e7\u00f5es, ao mesmo tempo que aumenta a velocidade e aumenta a taxa de produtividade em 20%.\u00a0\u00c9 importante que os colhedores tenham muitas esteiras largas.\u00a0O aumento da \u00e1rea de contato com o solo e a redu\u00e7\u00e3o da press\u00e3o sobre o solo s\u00e3o obtidos com o uso dessas esteiras.\u00a0A ceifeira-debulhadora Kubota DC-93 em Mo\u00e7ambique \u00e9 not\u00e1vel pela sua excelente fun\u00e7\u00e3o de fluxo de lama.\u00a0Ter esta caracter\u00edstica permite que a colheitadeira mantenha uma posi\u00e7\u00e3o s\u00f3lida mesmo nos arrozais mais mal drenados.\u00a0Este tipo de Kubota tamb\u00e9m pode ser usado para coletar pan\u00edculas de arroz que ca\u00edram no ch\u00e3o.\u00a0Todos estes componentes trabalham em conjunto para evitar que a ceifeira-debulhadora deslize e aumentando a sua ader\u00eancia ao solo compactado.<\/p>\n<h2>Porque \u00e9 que os agricultores de Mo\u00e7ambique utilizam as ceifeiras-debulhadoras Kubota?<\/h2>\n<p>O sector agr\u00edcola de Mo\u00e7ambique n\u00e3o seria o que \u00e9 hoje sem as ceifeiras-debulhadoras Kubota.\u00a0Os agricultores podem colher as colheitas mais rapidamente e sem causar quaisquer danos, gra\u00e7as a estas ferramentas de colheita, que t\u00eam diversas utiliza\u00e7\u00f5es pr\u00e1ticas.\u00a0Ele pode ser usado para muito melhor do que apenas isso.\u00a0Apesar das mudan\u00e7as estruturais, esta\u00a0maquinaria agr\u00edcola\u00a0continua a colher culturas comerciais, incluindo arroz, milho, aveia e soja.\u00a0A colheita destas culturas no momento correcto pode poupar tempo aos agricultores.\u00a0O tempo extra pode ent\u00e3o ser melhor aproveitado na explora\u00e7\u00e3o agr\u00edcola, trabalhando em \u00e1reas mais lucrativas da empresa.\u00a0<span class=\"VIpgJd-yAWNEb-VIpgJd-fmcmS-sn54Q\">Devido \u00e0 sua qualidade de alto impacto e fiabilidade a longo prazo, as ceifeiras-debulhadoras Kubota s\u00e3o bem conhecidas na comunidade agr\u00edcola mo\u00e7ambicana.\u00a0<\/span>As actividades agr\u00edcolas foram simplificadas e melhoradas pela utiliza\u00e7\u00e3o destas colheitadeiras.\u00a0N\u00e3o s\u00f3 a produ\u00e7\u00e3o prevista foi superada, mas o tempo de colheita tamb\u00e9m foi significativamente reduzido gra\u00e7as \u00e0s ceifeiras-debulhadoras Kubota, demonstrando a efici\u00eancia destas ceifeiras-debulhadoras no sector agr\u00edcola.<\/p>\n<p>Ligue-nos agora para obter a sua pr\u00f3pria\u00a0<a href=\"https:\/\/www.tractors.co.mz\/pt\/product-category\/colheitadeiras\/\"><strong>ceifeira-debulhadora em Mo\u00e7ambique<\/strong><\/a>.<\/p>\n","protected":false},"excerpt":{"rendered":"<p><span class=\"VIpgJd-yAWNEb-VIpgJd-fmcmS-sn54Q\">Marca: Kubota<\/span><br \/>\n<span class=\"VIpgJd-yAWNEb-VIpgJd-fmcmS-sn54Q\">Modelo: DC-93<\/span><br \/>\n<span class=\"VIpgJd-yAWNEb-VIpgJd-fmcmS-sn54Q\">Pot\u00eancia: 93hp<\/span><br \/>\n<span class=\"VIpgJd-yAWNEb-VIpgJd-fmcmS-sn54Q\">Combust\u00edvel: Diesel<\/span><br \/>\n<span class=\"VIpgJd-yAWNEb-VIpgJd-fmcmS-sn54Q\">Capacidade: 120L<\/span><br \/>\n<span class=\"VIpgJd-yAWNEb-VIpgJd-fmcmS-sn54Q\">Largura de corte (mm): 2182<\/span><br \/>\n<span class=\"VIpgJd-yAWNEb-VIpgJd-fmcmS-sn54Q\">Capacidade de colheita: 85 ou menos enganchando na dire\u00e7\u00e3o da queda<\/span><\/p>\n","protected":false},"featured_media":1497,"template":"","meta":[],"product_brand":[],"product_cat":[25],"product_tag":[],"class_list":{"0":"post-684","1":"product","2":"type-product","3":"status-publish","4":"has-post-thumbnail","6":"product_cat-colheitadeiras","8":"first","9":"instock","10":"product-type-simple"},"aioseo_notices":[],"_links":{"self":[{"href":"https:\/\/www.tractors.co.mz\/pt\/wp-json\/wp\/v2\/product\/684","targetHints":{"allow":["GET"]}}],"collection":[{"href":"https:\/\/www.tractors.co.mz\/pt\/wp-json\/wp\/v2\/product"}],"about":[{"href":"https:\/\/www.tractors.co.mz\/pt\/wp-json\/wp\/v2\/types\/product"}],"wp:featuredmedia":[{"embeddable":true,"href":"https:\/\/www.tractors.co.mz\/pt\/wp-json\/wp\/v2\/media\/1497"}],"wp:attachment":[{"href":"https:\/\/www.tractors.co.mz\/pt\/wp-json\/wp\/v2\/media?parent=684"}],"wp:term":[{"taxonomy":"product_brand","embeddable":true,"href":"https:\/\/www.tractors.co.mz\/pt\/wp-json\/wp\/v2\/product_brand?post=684"},{"taxonomy":"product_cat","embeddable":true,"href":"https:\/\/www.tractors.co.mz\/pt\/wp-json\/wp\/v2\/product_cat?post=684"},{"taxonomy":"product_tag","embeddable":true,"href":"https:\/\/www.tractors.co.mz\/pt\/wp-json\/wp\/v2\/product_tag?post=684"}],"curies":[{"name":"wp","href":"https:\/\/api.w.org\/{rel}","templated":true}]}}