{"id":682,"date":"2022-10-11T12:14:31","date_gmt":"2022-10-11T12:14:31","guid":{"rendered":"https:\/\/www.tractors.co.tz\/?post_type=product&#038;p=682"},"modified":"2023-11-30T09:56:50","modified_gmt":"2023-11-30T09:56:50","slug":"dc-93g","status":"publish","type":"product","link":"https:\/\/www.tractors.co.mz\/pt\/product\/dc-93g\/","title":{"rendered":"Ceifeira-debulhadora Kubota DC-93G em Mo\u00e7ambique"},"content":{"rendered":"<p>O DC-93G possui motor de 93 HP e velocidade m\u00e1xima de 2,1 m\/s, permitindo que ele se mova mais rapidamente pelos arrozais, resultando em um aumento consider\u00e1vel de produtividade.\u00a0Uma largura de colheita mais ampla (2,18 m) minimiza o n\u00famero de tiros necess\u00e1rios e os danos aos arrozais, ao mesmo tempo que aumenta o ritmo de opera\u00e7\u00e3o e melhora a taxa de trabalho em cerca de 20 por cento em compara\u00e7\u00e3o com a vers\u00e3o anterior do DC-70 Plus.\u00a0Reduza a press\u00e3o de contato com o solo usando a colheitadeira DC-93 G equipada com esteiras largas.\u00a0Tamb\u00e9m \u00e9 poss\u00edvel colher em campos lamacentos gra\u00e7as \u00e0s esteiras de grande altura, que evitam deslizamentos e afundamentos mesmo em campos de arroz mal drenados.<\/p>\n<p>As condi\u00e7\u00f5es de campo e clim\u00e1ticas s\u00e3o os dois fatores mais importantes a serem considerados antes de iniciar o processo de colheita, portanto, \u00e9 essencial selecionar uma colheitadeira capaz de se adaptar a qualquer condi\u00e7\u00e3o de campo.\u00a0Em resposta a esses problemas, a Kubota criou a colheitadeira DC-93G.\u00a0\u00c9 poss\u00edvel que o DC-93G tenha um desempenho eficaz mesmo em arrozais mal drenados de at\u00e9 400 mm de profundidade e colha arroz ca\u00eddo com sucesso devido \u00e0 sua excelente caracter\u00edstica de fluxo de lama.<\/p>\n<h2>Vantagens do DC-93G<\/h2>\n<p>Em campos com drenagem deficiente, o recurso de fluxo de lama aprimorado da colheitadeira DC-93G permite que ela tenha um desempenho eficaz mesmo em campos com 400 mm de profundidade e colete com efici\u00eancia os gr\u00e3os de arroz que caem.\u00a0Para garantir uma colheita cont\u00ednua, esta colheitadeira inclui um tanque de armazenamento maior, com capacidade para 1.800 litros.\u00a0Os agricultores podem colher por per\u00edodos mais longos, pois o tanque de combust\u00edvel comporta at\u00e9 120 litros de gasolina.\u00a0Para uma limpeza r\u00e1pida da colheita, um soprador de suc\u00e7\u00e3o de p\u00f3 tamb\u00e9m \u00e9 instalado na colheitadeira.<\/p>\n<h2>Pre\u00e7o DC-93G<\/h2>\n<p>A efici\u00eancia de combust\u00edvel \u00e9 um factor importante quando se trata de pre\u00e7os de colheitadeiras em Mo\u00e7ambique.\u00a0De acordo com a regra geral, uma colheita menor custar\u00e1 menos do que uma colheita maior.\u00a0Em Mo\u00e7ambique, uma ceifeira-debulhadora Kubota DC-93 G custa entre 32.000 e 36.000 d\u00f3lares.\u00a0Caso tenha que enviar o trator para outro pa\u00eds, n\u00e3o ter\u00e1 que pagar nenhum imposto extra.\u00a0<a href=\"https:\/\/www.tractors.co.mz\/pt\/product-category\/colheitadeiras\/\"><strong>As ceifeiras-debulhadoras Kubota<\/strong><\/a>\u00a0est\u00e3o dispon\u00edveis na Tractors Mo\u00e7ambique em diversas variantes de pot\u00eancia e capacidade.<\/p>\n<h2>Ceifeira-debulhadora Kubota em Mo\u00e7ambique<\/h2>\n<p>A colheita do arroz \u00e9 um trabalho que exige muita m\u00e3o-de-obra no neg\u00f3cio agr\u00edcola.\u00a0As habilidades de mecaniza\u00e7\u00e3o da colheita da Kubota tornaram-na uma autoridade do setor e uma l\u00edder pensante.\u00a0Os agricultores beneficiam das ceifeiras-debulhadoras Kubota de duas maneiras: tornam-se mais rent\u00e1veis \u200b\u200be as suas opera\u00e7\u00f5es duram mais tempo.\u00a0Ao utilizar colheitadeiras, voc\u00ea encontrar\u00e1 plataformas de dois gr\u00e3os, que ajudar\u00e3o voc\u00ea a economizar gr\u00e3os e facilitar\u00e3o a separa\u00e7\u00e3o dos colmos.\u00a0\u00c9 poss\u00edvel monitorizar o n\u00famero de vezes que pan\u00edculas de arroz caem do c\u00e9u em Mo\u00e7ambique com o uso de colheitadeiras.\u00a0Os agricultores em Mo\u00e7ambique n\u00e3o t\u00eam nada com que se preocupar quando se trata de contar com a ceifeira combinada Kubota.\u00a0As colheitadeiras Kubota que podem ser adquiridas na Tractors Mo\u00e7ambique superam outros modelos devido \u00e0 sua capacidade de operar em terrenos agr\u00edcolas.<\/p>\n<h2>Porque \u00e9 que os agricultores confiam na Tractors Mo\u00e7ambique para comprar maquinaria agr\u00edcola?<\/h2>\n<p>As m\u00e1quinas agr\u00edcolas\u00a0e as ceifeiras-debulhadoras da Tractors Mo\u00e7ambique n\u00e3o s\u00e3o apenas acess\u00edveis, mas tamb\u00e9m necessitam de manuten\u00e7\u00e3o e repara\u00e7\u00e3o m\u00ednimas.\u00a0Nossas colheitadeiras de n\u00edvel padr\u00e3o s\u00e3o compras \u00fanicas que proporcionam anos de servi\u00e7o confi\u00e1vel com um \u00fanico investimento.\u00a0Esta pode ser uma alternativa para uma empresa que presta servi\u00e7os de equipamento para uma propriedade a\u00e7ucareira, a fim de diminuir as perdas de colheita e encurtar os per\u00edodos de colheita em geral.\u00a0As colheitadeiras podem reduzir a dura\u00e7\u00e3o da colheita de tr\u00eas dias em um arrozal de um hectare para apenas tr\u00eas horas.<\/p>\n<p>Ligue-nos agora para mais detalhes sobre a sua ceifeira-debulhadora preferida em Mo\u00e7ambique.<\/p>\n","protected":false},"excerpt":{"rendered":"<p>Marca: Kubota<br \/>\nModelo: DC-93G<br \/>\nPot\u00eancia: 93 CV<br \/>\nCombust\u00edvel: Combust\u00edvel Diesel<br \/>\nCapacidade: 120L<br \/>\nLargura de corte (mm): 2182<br \/>\nPeso corporal: 3.875<\/p>\n","protected":false},"featured_media":1503,"template":"","meta":[],"product_brand":[],"product_cat":[25],"product_tag":[],"class_list":{"0":"post-682","1":"product","2":"type-product","3":"status-publish","4":"has-post-thumbnail","6":"product_cat-colheitadeiras","8":"first","9":"instock","10":"product-type-simple"},"aioseo_notices":[],"_links":{"self":[{"href":"https:\/\/www.tractors.co.mz\/pt\/wp-json\/wp\/v2\/product\/682","targetHints":{"allow":["GET"]}}],"collection":[{"href":"https:\/\/www.tractors.co.mz\/pt\/wp-json\/wp\/v2\/product"}],"about":[{"href":"https:\/\/www.tractors.co.mz\/pt\/wp-json\/wp\/v2\/types\/product"}],"wp:featuredmedia":[{"embeddable":true,"href":"https:\/\/www.tractors.co.mz\/pt\/wp-json\/wp\/v2\/media\/1503"}],"wp:attachment":[{"href":"https:\/\/www.tractors.co.mz\/pt\/wp-json\/wp\/v2\/media?parent=682"}],"wp:term":[{"taxonomy":"product_brand","embeddable":true,"href":"https:\/\/www.tractors.co.mz\/pt\/wp-json\/wp\/v2\/product_brand?post=682"},{"taxonomy":"product_cat","embeddable":true,"href":"https:\/\/www.tractors.co.mz\/pt\/wp-json\/wp\/v2\/product_cat?post=682"},{"taxonomy":"product_tag","embeddable":true,"href":"https:\/\/www.tractors.co.mz\/pt\/wp-json\/wp\/v2\/product_tag?post=682"}],"curies":[{"name":"wp","href":"https:\/\/api.w.org\/{rel}","templated":true}]}}