{"id":678,"date":"2022-10-11T12:14:31","date_gmt":"2022-10-11T12:14:31","guid":{"rendered":"https:\/\/www.tractors.co.tz\/?post_type=product&#038;p=678"},"modified":"2023-11-30T09:54:00","modified_gmt":"2023-11-30T09:54:00","slug":"dc-70-plus","status":"publish","type":"product","link":"https:\/\/www.tractors.co.mz\/pt\/product\/dc-70-plus\/","title":{"rendered":"Ceifeira-debulhadora Kubota DC-70 Plus em Mo\u00e7ambique"},"content":{"rendered":"<h2><span class=\"\">As colheitadeiras est\u00e3o mudando o jogo da agricultura<\/span><\/h2>\n<p>Durante muitos anos, a agricultura exigiu trabalho manual excessivo, mas isto est\u00e1 a mudar com a introdu\u00e7\u00e3o da mecaniza\u00e7\u00e3o.\u00a0As colheitadeiras est\u00e3o aqui para substituir o esfor\u00e7o da m\u00e3o de obra e facilitar a vida dos agricultores.\u00a0Outras vantagens da colheitadeira incluem gr\u00e3os mais limpos, redu\u00e7\u00e3o do consumo de tempo, perda de colheita, estresse e custos.<\/p>\n<h2>Os excelentes usos de uma colheitadeira<\/h2>\n<p>Os usos das colheitadeiras s\u00e3o numerosos.\u00a0Esta \u00e9 uma m\u00e1quina de colheita multifuncional que pode colher, debulhar, reunir, limpar e joeirar.\u00a0Em geral, uma colheitadeira ajuda os agricultores a terminar o trabalho mais \u00e1rduo e extenso da colheita no menor tempo poss\u00edvel, ao mesmo tempo que t\u00eam conforto na cabine com ar condicionado.\u00a0Isto permite a prote\u00e7\u00e3o dos agricultores, reduzindo a perda de colheitas.<\/p>\n<p>As pe\u00e7as da colheitadeira e suas fun\u00e7\u00f5es podem parecer complexas de entender, mas s\u00e3o f\u00e1ceis de usar e manter.\u00a0As 21 pe\u00e7as da ceifeira-debulhadora permitem que esta m\u00e1quina realize m\u00faltiplas tarefas agr\u00edcolas.\u00a0Para entender melhor, existem dois tipos de colheitadeiras.\u00a0Os dois cont\u00eam uma colheitadeira de controle e uma colheitadeira autopropelida.<\/p>\n<h2>Kubota tem as respostas para todos os seus problemas<\/h2>\n<p>A Kubota oferece solu\u00e7\u00f5es nas \u00e1reas de vital import\u00e2ncia de alimentos, \u00e1gua e meio ambiente, utilizando uma vasta gama de produtos e tecnologias.\u00a0Desde a concep\u00e7\u00e3o de equipamentos agr\u00edcolas que satisfa\u00e7am as exig\u00eancias dos agricultores at\u00e9 \u00e0 produ\u00e7\u00e3o, processamento e consumo de produtos agr\u00edcolas, a Kubota est\u00e1 aqui para fornecer apoio em cada etapa.<\/p>\n<p>As ceifeiras-debulhadoras Kubota t\u00eam ajudado a colheita de agricultores em todo o mundo h\u00e1 mais de cinquenta anos.\u00a0Estas colheitadeiras n\u00e3o s\u00e3o apenas r\u00e1pidas, mas tamb\u00e9m precisas.\u00a0Por causa dessas qualidades, os clientes obt\u00eam mais lucros e longevidade.\u00a0Fornecemos v\u00e1rias colheitadeiras Kubota, como DC-105X, DC-105X CABIN, DC-35, DC-70 PLUS, DC-70G PLUS, DC-70G PLUS CABIN, DC-93, DC-93G e DC-93G CABIN .<\/p>\n<h2>Oferecemos pre\u00e7os econ\u00f4micos<\/h2>\n<p>O pre\u00e7o da colheitadeira pode ser alto, mas devido \u00e0 sua lucratividade, \u00e9 vantajoso adquirir esta m\u00e1quina.\u00a0Para ser mais econ\u00f4mico para nossos clientes, temos uma variedade de\u00a0<a href=\"https:\/\/www.tractors.co.mz\/pt\/product-category\/colheitadeiras\/\"><strong>colheitadeiras \u00e0 venda<\/strong><\/a>\u00a0com \u00f3timos pre\u00e7os.\u00a0Essas colheitadeiras \u00e0 venda s\u00e3o de \u00f3tima qualidade, pois trabalhamos pensando na integridade e na satisfa\u00e7\u00e3o do cliente.<\/p>\n<h2>Trabalhe de forma eficiente com o DC-70 Plus<\/h2>\n<p>O DC-70 plus possui motor diesel turboalimentado com inje\u00e7\u00e3o direta e 70 cavalos de pot\u00eancia.\u00a0O comprimento desta m\u00e1quina \u00e9 de 4.800 mm, a largura \u00e9 de 2.245 mm, a altura \u00e9 de 2.800 mm e o peso \u00e9 de 3.000 kg.\u00a0Possui uma rota\u00e7\u00e3o m\u00e1xima do motor de 2.700 juntamente com um sistema de mudan\u00e7a de velocidade HST.\u00a0A alavanca de transmiss\u00e3o hidr\u00e1ulica permite um melhor posicionamento do interruptor do disjuntor e assim h\u00e1 uma f\u00e1cil opera\u00e7\u00e3o.<\/p>\n<p>Esta ceifeira-debulhadora em Mo\u00e7ambique \u00e9 extremamente vantajosa para os agricultores devido \u00e0 sua direc\u00e7\u00e3o assistida e sistema de travagem suave, permitindo conforto e conveni\u00eancia.\u00a0Possui muitas caracter\u00edsticas not\u00e1veis, incluindo sua velocidade de colheita de at\u00e9 1,85 m\/s, o que aumenta a produtividade e a capacidade.\u00a0Devido ao seu bra\u00e7o de corte estruturado e rolo tensor traseiro, possui alta durabilidade.<\/p>\n<h2>Imensa economia de combust\u00edvel<\/h2>\n<p>O DC 70 plus \u00e9 conhecido pela sua efici\u00eancia de combust\u00edvel;\u00a0isso o torna atraente porque consome apenas cerca de 8 a 9 litros de combust\u00edvel por acre.\u00a0Ele tamb\u00e9m possui um grande tanque de gr\u00e3os que ajuda os operadores a trabalhar por mais horas antes de esvaziar o tanque.\u00a0Esta colheitadeira Kubota tamb\u00e9m possui tanque de combust\u00edvel com capacidade de 85 litros e dist\u00e2ncia m\u00ednima ao solo de 325 mm.<\/p>\n<p>A debulha fica mais f\u00e1cil com o amplo di\u00e2metro desta colheitadeira.\u00a0Uma debulha mais limpa tamb\u00e9m \u00e9 alcan\u00e7ada devido ao seu cilindro e grandes c\u00f4ncavos.\u00a0Manobrabilidade e produ\u00e7\u00e3o aprimoradas s\u00e3o alcan\u00e7adas com dist\u00e2ncia entre eixos suficiente e alta dist\u00e2ncia ao solo.\u00a0No geral, esta ceifeira-debulhadora Kubota apresenta desempenho e produtividade impressionantes, apesar das condi\u00e7\u00f5es adversas.<\/p>\n<p>Para saber o\u00a0<a href=\"https:\/\/www.tractors.co.mz\/pt\/contate-nos\/\"><strong>pre\u00e7o da colheitadeira em Mo\u00e7ambique<\/strong><\/a>\u00a0ou obter mais informa\u00e7\u00f5es para compra voc\u00ea pode preencher um formul\u00e1rio online ou entrar em contato conosco por telefone ou WhatsApp.\u00a0N\u00e3o hesite e deixe-nos ajud\u00e1-lo a encontrar o equipamento perfeito para a sua fazenda.<\/p>\n","protected":false},"excerpt":{"rendered":"<p>Marca: Kubota<br \/>\nModelo: DC-70 Plus<br \/>\nPot\u00eancia: 69<br \/>\nCapacidade de combust\u00edvel: 85L<br \/>\nMin.\u00a0Dist\u00e2ncia ao solo: 325 mm<br \/>\nLargura de corte (mm): 2.075<br \/>\nPeso corporal: 3.000<br \/>\nCapacidade de colheita: 85 ou menos enganchando na dire\u00e7\u00e3o da queda<\/p>\n","protected":false},"featured_media":1489,"template":"","meta":[],"product_brand":[],"product_cat":[25],"product_tag":[],"class_list":{"0":"post-678","1":"product","2":"type-product","3":"status-publish","4":"has-post-thumbnail","6":"product_cat-colheitadeiras","8":"first","9":"instock","10":"product-type-simple"},"aioseo_notices":[],"_links":{"self":[{"href":"https:\/\/www.tractors.co.mz\/pt\/wp-json\/wp\/v2\/product\/678","targetHints":{"allow":["GET"]}}],"collection":[{"href":"https:\/\/www.tractors.co.mz\/pt\/wp-json\/wp\/v2\/product"}],"about":[{"href":"https:\/\/www.tractors.co.mz\/pt\/wp-json\/wp\/v2\/types\/product"}],"wp:featuredmedia":[{"embeddable":true,"href":"https:\/\/www.tractors.co.mz\/pt\/wp-json\/wp\/v2\/media\/1489"}],"wp:attachment":[{"href":"https:\/\/www.tractors.co.mz\/pt\/wp-json\/wp\/v2\/media?parent=678"}],"wp:term":[{"taxonomy":"product_brand","embeddable":true,"href":"https:\/\/www.tractors.co.mz\/pt\/wp-json\/wp\/v2\/product_brand?post=678"},{"taxonomy":"product_cat","embeddable":true,"href":"https:\/\/www.tractors.co.mz\/pt\/wp-json\/wp\/v2\/product_cat?post=678"},{"taxonomy":"product_tag","embeddable":true,"href":"https:\/\/www.tractors.co.mz\/pt\/wp-json\/wp\/v2\/product_tag?post=678"}],"curies":[{"name":"wp","href":"https:\/\/api.w.org\/{rel}","templated":true}]}}