{"id":674,"date":"2022-10-11T12:14:31","date_gmt":"2022-10-11T12:14:31","guid":{"rendered":"https:\/\/www.tractors.co.tz\/?post_type=product&#038;p=674"},"modified":"2023-11-30T09:55:05","modified_gmt":"2023-11-30T09:55:05","slug":"dc-70g-plus","status":"publish","type":"product","link":"https:\/\/www.tractors.co.mz\/pt\/product\/dc-70g-plus\/","title":{"rendered":"Ceifeira-debulhadora Kubota DC-70G Plus em Mo\u00e7ambique"},"content":{"rendered":"<p>Quando se trata de entrega confi\u00e1vel e pontual de grandes m\u00e1quinas agr\u00edcolas, como\u00a0<a href=\"https:\/\/www.tractors.co.mz\/pt\/product-category\/colheitadeiras\/\"><strong>colheitadeiras em Mo\u00e7ambique<\/strong><\/a>\u00a0, ningu\u00e9m faz isso melhor do que a Tractors Mo\u00e7ambique.\u00a0Estas ceifeiras-debulhadoras focadas na qualidade est\u00e3o a simplificar as opera\u00e7\u00f5es agr\u00edcolas e a redefinir o seu futuro.\u00a0As ceifeiras-debulhadoras pertencentes a empresas como a Kubota s\u00e3o oferecidas e vendidas por n\u00f3s.\u00a0Kubota \u00e9 uma empresa japonesa conhecida por seus produtos duradouros e qualidade excepcional.\u00a0Para manter baixos os gastos com m\u00e3o de obra e tempo, essas colheitadeiras foram projetadas para operar al\u00e9m do limite.\u00a0Uma variedade de colheitadeiras Kubota est\u00e3o dispon\u00edveis, incluindo autopropelidas, sobre esteiras e acopladas a tratores.\u00a0<span class=\"\">A Tractors Mo\u00e7ambique, por outro lado, disp\u00f5e de uma vasta selec\u00e7\u00e3o de ceifeiras-debulhadoras monitorizadas.<\/span><\/p>\n<p>As colheitadeiras \u00e0 venda, como a Kubota DC 70G Plus, foram modificadas com um motor sustent\u00e1vel e de alta pot\u00eancia para fornecer uma faixa de 70 cavalos de pot\u00eancia.\u00a0Existe um mecanismo hidr\u00e1ulico instalado para que a colheitadeira possa ser rapidamente colocada em marcha alta.\u00a0O controle hidr\u00e1ulico da ceifeira da colheitadeira \u00e9 outra forma de aumentar sua efici\u00eancia.\u00a0Para manter a colheitadeira funcionando por longos per\u00edodos de tempo, a capacidade do tanque graneleiro \u00e9 ajustada em aproximadamente 1.000 kg.\u00a0Um a 1,25 acres de terra pode ser trabalhado em no m\u00e1ximo uma hora.\u00a0Esta colheitadeira \u00e9 equipada com um interruptor de seguran\u00e7a que pode acionar o funcionamento da colheitadeira em caso de emerg\u00eancia, protegendo tanto o agricultor quanto o ve\u00edculo.\u00a0Para come\u00e7ar, o Kubota DC 70G Plus utiliza pouca gasolina, necessitando de apenas 7,5 litros por hora.<\/p>\n<p>A ceifeira-debulhadora Kubota DC-70G Plus realizou uma vasta gama de tarefas para ajudar os agricultores mo\u00e7ambicanos a melhorar as suas condi\u00e7\u00f5es agr\u00edcolas.\u00a0H\u00e1 muito tempo que eles t\u00eam ajudado o setor agr\u00edcola a apoiar o neg\u00f3cio agr\u00edcola.\u00a0Trigo, milho, milho, soja, aveia e outras culturas agr\u00edcolas podem ser colhidas de forma r\u00e1pida e segura utilizando esta\u00a0<a href=\"https:\/\/www.tractors.co.mz\/pt\/\"><strong>maquinaria agr\u00edcola<\/strong><\/a>\u00a0quando utilizada correctamente e a tempo.\u00a0A economia de Mo\u00e7ambique depende fortemente destas culturas, que foram colhidas.<\/p>\n<h2>Por que os agricultores usam colheitadeiras?<\/h2>\n<p>Trigo, cevada e centeio est\u00e3o entre as culturas menos comest\u00edveis.\u00a0Comemos as sementes que est\u00e3o no topo, geralmente chamadas de gr\u00e3os.\u00a0No entanto, a casca seca das sementes n\u00e3o \u00e9 comest\u00edvel e deve ser jogada fora.\u00a0A debulha costumava ser um m\u00e9todo de trabalho intensivo utilizado pelos agricultores no passado para recolher os seus produtos manualmente.\u00a0Por\u00e9m, nos dias atuais, a tecnologia e suas aplica\u00e7\u00f5es avan\u00e7aram significativamente.\u00a0Na agricultura, isso est\u00e1 se tornando cada vez mais comum.\u00a0Inven\u00e7\u00f5es como a ceifeira-debulhadora, tamb\u00e9m conhecida como \u201cceifeira-debulhadora\u201d, pouparam tempo e dinheiro aos agricultores.\u00a0Colher, debulhar e joeirar s\u00e3o todos combinados em um \u00fanico processo por esta m\u00e1quina, como o pr\u00f3prio nome indica.\u00a0Este m\u00e9todo de colheita numa \u00fanica opera\u00e7\u00e3o poupa tempo e dinheiro aos agricultores, o que por sua vez aumenta a produtividade da explora\u00e7\u00e3o agr\u00edcola e torna a empresa mais lucrativa.<\/p>\n<p>H\u00e1 uma crescente escassez de m\u00e3o de obra nas fazendas e as colheitadeiras podem ajudar a aliviar esse problema.\u00a0Mo\u00e7ambique sofre de uma grave escassez de m\u00e3o-de-obra como resultado do r\u00e1pido aumento da migra\u00e7\u00e3o rural-urbana.\u00a0Os agricultores beneficiam de maiores rendimentos de cereais a pre\u00e7os reduzidos devido ao aumento da produtividade e efici\u00eancia das ceifeiras-debulhadoras.\u00a0As colheitadeiras podem ser utilizadas em uma variedade de superf\u00edcies, inclusive \u00famidas e secas.\u00a0Para campos submersos em \u00e1gua, podem ser equipados com trilhos.\u00a0Apenas alterando o cabe\u00e7alho, eles tamb\u00e9m podem ser utilizados em \u00e1reas montanhosas.\u00a0O Sistema de Gerenciamento Super-Palha elimina o joio e a palha dos campos por meio de um sistema espec\u00edfico que pode ser instalado.<\/p>\n<p>Entre em contato conosco e n\u00f3s o ajudaremos a melhorar suas colheitas.<\/p>\n","protected":false},"excerpt":{"rendered":"<p>Marca: Kubota<br \/>\nModelo: DC-70G Plus<br \/>\nPot\u00eancia: 69hp<br \/>\nCombust\u00edvel: Diesel<br \/>\nCapacidade: 85L<br \/>\nPeso corporal: 3.150<br \/>\nCapacidade de colheita: 85 ou menos enganchando na dire\u00e7\u00e3o da queda<\/p>\n","protected":false},"featured_media":1495,"template":"","meta":[],"product_brand":[],"product_cat":[25],"product_tag":[],"class_list":{"0":"post-674","1":"product","2":"type-product","3":"status-publish","4":"has-post-thumbnail","6":"product_cat-colheitadeiras","8":"first","9":"instock","10":"product-type-simple"},"aioseo_notices":[],"_links":{"self":[{"href":"https:\/\/www.tractors.co.mz\/pt\/wp-json\/wp\/v2\/product\/674","targetHints":{"allow":["GET"]}}],"collection":[{"href":"https:\/\/www.tractors.co.mz\/pt\/wp-json\/wp\/v2\/product"}],"about":[{"href":"https:\/\/www.tractors.co.mz\/pt\/wp-json\/wp\/v2\/types\/product"}],"wp:featuredmedia":[{"embeddable":true,"href":"https:\/\/www.tractors.co.mz\/pt\/wp-json\/wp\/v2\/media\/1495"}],"wp:attachment":[{"href":"https:\/\/www.tractors.co.mz\/pt\/wp-json\/wp\/v2\/media?parent=674"}],"wp:term":[{"taxonomy":"product_brand","embeddable":true,"href":"https:\/\/www.tractors.co.mz\/pt\/wp-json\/wp\/v2\/product_brand?post=674"},{"taxonomy":"product_cat","embeddable":true,"href":"https:\/\/www.tractors.co.mz\/pt\/wp-json\/wp\/v2\/product_cat?post=674"},{"taxonomy":"product_tag","embeddable":true,"href":"https:\/\/www.tractors.co.mz\/pt\/wp-json\/wp\/v2\/product_tag?post=674"}],"curies":[{"name":"wp","href":"https:\/\/api.w.org\/{rel}","templated":true}]}}