{"id":672,"date":"2022-10-11T12:14:31","date_gmt":"2022-10-11T12:14:31","guid":{"rendered":"https:\/\/www.tractors.co.tz\/?post_type=product&#038;p=672"},"modified":"2023-11-30T09:52:50","modified_gmt":"2023-11-30T09:52:50","slug":"dc-35","status":"publish","type":"product","link":"https:\/\/www.tractors.co.mz\/pt\/product\/dc-35\/","title":{"rendered":"Ceifeira-debulhadora Kubota DC-35 em Mo\u00e7ambique"},"content":{"rendered":"<p>Ao utilizar as ceifeiras-debulhadoras e transplantadoras da Kubota para o cultivo de arroz, os custos de m\u00e3o-de-obra diminu\u00edram e a produ\u00e7\u00e3o aumentou.\u00a0Com a crescente automa\u00e7\u00e3o da agricultura de arroz, a colheitadeira Kubota est\u00e1 criando solu\u00e7\u00f5es para os clientes.\u00a0<a href=\"https:\/\/www.tractors.co.mz\/pt\/product-category\/colheitadeiras\/\"><strong>As colheitadeiras e os transplantadores de arroz<\/strong><\/a>\u00a0s\u00e3o fabricados pela Kubota desde o in\u00edcio dos anos 1970.\u00a0Como especialista de topo nesta \u00e1rea, o objectivo da Kubota \u00e9 ajudar o maior n\u00famero poss\u00edvel de agricultores a cultivar pelo menos mais um gr\u00e3o de arroz.\u00a0A colheita em locais compactos \u00e9 poss\u00edvel gra\u00e7as a um design pequeno e f\u00e1cil de usar, com \u00e2ngulos de colheita estreitos e rota\u00e7\u00e3o (giramento) r\u00e1pida e eficaz.\u00a0O Narrow Ridge tem um formato compacto, por isso \u00e9 mais conveniente percorrer a curta dist\u00e2ncia entre um ponto a outro.<\/p>\n<p>Os campos em miniatura se beneficiar\u00e3o da constru\u00e7\u00e3o leve e compacta do Kubota DC-35.\u00a0A experi\u00eancia do usu\u00e1rio deve ser melhorada devido ao seu tamanho menor.\u00a0Pode ser usado em v\u00e1rios locais de trabalho.\u00a0Com uma ceifeira-debulhadora DC 35, pequenos arrozais podem ser colhidos de forma r\u00e1pida e eficiente gra\u00e7as \u00e0 opera\u00e7\u00e3o simples da m\u00e1quina e aos \u00e2ngulos de colheita estreitos.\u00a0A capacidade de carga de um ve\u00edculo min\u00fasculo aumenta quando ele est\u00e1 em movimento devido ao seu pequeno tamanho.\u00a0A sujeira exerce menos press\u00e3o sobre o ve\u00edculo j\u00e1 que a esteira \u00e9 muito leve e larga.<\/p>\n<h2>Recursos especiais do Kubota DC-35<\/h2>\n<ul>\n<li>Excelentes capacidades de separa\u00e7\u00e3o e debulha em situa\u00e7\u00f5es de alta carga;<\/li>\n<li>O sistema t\u00edpico de limpeza de fluxo de ar da Kubota mant\u00e9m um fluxo de ar constante atrav\u00e9s da caixa do filtro.\u00a0Este procedimento reduz o n\u00famero de cascas e outros res\u00edduos mesmo no processamento de grandes quantidades;<\/li>\n<li>Ao limpar uma unidade de filtragem deslizante, as brocas, parafusos e ventiladores est\u00e3o todos localizados dentro da caixa do filtro;<\/li>\n<li>N\u00e3o h\u00e1 necessidade de desmontar a esteira alimentadora ou o tambor de perfura\u00e7\u00e3o ao utilizar o mecanismo de revers\u00e3o do trator Kubota;<\/li>\n<li>Completo em um formato compacto;<\/li>\n<li>Adequado para colheita de arrozais com \u00e1rea limitada;<\/li>\n<li>A capacidade de lidar com cargas pesadas com efici\u00eancia excepcional;<\/li>\n<li>F\u00e1cil de entender e colocar em pr\u00e1tica;<\/li>\n<li>\u00c9 f\u00e1cil acompanhar<\/li>\n<\/ul>\n<h2>Uso de colheitadeiras em Mo\u00e7ambique<\/h2>\n<p>Quando se trata de agricultura, \u00e9 exigente f\u00edsica e intelectualmente.\u00a0Use os melhores equipamentos e suprimentos para maximizar suas colheitas no final da temporada.\u00a0Os agricultores constituem a maioria da popula\u00e7\u00e3o de Mo\u00e7ambique.\u00a0As pessoas que praticam a agricultura de subsist\u00eancia dependem de uma gest\u00e3o e colheita adequadas das culturas para manterem as suas colheitas de alta qualidade.\u00a0\u00c9 por esta raz\u00e3o que a colheita \u00e9 t\u00e3o cr\u00edtica.\u00a0\u00c9 poss\u00edvel colher uma grande variedade de culturas utilizando uma Colheitadeira Combinada, que \u00e9 uma das colheitadeiras mais vers\u00e1teis do mercado.\u00a0Colheita tr\u00eas em um \u00e9 o nome dado a este m\u00e9todo porque combina tr\u00eas procedimentos de colheita separados em uma \u00fanica opera\u00e7\u00e3o.\u00a0A utiliza\u00e7\u00e3o de ceifeiras-debulhadoras, que diminui significativamente o n\u00famero de humanos empregados na agricultura, \u00e9 uma das inova\u00e7\u00f5es mais proeminentes em termos de poupan\u00e7a de m\u00e3o-de-obra.\u00a0A moderna colheitadeira \u00e9 capaz de colher uma grande variedade de gr\u00e3os.\u00a0Colher, debulhar e joeirar s\u00e3o tr\u00eas opera\u00e7\u00f5es de colheita distintas que s\u00e3o mescladas em uma.<\/p>\n<p>Por favor contacte\u00a0<a href=\"https:\/\/www.tractors.co.mz\/pt\/\"><strong>a Tractors Mo\u00e7ambique<\/strong><\/a>\u00a0se tiver mais d\u00favidas sobre o DC-35.\u00a0O preenchimento de um formul\u00e1rio online ou o contacto atrav\u00e9s do WhatsApp ir\u00e1 responder a qualquer d\u00favida que possa ter sobre as novas m\u00e1quinas agr\u00edcolas dispon\u00edveis na Tractors Mo\u00e7ambique.<\/p>\n","protected":false},"excerpt":{"rendered":"<p>Marca: Kubota<br \/>\nModelo: DC-35<br \/>\nPot\u00eancia: 33 cv<br \/>\nCapacidade de combust\u00edvel: 60L<br \/>\nCapacidade do tanque de gr\u00e3os: 130 L<br \/>\nDist\u00e2ncia ao solo: 300 mm<br \/>\nPeso corporal: 3.150<\/p>\n","protected":false},"featured_media":1486,"template":"","meta":[],"product_brand":[],"product_cat":[25],"product_tag":[],"class_list":{"0":"post-672","1":"product","2":"type-product","3":"status-publish","4":"has-post-thumbnail","6":"product_cat-colheitadeiras","8":"first","9":"instock","10":"product-type-simple"},"aioseo_notices":[],"_links":{"self":[{"href":"https:\/\/www.tractors.co.mz\/pt\/wp-json\/wp\/v2\/product\/672","targetHints":{"allow":["GET"]}}],"collection":[{"href":"https:\/\/www.tractors.co.mz\/pt\/wp-json\/wp\/v2\/product"}],"about":[{"href":"https:\/\/www.tractors.co.mz\/pt\/wp-json\/wp\/v2\/types\/product"}],"wp:featuredmedia":[{"embeddable":true,"href":"https:\/\/www.tractors.co.mz\/pt\/wp-json\/wp\/v2\/media\/1486"}],"wp:attachment":[{"href":"https:\/\/www.tractors.co.mz\/pt\/wp-json\/wp\/v2\/media?parent=672"}],"wp:term":[{"taxonomy":"product_brand","embeddable":true,"href":"https:\/\/www.tractors.co.mz\/pt\/wp-json\/wp\/v2\/product_brand?post=672"},{"taxonomy":"product_cat","embeddable":true,"href":"https:\/\/www.tractors.co.mz\/pt\/wp-json\/wp\/v2\/product_cat?post=672"},{"taxonomy":"product_tag","embeddable":true,"href":"https:\/\/www.tractors.co.mz\/pt\/wp-json\/wp\/v2\/product_tag?post=672"}],"curies":[{"name":"wp","href":"https:\/\/api.w.org\/{rel}","templated":true}]}}