{"id":518,"date":"2022-10-11T12:14:31","date_gmt":"2022-10-11T12:14:31","guid":{"rendered":"https:\/\/www.tractors.co.ug\/?post_type=product&#038;p=518"},"modified":"2025-01-02T07:37:36","modified_gmt":"2025-01-02T07:37:36","slug":"new-holland-ghazi-trator","status":"publish","type":"product","link":"https:\/\/www.tractors.co.mz\/pt\/product\/new-holland-ghazi-trator\/","title":{"rendered":"Trator New Holland Ghazi em Mo\u00e7ambique"},"content":{"rendered":"<p><iframe loading=\"lazy\" width=\"100%\" height=\"\" src=\"https:\/\/www.youtube.com\/embed\/CfRWUI6DSQs?si=mTOzznd1ySXyBYmb\" title=\"YouTube video player\" frameborder=\"0\" allow=\"accelerometer; autoplay; clipboard-write; encrypted-media; gyroscope; picture-in-picture; web-share\" referrerpolicy=\"strict-origin-when-cross-origin\" allowfullscreen><\/iframe><\/p>\n<h2>O seu revendedor de tratores preferido: Tratores Mo\u00e7ambique.<\/h2>\n<p>O abastecimento alimentar e o PIB de Mo\u00e7ambique s\u00e3o ambos significativamente influenciados pela agricultura.\u00a0Portanto, \u00e9 fundamental agregar mais mecaniza\u00e7\u00e3o ao processo agr\u00edcola.\u00a0Com as ferramentas e m\u00e1quinas agr\u00edcolas que fornecemos, voc\u00ea pode obter muitos benef\u00edcios.\u00a0Nossos equipamentos incluem tratores, colheitadeiras, implementos agr\u00edcolas e acess\u00f3rios.<\/p>\n<h2>Porque \u00e9 que os tractores em Mo\u00e7ambique podem ter um efeito eminente<\/h2>\n<p>Os tratores s\u00e3o \u00fateis na execu\u00e7\u00e3o de diversas aplica\u00e7\u00f5es agr\u00edcolas.\u00a0A introdu\u00e7\u00e3o dos tratores alterou a forma como a terra era manuseada e afetou as culturas cultivadas pelos agricultores.\u00a0As explora\u00e7\u00f5es agr\u00edcolas expandiram-se devido \u00e0 maior efici\u00eancia dos tratores entregues, uma vez que os agricultores podiam agora gerir mais terras.\u00a0Os agricultores em Mo\u00e7ambique podem utilizar tractores para arar, plantar e cultivar, juntamente com muitas outras tarefas.<\/p>\n<p>As marcas de tratores que oferecemos s\u00e3o tratores Massey Ferguson, New Holland e Massive.\u00a0A nossa\u00a0empresa de tratores em Mo\u00e7ambique\u00a0tem uma variedade de tamanhos para acomodar as diferentes necessidades agr\u00edcolas.\u00a0Para sermos mais econ\u00f4micos para nossos agricultores, temos que vender tratores novos e de \u00f3tima qualidade.\u00a0Confie em n\u00f3s e encontre o equipamento certo.<\/p>\n<h2>Para alcan\u00e7ar fiabilidade e inova\u00e7\u00e3o, obtenha a New Holland em Mo\u00e7ambique<\/h2>\n<p>A New Holland \u00e9 um fabricante de m\u00e1quinas agr\u00edcolas de linha completa mundialmente conhecido que opera com sucesso h\u00e1 125 anos.\u00a0Fornecer aos agricultores de todo o mundo produtos l\u00edderes do setor, concentrados na inova\u00e7\u00e3o, na sustentabilidade e na excelente rela\u00e7\u00e3o custo-benef\u00edcio, \u00e9 o principal objetivo da New Holland.\u00a0Os nossos concession\u00e1rios New Holland em Mo\u00e7ambique est\u00e3o aqui para lhe entregar tratores para explora\u00e7\u00f5es agr\u00edcolas grandes e pequenas.<\/p>\n<p>Os tratores que vendemos atualmente cont\u00eam NH 480S, NH 640, NH 70-56, NH Dabung e NH Ghazi.\u00a0A robustez e fiabilidade destes tractores s\u00e3o a raz\u00e3o pela qual os nossos revendedores de tractores em Mo\u00e7ambique os oferecem, por isso n\u00e3o perca a oportunidade de encontrar o Melhor Tractor New Holland para si.\u00a0Para proporcionar ainda mais facilidade, temos New Holland \u00e0 venda a pre\u00e7os inacreditavelmente baixos.<\/p>\n<h2>Por que o trator New Holland Ghazi deve ser sua pr\u00f3xima compra<\/h2>\n<p>O NH Ghazi tem a capacidade de enfrentar diferentes tarefas de forma eficiente devido ao seu motor diesel de inje\u00e7\u00e3o direta de 65 HP a 4 tempos e \u00e0 sua estrutura forte e robusta.\u00a0Seu peso operacional \u00e9 de 1.785 kg, seu comprimento total \u00e9 de 3.046 mm e sua dist\u00e2ncia entre eixos \u00e9 de 1.953 mm.\u00a0Este trator possui transmiss\u00e3o hidr\u00e1ulica de 18 litros, tanque de combust\u00edvel de 54 litros e \u00f3leo de motor de 8 litros.<\/p>\n<p>Al\u00e9m disso, possui embreagem de disco duplo tipo seco com controles separados e caixa de c\u00e2mbio com 10 marchas de malha constante.\u00a0Para maior desempenho e pot\u00eancia, este trator possui tubos de eixo traseiro SG Iron.\u00a0Este trator possui 3 cilindros, links hidr\u00e1ulicos traseiros e far\u00f3is tipo halog\u00eanio de 3 posi\u00e7\u00f5es.\u00a0Possui tamb\u00e9m um termostato que permite a partida f\u00e1cil do trator nas temperaturas mais frias.<\/p>\n<p>Para proporcionar o m\u00e1ximo conforto aos agricultores, o NH Ghazi possui um sistema de freios imersos em \u00f3leo e assento de luxo com suspens\u00e3o de molas.\u00a0Para uma experi\u00eancia de condu\u00e7\u00e3o ainda mais agrad\u00e1vel e pouco esfor\u00e7o do condutor, tamb\u00e9m incorpora dire\u00e7\u00e3o assistida hidrost\u00e1tica.\u00a0O que o torna popular, por\u00e9m, \u00e9 a efici\u00eancia de combust\u00edvel do trator.<\/p>\n<p>Todas as suas qualidades permitem que o trator trabalhe por mais tempo mesmo em condi\u00e7\u00f5es clim\u00e1ticas adversas, como altas temperaturas.\u00a0Tamb\u00e9m \u00e9 f\u00e1cil de trabalhar e manter, o que o torna desej\u00e1vel.\u00a0Nossos\u00a0<a href=\"https:\/\/www.tractors.co.mz\/pt\/sobre-nos\/\"><strong>revendedores de tratores New Holland<\/strong><\/a>\u00a0fornecem o NH Ghazi porque ele auxilia no cultivo da terra, na semeadura, na constru\u00e7\u00e3o de estradas e pavimentos agr\u00edcolas, na irriga\u00e7\u00e3o, na restaura\u00e7\u00e3o do solo, no transporte e na movimenta\u00e7\u00e3o de mercadorias.<\/p>\n<p>Voc\u00ea pode visitar nosso site para descobrir nossos produtos.\u00a0Fique em contato com nossa equipe de vendas para obter informa\u00e7\u00f5es mais detalhadas sobre m\u00e1quinas e ferramentas agr\u00edcolas automatizadas.<\/p>\n","protected":false},"excerpt":{"rendered":"<p>Modelo \/ Tipo: New Holland Ghazi<br \/>\nPot\u00eancia: 65hp<br \/>\nTransmiss\u00e3o: Manual<br \/>\nCondi\u00e7\u00e3o: Novo<br \/>\nCor: Laranja<\/p>\n","protected":false},"featured_media":1473,"template":"","meta":[],"product_brand":[],"product_cat":[23,28],"product_tag":[],"class_list":{"0":"post-518","1":"product","2":"type-product","3":"status-publish","4":"has-post-thumbnail","6":"product_cat-new-holland","7":"product_cat-tratores","9":"first","10":"instock","11":"product-type-simple"},"aioseo_notices":[],"_links":{"self":[{"href":"https:\/\/www.tractors.co.mz\/pt\/wp-json\/wp\/v2\/product\/518","targetHints":{"allow":["GET"]}}],"collection":[{"href":"https:\/\/www.tractors.co.mz\/pt\/wp-json\/wp\/v2\/product"}],"about":[{"href":"https:\/\/www.tractors.co.mz\/pt\/wp-json\/wp\/v2\/types\/product"}],"wp:featuredmedia":[{"embeddable":true,"href":"https:\/\/www.tractors.co.mz\/pt\/wp-json\/wp\/v2\/media\/1473"}],"wp:attachment":[{"href":"https:\/\/www.tractors.co.mz\/pt\/wp-json\/wp\/v2\/media?parent=518"}],"wp:term":[{"taxonomy":"product_brand","embeddable":true,"href":"https:\/\/www.tractors.co.mz\/pt\/wp-json\/wp\/v2\/product_brand?post=518"},{"taxonomy":"product_cat","embeddable":true,"href":"https:\/\/www.tractors.co.mz\/pt\/wp-json\/wp\/v2\/product_cat?post=518"},{"taxonomy":"product_tag","embeddable":true,"href":"https:\/\/www.tractors.co.mz\/pt\/wp-json\/wp\/v2\/product_tag?post=518"}],"curies":[{"name":"wp","href":"https:\/\/api.w.org\/{rel}","templated":true}]}}