{"id":517,"date":"2022-10-11T12:14:31","date_gmt":"2022-10-11T12:14:31","guid":{"rendered":"https:\/\/www.tractors.co.ug\/?post_type=product&#038;p=517"},"modified":"2024-12-12T13:23:34","modified_gmt":"2024-12-12T13:23:34","slug":"new-holland-70-56-trator","status":"publish","type":"product","link":"https:\/\/www.tractors.co.mz\/pt\/product\/new-holland-70-56-trator\/","title":{"rendered":"Trator New Holland 70-56 em Mo\u00e7ambique"},"content":{"rendered":"<p><iframe loading=\"lazy\" width=\"100%\" height=\"\" src=\"https:\/\/www.youtube.com\/embed\/qfbUupV88Z8?si=iPscTHQLFwRF7-1C\" title=\"YouTube video player\" frameborder=\"0\" allow=\"accelerometer; autoplay; clipboard-write; encrypted-media; gyroscope; picture-in-picture; web-share\" referrerpolicy=\"strict-origin-when-cross-origin\" allowfullscreen><\/iframe><\/p>\n<p>O neg\u00f3cio agr\u00edcola de Mo\u00e7ambique poder\u00e1 beneficiar muito com a venda da New Holland, que \u00e9 uma das melhores op\u00e7\u00f5es dispon\u00edveis.\u00a0A pot\u00eancia hidrost\u00e1tica do ve\u00edculo proporciona um excelente desempenho de dire\u00e7\u00e3o.\u00a0A New Holland em Mo\u00e7ambique fornece a mais ampla gama de m\u00e1quinas agr\u00edcolas.\u00a0Existem diversas op\u00e7\u00f5es de financiamento dispon\u00edveis, bem como uma vasta gama de componentes e servi\u00e7os.\u00a0Os agricultores sabem que um New Holland \u00e0 venda far\u00e1 o trabalho bem feito \u00e0 primeira vez.\u00a0Dito de outra forma, os New Holland em Mo\u00e7ambique que est\u00e3o actualmente no mercado e dispon\u00edveis para compra na Tractors Mo\u00e7ambique s\u00e3o conhecidos pela sua flexibilidade.\u00a0A New Holland em Mo\u00e7ambique n\u00e3o s\u00f3 possui um sistema de mecaniza\u00e7\u00e3o completo e duradouro, mas tamb\u00e9m tem despesas de funcionamento m\u00ednimas e \u00e9 f\u00e1cil de manter.\u00a0Esses tratores tamb\u00e9m oferecem uma variedade de outras vantagens.<\/p>\n<p>Os produtos da nossa linha New Holland s\u00e3o f\u00e1ceis de usar.\u00a0Al\u00e9m disso, o departamento de servi\u00e7os da Tractors Mo\u00e7ambique e uma vasta gama de op\u00e7\u00f5es de financiamento personalizadas completam a linha mais abrangente de m\u00e1quinas agr\u00edcolas da empresa.\u00a0Os agricultores mo\u00e7ambicanos n\u00e3o t\u00eam d\u00favidas sobre a fiabilidade da Tractors Mo\u00e7ambique como os melhores\u00a0<a href=\"https:\/\/www.tractors.co.mz\/pt\/\"><strong>revendedores de tractores em Mo\u00e7ambique<\/strong><\/a>\u00a0.<\/p>\n<h2>Trator New Holland 70-56<\/h2>\n<p>Em Mo\u00e7ambique, voc\u00ea pode comprar o\u00a0melhor trator New Holland\u00a0, ou seja, um trator 70-56 com motor diesel de 85 cavalos fabricado no Paquist\u00e3o.\u00a0O trator \u00e9 um modelo New Holland.\u00a0Com uma pot\u00eancia superior, o modelo 70-56 da New Holland em Mo\u00e7ambique supera o tractor New Holland 640, que tem a mesma pot\u00eancia mas s\u00f3 tem trac\u00e7\u00e3o \u00e0s duas rodas.\u00a0O trator New Holland 640 tem tra\u00e7\u00e3o apenas nas duas rodas, o que explica a discrep\u00e2ncia nas classifica\u00e7\u00f5es.\u00a0A tra\u00e7\u00e3o melhorada deste trator leva a um aumento geral na produtividade.\u00a0O mais moderno trator New Holland \u00e0 venda, modelo 70-56, \u00e9 conhecido por seu excelente peso devido ao seu elevador hidr\u00e1ulico de tr\u00eas pontos e p\u00e1ra-lama quadrado com topo plano.\u00a0Como cultivador e plantador, este trator New Holland 70-56 est\u00e1 equipado com uma ampla gama de fun\u00e7\u00f5es especializadas.<\/p>\n<p>Os agricultores em Mo\u00e7ambique est\u00e3o satisfeitos com a aquisi\u00e7\u00e3o de um trator New Holland para venda, nomeadamente um trator New Holland 70-56, e manifestaram a sua prefer\u00eancia por este modelo.\u00a0Os tractores em Mo\u00e7ambique, da mesma classe, t\u00eam capacidades semelhantes, mas o NH 70-56 dever\u00e1 superar ambos por uma larga margem.\u00a0O movimento de vaiv\u00e9m \u00e9 fornecido pela bomba Ferguson.\u00a0Bombeamento constante, controle de tiragem e controle de posi\u00e7\u00e3o s\u00e3o apenas alguns dos recursos avan\u00e7ados dispon\u00edveis nos tratores NH 70-56.\u00a0Tratores como o NH 70-56 se diferenciam da concorr\u00eancia dessa maneira.\u00a0No que diz respeito ao carregamento, este trator foi posto \u00e0 prova.\u00a0Os pre\u00e7os s\u00e3o justos, especialmente considerando o comprimento do curso de 127 mil\u00edmetros.\u00a0Como alternativa ao NH 70-56, acess\u00f3rios de carregadeira est\u00e3o dispon\u00edveis para compra.\u00a0Devido ao seu alto rendimento, \u00e9 a op\u00e7\u00e3o com melhor custo-benef\u00edcio (Horse Power).<\/p>\n<p>Um dos tratores mais confi\u00e1veis \u200b\u200be econ\u00f4micos\u00a0em Mo\u00e7ambique\u00a0\u00e9 o modelo 70-56 da New Holland para venda.\u00a0Sua gasolina pode ser armazenada a qualquer momento no tanque de 47,5 litros.\u00a0O kit inclui um volante que pode ser usado para controle manual.\u00a0Possui cilindros de quatro pist\u00f5es com deslocamento total de 3.908 cc, e as dimens\u00f5es do curso e do nascimento s\u00e3o 104 mm e 115 mm, respectivamente.\u00a027 kg de torque \u00e9 o m\u00e1ximo que pode ser alcan\u00e7ado.\u00a0Simplificando, \u00e9 uma fant\u00e1stica pe\u00e7a de maquinaria agr\u00edcola.<\/p>\n<p>Ligue-nos para ter uma chance de uma agricultura melhor.<\/p>\n","protected":false},"excerpt":{"rendered":"<p>Modelo \/ Tipo: New Holland 70-56<br \/>\nCavalos Pot\u00eancia: 85hp<br \/>\nTransmiss\u00e3o: Manual<br \/>\nCondi\u00e7\u00e3o: Novo<br \/>\nCor: Vermelho<\/p>\n","protected":false},"featured_media":1462,"template":"","meta":[],"product_brand":[],"product_cat":[23,28],"product_tag":[],"class_list":{"0":"post-517","1":"product","2":"type-product","3":"status-publish","4":"has-post-thumbnail","6":"product_cat-new-holland","7":"product_cat-tratores","9":"first","10":"instock","11":"product-type-simple"},"aioseo_notices":[],"_links":{"self":[{"href":"https:\/\/www.tractors.co.mz\/pt\/wp-json\/wp\/v2\/product\/517","targetHints":{"allow":["GET"]}}],"collection":[{"href":"https:\/\/www.tractors.co.mz\/pt\/wp-json\/wp\/v2\/product"}],"about":[{"href":"https:\/\/www.tractors.co.mz\/pt\/wp-json\/wp\/v2\/types\/product"}],"wp:featuredmedia":[{"embeddable":true,"href":"https:\/\/www.tractors.co.mz\/pt\/wp-json\/wp\/v2\/media\/1462"}],"wp:attachment":[{"href":"https:\/\/www.tractors.co.mz\/pt\/wp-json\/wp\/v2\/media?parent=517"}],"wp:term":[{"taxonomy":"product_brand","embeddable":true,"href":"https:\/\/www.tractors.co.mz\/pt\/wp-json\/wp\/v2\/product_brand?post=517"},{"taxonomy":"product_cat","embeddable":true,"href":"https:\/\/www.tractors.co.mz\/pt\/wp-json\/wp\/v2\/product_cat?post=517"},{"taxonomy":"product_tag","embeddable":true,"href":"https:\/\/www.tractors.co.mz\/pt\/wp-json\/wp\/v2\/product_tag?post=517"}],"curies":[{"name":"wp","href":"https:\/\/api.w.org\/{rel}","templated":true}]}}