{"id":516,"date":"2022-10-11T12:14:31","date_gmt":"2022-10-11T12:14:31","guid":{"rendered":"https:\/\/www.tractors.co.ug\/?post_type=product&#038;p=516"},"modified":"2024-11-29T11:05:48","modified_gmt":"2024-11-29T11:05:48","slug":"new-holland-640-trator","status":"publish","type":"product","link":"https:\/\/www.tractors.co.mz\/pt\/product\/new-holland-640-trator\/","title":{"rendered":"Trator New Holland 640 em Mo\u00e7ambique"},"content":{"rendered":"<p><iframe loading=\"lazy\" width=\"100%\" height=\"\" src=\"https:\/\/www.youtube.com\/embed\/TA1Pd7x0lJM?si=cfFpEfFujyp6JRu1\" title=\"YouTube video player\" frameborder=\"0\" allow=\"accelerometer; autoplay; clipboard-write; encrypted-media; gyroscope; picture-in-picture; web-share\" referrerpolicy=\"strict-origin-when-cross-origin\" allowfullscreen><\/iframe><\/p>\n<p><span class=\"\">Antigamente, a maior parte da agricultura era feita por agricultores individuais com a ajuda de animais e uma oferta abundante de recursos humanos.\u00a0<\/span>Neste momento, todas as facetas da agricultura s\u00e3o realizadas com o apoio de tecnologia avan\u00e7ada, o que resultou em melhorias positivas para a ind\u00fastria agr\u00edcola como um todo.\u00a0As mesmas responsabilidades de antes s\u00e3o cumpridas, mas com um n\u00edvel de produtividade mais elevado e num per\u00edodo de tempo mais curto do que o necess\u00e1rio antes.\u00a0A utiliza\u00e7\u00e3o de maquinaria agr\u00edcola n\u00e3o s\u00f3 tornou mais f\u00e1cil a execu\u00e7\u00e3o das tarefas necess\u00e1rias \u00e0 agricultura, como tamb\u00e9m permitiu que as explora\u00e7\u00f5es agr\u00edcolas produzissem mais alimentos do que conseguiam no passado.<\/p>\n<h2>Somos os revendedores de tratores que d\u00e3o o seu melhor<\/h2>\n<p>A Tractors Mo\u00e7ambique \u00e9 uma empresa experiente que vende m\u00e1quinas agr\u00edcolas e tratores como tratores Massey Ferguson e\u00a0<a href=\"https:\/\/www.tractors.co.mz\/pt\/product-category\/tratores\/new-holland\/\"><strong>tratores New Holland em Mo\u00e7ambique<\/strong><\/a>\u00a0.\u00a0Algumas das m\u00e1quinas agr\u00edcolas que vendemos incluem pulverizadores agr\u00edcolas, escavadeiras e arados e grades.\u00a0As m\u00e1quinas agr\u00edcolas e implementos agr\u00edcolas \u00e0 venda que oferecemos s\u00e3o ben\u00e9ficos para os agricultores e compat\u00edveis com os nossos tratores New Holland.\u00a0Empregamos apenas equipamentos de alta qualidade, constru\u00eddos para durar e que requerem pouca manuten\u00e7\u00e3o, e apoiamos isso fornecendo instala\u00e7\u00e3o qualificada e assist\u00eancia da Tractors Mo\u00e7ambique.<\/p>\n<h2>Algumas caracter\u00edsticas do New Holland 640<\/h2>\n<p>O trator agr\u00edcola New Holland 640 \u00e9 um trator potente \u00e0 venda em Mo\u00e7ambique.\u00a0\u00c9 conhecido por seu design compacto e robusto, que garante durabilidade e confiabilidade.\u00a0Apesar de seu tamanho moderado, um trator agr\u00edcola \u00e9 uma m\u00e1quina potente que pode suportar condi\u00e7\u00f5es clim\u00e1ticas e de terreno adversas.\u00a0O trator New Holland 640 tem transmiss\u00e3o manual e \u00e9 um trator agr\u00edcola bem constru\u00eddo.\u00a0\u00c9 movido por um forte motor diesel de 75 HP.\u00a0\u00c9 um trator agr\u00edcola agr\u00edcola com dire\u00e7\u00e3o manual e tra\u00e7\u00e3o nas duas rodas.\u00a0Suas enormes rodas traseiras ajudam os agricultores a cultivar o solo, o que resulta em colheitas bem produzidas.\u00a0Mais dois recursos que contribuem para o charme geral s\u00e3o as luzes frontais e uma cobertura \u00e0 prova de sol.<\/p>\n<h2>Benef\u00edcios da New Holland 640<\/h2>\n<p>O tractor agr\u00edcola New Holland 640 n\u00e3o \u00e9 apenas potente, mas tamb\u00e9m capaz de realizar m\u00faltiplas tarefas que s\u00e3o necess\u00e1rias regularmente aos agricultores de Mo\u00e7ambique.\u00a0\u00c9 um excelente tractor agr\u00edcola vers\u00e1til, tornando-o a melhor escolha para a agricultura mecanizada em Mo\u00e7ambique.\u00a0Com a ajuda do seu incr\u00edvel motor de 75 CV, o trator New Holland 640 consegue funcionar sob imensa press\u00e3o e lidar com o stress de forma brilhante.\u00a0Este tractor agr\u00edcola foi constru\u00eddo especificamente para proporcionar durabilidade aos agricultores de Mo\u00e7ambique.\u00a0O potente trator agr\u00edcola pode ser usado para levantar e carregar at\u00e9 1.600 kg de mercadorias de forma eficiente, mas tamb\u00e9m pode ser usado para o transporte de mercadorias, pois pode puxar at\u00e9 mais de 10 toneladas de mercadorias com a ajuda de reboques agr\u00edcolas.\u00a0Esta capacidade de eleva\u00e7\u00e3o e tra\u00e7\u00e3o \u00e9 de extremo valor para os agricultores de Mo\u00e7ambique, uma vez que s\u00e3o obrigados a transportar e carregar mercadorias regularmente.<\/p>\n<p>Contacte\u00a0a Tractors Mo\u00e7ambique\u00a0para comprar o melhor New Holland 640 a um pre\u00e7o muito razo\u00e1vel.<\/p>\n","protected":false},"excerpt":{"rendered":"<p>Modelo \/ Tipo: New Holland 640<br \/>\nCavalos Pot\u00eancia: 75hp<br \/>\nTransmiss\u00e3o: Manual<br \/>\nCondi\u00e7\u00e3o: Novo<br \/>\nCor: Vermelho<\/p>\n","protected":false},"featured_media":1456,"template":"","meta":[],"product_brand":[],"product_cat":[23],"product_tag":[],"class_list":{"0":"post-516","1":"product","2":"type-product","3":"status-publish","4":"has-post-thumbnail","6":"product_cat-new-holland","8":"first","9":"instock","10":"product-type-simple"},"aioseo_notices":[],"_links":{"self":[{"href":"https:\/\/www.tractors.co.mz\/pt\/wp-json\/wp\/v2\/product\/516","targetHints":{"allow":["GET"]}}],"collection":[{"href":"https:\/\/www.tractors.co.mz\/pt\/wp-json\/wp\/v2\/product"}],"about":[{"href":"https:\/\/www.tractors.co.mz\/pt\/wp-json\/wp\/v2\/types\/product"}],"wp:featuredmedia":[{"embeddable":true,"href":"https:\/\/www.tractors.co.mz\/pt\/wp-json\/wp\/v2\/media\/1456"}],"wp:attachment":[{"href":"https:\/\/www.tractors.co.mz\/pt\/wp-json\/wp\/v2\/media?parent=516"}],"wp:term":[{"taxonomy":"product_brand","embeddable":true,"href":"https:\/\/www.tractors.co.mz\/pt\/wp-json\/wp\/v2\/product_brand?post=516"},{"taxonomy":"product_cat","embeddable":true,"href":"https:\/\/www.tractors.co.mz\/pt\/wp-json\/wp\/v2\/product_cat?post=516"},{"taxonomy":"product_tag","embeddable":true,"href":"https:\/\/www.tractors.co.mz\/pt\/wp-json\/wp\/v2\/product_tag?post=516"}],"curies":[{"name":"wp","href":"https:\/\/api.w.org\/{rel}","templated":true}]}}