{"id":515,"date":"2022-10-11T12:14:31","date_gmt":"2022-10-11T12:14:31","guid":{"rendered":"https:\/\/www.tractors.co.ug\/?post_type=product&#038;p=515"},"modified":"2024-11-27T12:27:34","modified_gmt":"2024-11-27T12:27:34","slug":"new-holland-480s-trator","status":"publish","type":"product","link":"https:\/\/www.tractors.co.mz\/pt\/product\/new-holland-480s-trator\/","title":{"rendered":"Trator New Holland 480S em Mo\u00e7ambique"},"content":{"rendered":"<p><iframe loading=\"lazy\" width=\"100%\" height=\"\" src=\"https:\/\/www.youtube.com\/embed\/BkHb_VHFErk?si=3e4ResRus0iMOZJB\" title=\"YouTube video player\" frameborder=\"0\" allow=\"accelerometer; autoplay; clipboard-write; encrypted-media; gyroscope; picture-in-picture; web-share\" referrerpolicy=\"strict-origin-when-cross-origin\" allowfullscreen><\/iframe><\/p>\n<p><span class=\"\">Mo\u00e7ambique, como muitas outras na\u00e7\u00f5es africanas e do terceiro mundo, est\u00e1 \u00e0 procura de m\u00e9todos para melhorar a produ\u00e7\u00e3o agr\u00edcola atrav\u00e9s do uso de tecnologia e pr\u00e1ticas agr\u00edcolas modernas para satisfazer as necessidades de uma popula\u00e7\u00e3o em expans\u00e3o e da crescente procura de exporta\u00e7\u00f5es.\u00a0<\/span>Colheitadeiras, tratores e outras m\u00e1quinas agr\u00edcolas s\u00e3o utilizadas nesses m\u00e9todos.\u00a0Os tractores agr\u00edcolas e outras m\u00e1quinas agr\u00edcolas semelhantes podem ajudar a expans\u00e3o da agricultura mo\u00e7ambicana e a obter melhores rendimentos.\u00a0Ter um extenso invent\u00e1rio de tractores e uma variedade de ferramentas para venda \u00e9 uma necessidade para qualquer agricultor mo\u00e7ambicano que pretenda obter o maior potencial de resultados e produtividade da sua propriedade.<\/p>\n<h2>Revendedores confi\u00e1veis \u200b\u200bpara agricultores nigerianos<\/h2>\n<p>A Tractors Mo\u00e7ambique \u00e9 um dos mais reconhecidos concession\u00e1rios de tractores New Holland\u00a0em Mo\u00e7ambique\u00a0.\u00a0Temos uma variedade completa de tratores e outros implementos agr\u00edcolas New Holland para venda.\u00a0\u00c9 o maior exportador e um dos maiores revendedores de tractores New Holland em Mo\u00e7ambique.\u00a0Uma grande variedade de implementos agr\u00edcolas em Mo\u00e7ambique est\u00e1 dispon\u00edvel para compra na nossa empresa.\u00a0Tamb\u00e9m temos tratores Massey Ferguson dispon\u00edveis para venda a pre\u00e7os muito razo\u00e1veis \u200b\u200bem Mo\u00e7ambique.<\/p>\n<h2>Excelente qualidade de constru\u00e7\u00e3o da New Holland,480S<\/h2>\n<p>O New Holland 480S \u00e9 o melhor e mais econ\u00f3mico trator agr\u00edcola da gama de 50 CV.\u00a0\u00c9 um trator agr\u00edcola de desempenho brilhante com motor diesel de 3 cilindros.\u00a0O tractor agr\u00edcola New Holland 480S \u00e9 muito forte e robusto devido \u00e0 sua estrutura robusta e \u00e9 altamente compat\u00edvel com as condi\u00e7\u00f5es agr\u00edcolas e ambientais de Mo\u00e7ambique.\u00a0O trator New Holland 480S est\u00e1 dispon\u00edvel com dire\u00e7\u00e3o hidr\u00e1ulica, o que reduz a fadiga do motorista.\u00a0\u00c9 um tractor agr\u00edcola muito vers\u00e1til, capaz de realizar m\u00faltiplas actividades agr\u00edcolas e \u00e9 capaz de trabalhar em solos duros e duros, ideal para a agricultura de Mo\u00e7ambique.\u00a0Possuindo assento de luxo com suspens\u00e3o de molas para o m\u00e1ximo conforto e a melhor experi\u00eancia de condu\u00e7\u00e3o, \u00e9 facilmente manobr\u00e1vel devido \u00e0 sua estrutura compacta.\u00a0Seu f\u00e1cil acesso aos pontos de servi\u00e7o facilita a manuten\u00e7\u00e3o.\u00a0<a href=\"https:\/\/www.tractors.co.mz\/pt\/contate-nos\/\"><strong>O New Holland 480S \u00e9 um trator agr\u00edcola<\/strong><\/a>\u00a0com baixo consumo de combust\u00edvel e baixo custo\u00a0.\u00a0O trator agr\u00edcola New Holland 480S \u00e9 muito f\u00e1cil de operar.<\/p>\n<h2>Como o uso do trator New Holland 480S \u00e9 \u00fatil?<\/h2>\n<p>A Tractors Mo\u00e7ambique \u00e9 o maior revendedor do Trator New Holland 480S e de outros tratores populares em Mo\u00e7ambique, especializando-se na venda de tratores agr\u00edcolas em todo o pa\u00eds.\u00a0Devido ao seu baixo custo e desempenho de alta qualidade, o Trator New Holland 480S \u00e9 muito procurado em Mo\u00e7ambique.\u00a0O Trator 480S da New Holland \u00e9 um trator agr\u00edcola vers\u00e1til que pode ser usado para diversas tarefas, incluindo prepara\u00e7\u00e3o do solo para cultivo, transporte de mercadorias, plantio de culturas e irriga\u00e7\u00e3o de \u00e1gua, entre outras.\u00a0Devido \u00e0 sua compatibilidade com o ambiente agr\u00edcola e o solo de Mo\u00e7ambique, o Tractor 480S da New Holland \u00e9 uma excelente escolha para a agricultura em Mo\u00e7ambique.<\/p>\n<p>Encorajamos os novos e jovens agricultores a optarem por este maravilhoso trator agr\u00edcola para iniciarem a sua jornada agr\u00edcola.\u00a0O New Holland 480S \u00e9 acess\u00edvel e constitui um pacote completo para novos e jovens agricultores, para que possam realizar todas as tarefas necess\u00e1rias de forma eficiente e eficaz.<\/p>\n<p>Entre em contato conosco agora para comprar conosco as melhores m\u00e1quinas agr\u00edcolas do pa\u00eds.<\/p>\n","protected":false},"excerpt":{"rendered":"<p>Modelo \/ Tipo: New Holland 480S<br \/>\nPot\u00eancia: 55hp<br \/>\nTransmiss\u00e3o: Manual<br \/>\nCondi\u00e7\u00e3o: Novo<br \/>\nCor: Laranja<\/p>\n","protected":false},"featured_media":1450,"template":"","meta":[],"product_brand":[],"product_cat":[23],"product_tag":[],"class_list":{"0":"post-515","1":"product","2":"type-product","3":"status-publish","4":"has-post-thumbnail","6":"product_cat-new-holland","8":"first","9":"instock","10":"product-type-simple"},"aioseo_notices":[],"_links":{"self":[{"href":"https:\/\/www.tractors.co.mz\/pt\/wp-json\/wp\/v2\/product\/515","targetHints":{"allow":["GET"]}}],"collection":[{"href":"https:\/\/www.tractors.co.mz\/pt\/wp-json\/wp\/v2\/product"}],"about":[{"href":"https:\/\/www.tractors.co.mz\/pt\/wp-json\/wp\/v2\/types\/product"}],"wp:featuredmedia":[{"embeddable":true,"href":"https:\/\/www.tractors.co.mz\/pt\/wp-json\/wp\/v2\/media\/1450"}],"wp:attachment":[{"href":"https:\/\/www.tractors.co.mz\/pt\/wp-json\/wp\/v2\/media?parent=515"}],"wp:term":[{"taxonomy":"product_brand","embeddable":true,"href":"https:\/\/www.tractors.co.mz\/pt\/wp-json\/wp\/v2\/product_brand?post=515"},{"taxonomy":"product_cat","embeddable":true,"href":"https:\/\/www.tractors.co.mz\/pt\/wp-json\/wp\/v2\/product_cat?post=515"},{"taxonomy":"product_tag","embeddable":true,"href":"https:\/\/www.tractors.co.mz\/pt\/wp-json\/wp\/v2\/product_tag?post=515"}],"curies":[{"name":"wp","href":"https:\/\/api.w.org\/{rel}","templated":true}]}}