{"id":437,"date":"2022-10-11T12:14:31","date_gmt":"2022-10-11T12:14:31","guid":{"rendered":"https:\/\/www.tractors.co.ug\/product\/v-ditcher\/"},"modified":"2023-11-30T09:37:21","modified_gmt":"2023-11-30T09:37:21","slug":"v-ditador","status":"publish","type":"product","link":"https:\/\/www.tractors.co.mz\/pt\/product\/v-ditador\/","title":{"rendered":"V Ditador"},"content":{"rendered":"<p>O abastecimento de \u00e1gua \u00e9 crucial para o cultivo das culturas.\u00a0Para o efeito, est\u00e1 em curso o desenvolvimento de cursos de \u00e1gua e canais de \u00e1gua atrav\u00e9s de uma s\u00f3lida e robusta alfaia agr\u00edcola montada em trator, nomeadamente v vala.\u00a0Este\u00a0<a href=\"https:\/\/www.tractors.co.mz\/pt\/product-category\/implementos-agricolas\/\"><strong>implemento agr\u00edcola \u00e0 venda<\/strong><\/a>\u00a0\u00e9 perfeitamente adequado para algumas atividades agr\u00edcolas, incluindo gerenciamento de drenagem, prepara\u00e7\u00e3o de terreno e solu\u00e7\u00e3o de problemas de irriga\u00e7\u00e3o.\u00a0Al\u00e9m disso, o crescimento da planta\u00e7\u00e3o \u00e9 muito melhorado se os cursos de \u00e1gua forem criados atrav\u00e9s de uma vala.\u00a0Os agricultores de Mo\u00e7ambique podem amplificar a taxa de abandono agr\u00edcola com a ajuda de um valador.<\/p>\n<h3>Caracter\u00edsticas proeminentes<\/h3>\n<ul>\n<li>Os nutrientes do solo s\u00e3o mantidos e retidos.<\/li>\n<li>A drenagem \u00e9 melhorada e a constru\u00e7\u00e3o de cumeeiras \u00e9 melhorada.<\/li>\n<li>Pode funcionar muito bem mesmo em condi\u00e7\u00f5es extremas.<\/li>\n<li>\u00c9 verificado sob verifica\u00e7\u00e3o ISO 9001.<\/li>\n<li>De alta qualidade para exporta\u00e7\u00e3o.<\/li>\n<li>Econ\u00f4mico e multifuncional.<\/li>\n<li>A eros\u00e3o do solo \u00e9 mitigada em maior medida.<\/li>\n<\/ul>\n<h3>Caracter\u00edsticas t\u00e9cnicas<\/h3>\n<ul>\n<li>Composto por a\u00e7o carbono.<\/li>\n<li>O controle de profundidade e os \u00e2ngulos de arado s\u00e3o ajust\u00e1veis.<\/li>\n<li>50 HP ou mais de fonte de alimenta\u00e7\u00e3o s\u00e3o necess\u00e1rios para compatibilidade com o trator.<\/li>\n<li>A categoria de engates inclui I, II e III.<\/li>\n<\/ul>\n<p>Tractors.co.mz \u00e9 um dos revendedores de tratores mais conceituados, operando em v\u00e1rios pa\u00edses africanos, incluindo Mo\u00e7ambique e muitos mais.\u00a0Na Tractors Mo\u00e7ambique, encontrar\u00e1 tudo o que o pode auxiliar nas suas opera\u00e7\u00f5es agr\u00edcolas.\u00a0Nosso conjunto diversificado de implementos agr\u00edcolas alivia o estresse agr\u00edcola ao subsidiar as atividades agr\u00edcolas.\u00a0Nossos implementos agr\u00edcolas de baixo custo, incluindo valetas em V e muitos mais, s\u00e3o considerados o melhor ativo em termos de produtividade e confiabilidade.<\/p>\n","protected":false},"excerpt":{"rendered":"<p>O abastecimento de \u00e1gua \u00e9 crucial para o cultivo das culturas.\u00a0Para o efeito, est\u00e1 em curso o desenvolvimento de cursos de \u00e1gua e canais de \u00e1gua atrav\u00e9s de uma s\u00f3lida e robusta alfaia agr\u00edcola montada em trator, nomeadamente v vala.\u00a0Este\u00a0implemento agr\u00edcola \u00e0 venda\u00a0\u00e9 perfeitamente adequado para algumas atividades agr\u00edcolas, incluindo gerenciamento de drenagem, prepara\u00e7\u00e3o de [&hellip;]<\/p>\n","protected":false},"featured_media":1112,"template":"","meta":[],"product_brand":[],"product_cat":[22],"product_tag":[],"class_list":{"0":"post-437","1":"product","2":"type-product","3":"status-publish","4":"has-post-thumbnail","6":"product_cat-implementos-agricolas","8":"first","9":"instock","10":"product-type-simple"},"aioseo_notices":[],"_links":{"self":[{"href":"https:\/\/www.tractors.co.mz\/pt\/wp-json\/wp\/v2\/product\/437","targetHints":{"allow":["GET"]}}],"collection":[{"href":"https:\/\/www.tractors.co.mz\/pt\/wp-json\/wp\/v2\/product"}],"about":[{"href":"https:\/\/www.tractors.co.mz\/pt\/wp-json\/wp\/v2\/types\/product"}],"wp:featuredmedia":[{"embeddable":true,"href":"https:\/\/www.tractors.co.mz\/pt\/wp-json\/wp\/v2\/media\/1112"}],"wp:attachment":[{"href":"https:\/\/www.tractors.co.mz\/pt\/wp-json\/wp\/v2\/media?parent=437"}],"wp:term":[{"taxonomy":"product_brand","embeddable":true,"href":"https:\/\/www.tractors.co.mz\/pt\/wp-json\/wp\/v2\/product_brand?post=437"},{"taxonomy":"product_cat","embeddable":true,"href":"https:\/\/www.tractors.co.mz\/pt\/wp-json\/wp\/v2\/product_cat?post=437"},{"taxonomy":"product_tag","embeddable":true,"href":"https:\/\/www.tractors.co.mz\/pt\/wp-json\/wp\/v2\/product_tag?post=437"}],"curies":[{"name":"wp","href":"https:\/\/api.w.org\/{rel}","templated":true}]}}