{"id":436,"date":"2022-10-11T12:14:31","date_gmt":"2022-10-11T12:14:31","guid":{"rendered":"https:\/\/www.tractors.co.ug\/product\/hammer-mill\/"},"modified":"2024-06-26T11:21:27","modified_gmt":"2024-06-26T11:21:27","slug":"moinho-de-martelo","status":"publish","type":"product","link":"https:\/\/www.tractors.co.mz\/pt\/product\/moinho-de-martelo\/","title":{"rendered":"Moinho de martelo"},"content":{"rendered":"<p><span class=\"\">Para esmagar os gr\u00e3os, um implemento agr\u00edcola competitivo montado em trator agr\u00edcola \u00e9 usado pelos agricultores mo\u00e7ambicanos, denominado moinho de martelos.\u00a0<\/span>Este moinho de martelos compreende v\u00e1rios pequenos martelos cujos golpes repetidos trituram a colheita necess\u00e1ria at\u00e9 a sua forma esmagada.\u00a0Desta forma, algumas culturas, nomeadamente amendoim, milho, trigo, soja, erva, palha, etc., podem ser facilmente esmagadas.\u00a0Este\u00a0<a href=\"https:\/\/www.tractors.co.mz\/pt\/product-category\/implementos-agricolas\/\"><strong>implemento agr\u00edcola em Mo\u00e7ambique<\/strong><\/a>\u00a0utiliza a opera\u00e7\u00e3o de ciclone evitando assim que a forma pulverulenta da subst\u00e2ncia agregada se disperse no ar.\u00a0Para muitas aplica\u00e7\u00f5es industriais e comerciais, os moinhos de martelo contribuem enormemente.<\/p>\n<h2>Caracter\u00edsticas proeminentes<\/h2>\n<ul>\n<li>O corte e a redu\u00e7\u00e3o de tamanho ficam mais f\u00e1ceis e r\u00e1pidos.<\/li>\n<li>Comprimentos personalizados podem ser obtidos.<\/li>\n<li>S\u00e3o produzidas part\u00edculas em forma de esfera.<\/li>\n<li>Apesar de ser robusto, utiliza pouca quantidade de combust\u00edvel.<\/li>\n<li>Um dos mecanismos econ\u00f4micos para triturar e descascar subst\u00e2ncias.<\/li>\n<li>Exporte material de qualidade.<\/li>\n<li>\u00c9 verificado sob verifica\u00e7\u00e3o ISO 9001.<\/li>\n<\/ul>\n<h2>Caracter\u00edsticas t\u00e9cnicas<\/h2>\n<ul>\n<li>O eixo de transmiss\u00e3o e os martelos est\u00e3o interligados.<\/li>\n<li>V\u00e1rios pontos de verifica\u00e7\u00e3o de estruturas simples.<\/li>\n<li>Um tambor de a\u00e7o \u00e9 fornecido com um eixo girat\u00f3rio e um martelo.<\/li>\n<li>Extremidade de expuls\u00e3o \u00fanica, bem como um ponto de abertura.<\/li>\n<li>Abertura ajust\u00e1vel para atingir o tamanho de material desejado.<\/li>\n<li>Um enorme compartimento de esmagamento.<\/li>\n<\/ul>\n<p>Encontrar um trator e implementos agr\u00edcolas de qualidade n\u00e3o \u00e9 mais um inc\u00f4modo, especialmente quando voc\u00ea tem tractors.com.mz no mesmo n\u00edvel.\u00a0Na Tractors Mo\u00e7ambique, acreditamos numa abordagem que coloca o cliente em primeiro lugar para garantir que os nossos clientes est\u00e3o completamente satisfeitos com os nossos produtos e servi\u00e7os oferecidos.\u00a0Os moinhos de martelos e outros instrumentos agr\u00edcolas importantes, que podem ser de utiliza\u00e7\u00e3o fundamental para os agricultores mo\u00e7ambicanos, s\u00e3o fornecidos pela Tractors Mo\u00e7ambique a pre\u00e7os extremamente acess\u00edveis.<\/p>\n","protected":false},"excerpt":{"rendered":"<p><strong>Especifica\u00e7\u00f5es<\/strong><br \/>\nPolia do motor<br \/>\nBal\u00e3o de algod\u00e3o com 2 n\u00fameros<br \/>\nBase antivibrat\u00f3ria Suporte com trilho ajust\u00e1vel para motor com<br \/>\n3 n\u00fameros de telas perfuradas com furos redondos.<br \/>\narrancadores, interruptor principal, amper\u00edmetro, condensador Para trif\u00e1sico<br \/>\nParafusos de funda\u00e7\u00e3o<br \/>\nCorreias em V<br \/>\nTodas as pe\u00e7as de contacto em a\u00e7o inoxid\u00e1vel 304\/316 podem ser acomodadas.<\/p>\n","protected":false},"featured_media":1765,"template":"","meta":[],"product_brand":[],"product_cat":[22],"product_tag":[],"class_list":{"0":"post-436","1":"product","2":"type-product","3":"status-publish","4":"has-post-thumbnail","6":"product_cat-implementos-agricolas","8":"first","9":"instock","10":"product-type-simple"},"aioseo_notices":[],"_links":{"self":[{"href":"https:\/\/www.tractors.co.mz\/pt\/wp-json\/wp\/v2\/product\/436","targetHints":{"allow":["GET"]}}],"collection":[{"href":"https:\/\/www.tractors.co.mz\/pt\/wp-json\/wp\/v2\/product"}],"about":[{"href":"https:\/\/www.tractors.co.mz\/pt\/wp-json\/wp\/v2\/types\/product"}],"wp:featuredmedia":[{"embeddable":true,"href":"https:\/\/www.tractors.co.mz\/pt\/wp-json\/wp\/v2\/media\/1765"}],"wp:attachment":[{"href":"https:\/\/www.tractors.co.mz\/pt\/wp-json\/wp\/v2\/media?parent=436"}],"wp:term":[{"taxonomy":"product_brand","embeddable":true,"href":"https:\/\/www.tractors.co.mz\/pt\/wp-json\/wp\/v2\/product_brand?post=436"},{"taxonomy":"product_cat","embeddable":true,"href":"https:\/\/www.tractors.co.mz\/pt\/wp-json\/wp\/v2\/product_cat?post=436"},{"taxonomy":"product_tag","embeddable":true,"href":"https:\/\/www.tractors.co.mz\/pt\/wp-json\/wp\/v2\/product_tag?post=436"}],"curies":[{"name":"wp","href":"https:\/\/api.w.org\/{rel}","templated":true}]}}