{"id":435,"date":"2022-10-11T12:14:31","date_gmt":"2022-10-11T12:14:31","guid":{"rendered":"https:\/\/www.tractors.co.ug\/product\/landscape-rakes\/"},"modified":"2024-11-15T09:22:22","modified_gmt":"2024-11-15T09:22:22","slug":"ancinhos-de-paisagem","status":"publish","type":"product","link":"https:\/\/www.tractors.co.mz\/pt\/product\/ancinhos-de-paisagem\/","title":{"rendered":"Ancinhos de paisagem"},"content":{"rendered":"<p>Um ancinho paisag\u00edstico, como o nome indica, \u00e9 um acess\u00f3rio de trator paisag\u00edstico encontrado em abund\u00e2ncia em muitas fazendas e gramados.\u00a0Um ancinho paisag\u00edstico \u00e9 um dispositivo agr\u00edcola polivalente que pode ser usado pelos agricultores mo\u00e7ambicanos para nivelamento do solo, melhoria da qualidade de campos agr\u00edcolas extensos e extens\u00e3o da cobertura do solo.\u00a0Posteriormente, um ancinho paisag\u00edstico tamb\u00e9m pode ser usado para detritos indesejados ou remo\u00e7\u00e3o de res\u00edduos do local de cultivo.\u00a0Este implemento agr\u00edcola \u00e0 venda em Mo\u00e7ambique provou ser muito eficiente e, portanto, \u00e9 reconhecido como um implemento agr\u00edcola di\u00e1rio.<\/p>\n<h2>Caracter\u00edsticas proeminentes<\/h2>\n<ul>\n<li>Serve um desempenho exemplar.<\/li>\n<li>Dur\u00e1vel e confi\u00e1vel.<\/li>\n<li>Multiuso, anticorrosivo e antiquebr\u00e1vel.<\/li>\n<li>Os dentes s\u00e3o substitu\u00edveis.<\/li>\n<li>Resistente e resistente, composto por estrutura de a\u00e7o.<\/li>\n<li>Econ\u00f4mico.<\/li>\n<li>O espa\u00e7amento dos dentes pode ser ajustado.<\/li>\n<\/ul>\n<h2>Caracter\u00edsticas t\u00e9cnicas<\/h2>\n<ul>\n<li>A capacidade m\u00e1xima da ca\u00e7amba \u00e9 de 340 Kg.<\/li>\n<li>O peso bruto estimado \u00e9 de 503 Kg.<\/li>\n<li>S\u00e3o necess\u00e1rios 50 HP de fonte de energia para compatibilidade com o trator.<\/li>\n<li>1524 mm \u00e9 a largura de trabalho ideal.<\/li>\n<li>384 dentes s\u00e3o no total.<\/li>\n<li>O comprimento total e a largura total s\u00e3o medidos em 1.608 mm e 1.692 mm, respectivamente.<\/li>\n<\/ul>\n<p>Encontrar maquinaria agr\u00edcola\u00a0apropriada e \u00fatil em Mo\u00e7ambique\u00a0n\u00e3o \u00e9 mais problema, uma vez que a <a href=\"https:\/\/www.tractors.co.mz\/pt\/\"><strong>Tractors Mo\u00e7ambique<\/strong><\/a> constitui algumas dezenas de implementos agr\u00edcolas cred\u00edveis em stock.\u00a0A credibilidade destes instrumentos agr\u00edcolas \u00e9 o que os agricultores mo\u00e7ambicanos procuram para a execu\u00e7\u00e3o dos seus procedimentos agr\u00edcolas robustos e trabalhosos.\u00a0Obtenha seu implemento agr\u00edcola acess\u00edvel e voltado para resultados \u00e0 sua porta, dentro do prazo comprometido, pois cumprimos nossas palavras de promessa.<\/p>\n","protected":false},"excerpt":{"rendered":"<p><strong>Especifica\u00e7\u00f5es T\u00e9cnicas<\/strong><\/p>\n<p>Pot\u00eancia correspondente (cv): 50+<br \/>\nArticula\u00e7\u00e3o de tr\u00eas pontos (TPL): Cat 1 ou 2<br \/>\nComprimento: 1500 mm (5\u2032)<br \/>\nLargura: 1400 mm (6\u2032)<br \/>\nAltura: 900 mm (3\u2032)<br \/>\nDentes: 28<br \/>\nPeso: 85 Kg<\/p>\n","protected":false},"featured_media":1776,"template":"","meta":[],"product_brand":[],"product_cat":[22],"product_tag":[],"class_list":{"0":"post-435","1":"product","2":"type-product","3":"status-publish","4":"has-post-thumbnail","6":"product_cat-implementos-agricolas","8":"first","9":"instock","10":"product-type-simple"},"aioseo_notices":[],"_links":{"self":[{"href":"https:\/\/www.tractors.co.mz\/pt\/wp-json\/wp\/v2\/product\/435","targetHints":{"allow":["GET"]}}],"collection":[{"href":"https:\/\/www.tractors.co.mz\/pt\/wp-json\/wp\/v2\/product"}],"about":[{"href":"https:\/\/www.tractors.co.mz\/pt\/wp-json\/wp\/v2\/types\/product"}],"wp:featuredmedia":[{"embeddable":true,"href":"https:\/\/www.tractors.co.mz\/pt\/wp-json\/wp\/v2\/media\/1776"}],"wp:attachment":[{"href":"https:\/\/www.tractors.co.mz\/pt\/wp-json\/wp\/v2\/media?parent=435"}],"wp:term":[{"taxonomy":"product_brand","embeddable":true,"href":"https:\/\/www.tractors.co.mz\/pt\/wp-json\/wp\/v2\/product_brand?post=435"},{"taxonomy":"product_cat","embeddable":true,"href":"https:\/\/www.tractors.co.mz\/pt\/wp-json\/wp\/v2\/product_cat?post=435"},{"taxonomy":"product_tag","embeddable":true,"href":"https:\/\/www.tractors.co.mz\/pt\/wp-json\/wp\/v2\/product_tag?post=435"}],"curies":[{"name":"wp","href":"https:\/\/api.w.org\/{rel}","templated":true}]}}