{"id":434,"date":"2022-10-11T12:14:31","date_gmt":"2022-10-11T12:14:31","guid":{"rendered":"https:\/\/www.tractors.co.ug\/product\/potato-digger\/"},"modified":"2024-06-26T11:40:05","modified_gmt":"2024-06-26T11:40:05","slug":"escavador-de-batata","status":"publish","type":"product","link":"https:\/\/www.tractors.co.mz\/pt\/product\/escavador-de-batata\/","title":{"rendered":"Escavador de Batata"},"content":{"rendered":"<p>As escavadeiras de batata s\u00e3o implementos agr\u00edcolas multifuncionais montados em trator que foram chamados de colhedoras de batata devido \u00e0 sua capacidade de colheita.\u00a0Estes\u00a0<a href=\"https:\/\/www.tractors.co.mz\/pt\/product-category\/implementos-agricolas\/\"><strong>implementos agr\u00edcolas em Mo\u00e7ambique<\/strong><\/a>\u00a0simplificaram ainda mais a colheita da batata.\u00a0Colher batatas de qualidade premium junto com seus caules, peneirar solo desnecess\u00e1rio e extrair batatas intactas \u00e9 o que um escavador de batatas \u00e9 capaz.\u00a0V\u00e1rios caules de tub\u00e9rculos, incluindo cebola, cenoura, amendoim, etc., podem ser obtidos ilesos usando este equipamento agr\u00edcola.<\/p>\n<h2>Caracter\u00edsticas proeminentes<\/h2>\n<ul>\n<li>Batatas n\u00e3o danificadas s\u00e3o obtidas em ritmo acelerado.<\/li>\n<li>Exporte material de qualidade.<\/li>\n<li>Verificado sob verifica\u00e7\u00e3o ISO 9001.<\/li>\n<li>Multiuso, dur\u00e1vel e acess\u00edvel.<\/li>\n<li>L\u00e2minas circulares est\u00e3o integradas.<\/li>\n<li>O excesso de solo \u00e9 peneirado.<\/li>\n<li>Para uma melhor colheita, um acionamento operado hidraulicamente est\u00e1 integrado.<\/li>\n<\/ul>\n<h2>Caracter\u00edsticas t\u00e9cnicas<\/h2>\n<ul>\n<li>O espa\u00e7amento entre sementes \u00e9 medido em 6 polegadas.<\/li>\n<li>Profundidade de trabalho de 10 polegadas e largura de trabalho de 40 polegadas.<\/li>\n<li>A capacidade linha a linha diferente \u00e9 de 28 polegadas a 300 polegadas.<\/li>\n<li>A capacidade ideal de sementes fica em torno de 240 a 600 Kg.<\/li>\n<li>50 HP ou mais de fonte de alimenta\u00e7\u00e3o s\u00e3o necess\u00e1rios para compatibilidade com o trator.<\/li>\n<\/ul>\n<p>A mecaniza\u00e7\u00e3o agr\u00edcola abriu m\u00faltiplas oportunidades agr\u00edcolas, permitindo aos agricultores produzir colheitas cada vez mais produtivas sem stress adicional.\u00a0<span class=\"\">N\u00f3s da Tractors Mo\u00e7ambique temos primado pelo fornecimento de uma gama exclusiva de alfaias agr\u00edcolas, incluindo escavadoras de batata de grande qualidade, tornando a colheita de batata eficiente e eficaz como nunca antes.\u00a0<\/span>Tamb\u00e9m atendemos pedidos customizados de implementos agr\u00edcolas, adquira o seu exclusivamente na Tractors Mo\u00e7ambique.<\/p>\n","protected":false},"excerpt":{"rendered":"<p><strong>Especifica\u00e7\u00f5es<br \/>\n<\/strong>Capacidade de sementes 240-600 Kgs<br \/>\nEspa\u00e7amento semente a semente 6 polegadas<br \/>\nCapacidade linha a linha 28-30 polegadas<br \/>\nCompatibilidade com trator 50 HP e superior<\/p>\n","protected":false},"featured_media":1797,"template":"","meta":[],"product_brand":[],"product_cat":[22],"product_tag":[],"class_list":{"0":"post-434","1":"product","2":"type-product","3":"status-publish","4":"has-post-thumbnail","6":"product_cat-implementos-agricolas","8":"first","9":"instock","10":"product-type-simple"},"aioseo_notices":[],"_links":{"self":[{"href":"https:\/\/www.tractors.co.mz\/pt\/wp-json\/wp\/v2\/product\/434","targetHints":{"allow":["GET"]}}],"collection":[{"href":"https:\/\/www.tractors.co.mz\/pt\/wp-json\/wp\/v2\/product"}],"about":[{"href":"https:\/\/www.tractors.co.mz\/pt\/wp-json\/wp\/v2\/types\/product"}],"wp:featuredmedia":[{"embeddable":true,"href":"https:\/\/www.tractors.co.mz\/pt\/wp-json\/wp\/v2\/media\/1797"}],"wp:attachment":[{"href":"https:\/\/www.tractors.co.mz\/pt\/wp-json\/wp\/v2\/media?parent=434"}],"wp:term":[{"taxonomy":"product_brand","embeddable":true,"href":"https:\/\/www.tractors.co.mz\/pt\/wp-json\/wp\/v2\/product_brand?post=434"},{"taxonomy":"product_cat","embeddable":true,"href":"https:\/\/www.tractors.co.mz\/pt\/wp-json\/wp\/v2\/product_cat?post=434"},{"taxonomy":"product_tag","embeddable":true,"href":"https:\/\/www.tractors.co.mz\/pt\/wp-json\/wp\/v2\/product_tag?post=434"}],"curies":[{"name":"wp","href":"https:\/\/api.w.org\/{rel}","templated":true}]}}