{"id":433,"date":"2022-10-11T12:14:31","date_gmt":"2022-10-11T12:14:31","guid":{"rendered":"https:\/\/www.tractors.co.ug\/product\/water-bowser\/"},"modified":"2024-06-26T11:54:14","modified_gmt":"2024-06-26T11:54:14","slug":"bowser-de-agua","status":"publish","type":"product","link":"https:\/\/www.tractors.co.mz\/pt\/product\/bowser-de-agua\/","title":{"rendered":"Bowser de \u00e1gua"},"content":{"rendered":"<p>Nas terras agr\u00edcolas de Mo\u00e7ambique, a \u00e1gua \u00e9 necess\u00e1ria para algumas opera\u00e7\u00f5es de cultivo.\u00a0Para satisfazer as necessidades de \u00e1gua, um implemento agr\u00edcola acess\u00f3rio mas \u00fatil, identificado como um coletor de \u00e1gua, est\u00e1 facilmente dispon\u00edvel na Tractors Mo\u00e7ambique.\u00a0Com os bowsers de \u00e1gua, as necessidades de \u00e1gua s\u00e3o facilitadas e um abastecimento controlado de \u00e1gua chega ao solo afetando-as positivamente.\u00a0Os agricultores mo\u00e7ambicanos recorrem prontamente aos reservat\u00f3rios de \u00e1gua, uma vez que estes s\u00e3o m\u00f3veis e podem ser arrastados at\u00e9 ao ponto de necessidade de \u00e1gua, ap\u00f3s serem montados num tractor.\u00a0Normalmente, as chuvas inadequadas dificultam o desenvolvimento do crescimento, no entanto, com reservat\u00f3rios de \u00e1gua, as culturas permanecem inalteradas mesmo com chuvas inadequadas.<\/p>\n<h3>Caracter\u00edsticas proeminentes<\/h3>\n<ul>\n<li>Todos os itens l\u00edquidos essenciais podem ser transportados facilmente, incluindo fertilizantes l\u00edquidos, \u00f3leo, \u00e1gua, etc.<\/li>\n<li>Os usos alternativos incluem lavagem sob press\u00e3o, armazenamento de l\u00edquidos e pulveriza\u00e7\u00e3o de fertilizantes.<\/li>\n<li>Os tanques de armazenamento s\u00e3o feitos com subst\u00e2ncias \u00e0 prova de vazamentos.<\/li>\n<li>Os requisitos de irriga\u00e7\u00e3o e consumo s\u00e3o completamente resolvidos.<\/li>\n<li>De alta qualidade para exporta\u00e7\u00e3o.<\/li>\n<li>\u00c9 verificado sob verifica\u00e7\u00e3o ISO 9001.<\/li>\n<li>Econ\u00f4mico e multifuncional.<\/li>\n<li>A eros\u00e3o do solo \u00e9 mitigada em maior medida.<\/li>\n<\/ul>\n<h3>Caracter\u00edsticas t\u00e9cnicas<\/h3>\n<ul>\n<li>As capacidades dispon\u00edveis incluem 2.000 litros e 5.000 litros.<\/li>\n<li>50 HP de fonte de energia necess\u00e1ria para compatibilidade com trator.<\/li>\n<li>Os tanques com e sem bomba est\u00e3o dispon\u00edveis exclusivamente.<\/li>\n<\/ul>\n<p>A Tractors.co.mz oferece a linha de implementos agr\u00edcolas mais produtiva e habilidosa, atendendo a numerosos problemas agr\u00edcolas com um conjunto de solu\u00e7\u00f5es agr\u00edcolas eminentes, de longo prazo e acess\u00edveis, atrav\u00e9s das quais os agricultores mo\u00e7ambicanos podem tirar o m\u00e1ximo partido das suas culturas.\u00a0No geral, com a efici\u00eancia dos nossos implementos agr\u00edcolas de ritmo acelerado e tecnologicamente atualizados, n\u00e3o s\u00f3 o tempo de cultivo \u00e9 reduzido, mas tamb\u00e9m a qualidade das culturas cultivadas \u00e9 melhorada em c\u00eantimos por cento.\u00a0Obtenha agora os seus implementos agr\u00edcolas\u00a0\u00fateis e acess\u00edveis\u00a0da Tractors Mo\u00e7ambique.<\/p>\n","protected":false},"excerpt":{"rendered":"<div class=\"woocommerce-product-details__short-description\">\n<p><strong>Especifica\u00e7\u00f5es<br \/>\n<\/strong>Movimento Trator Reboc\u00e1vel<br \/>\nDisponibilidade 500 gal\u00f5es a 2.000 gal\u00f5es<br \/>\nCanal do chassi 8 &#8220;x 3&#8221;<br \/>\nPlaca defletora 1<br \/>\nCompatibilidade com trator 50 HP e superior<\/p>\n<\/div>\n","protected":false},"featured_media":1824,"template":"","meta":[],"product_brand":[],"product_cat":[22],"product_tag":[],"class_list":{"0":"post-433","1":"product","2":"type-product","3":"status-publish","4":"has-post-thumbnail","6":"product_cat-implementos-agricolas","8":"first","9":"instock","10":"product-type-simple"},"aioseo_notices":[],"_links":{"self":[{"href":"https:\/\/www.tractors.co.mz\/pt\/wp-json\/wp\/v2\/product\/433","targetHints":{"allow":["GET"]}}],"collection":[{"href":"https:\/\/www.tractors.co.mz\/pt\/wp-json\/wp\/v2\/product"}],"about":[{"href":"https:\/\/www.tractors.co.mz\/pt\/wp-json\/wp\/v2\/types\/product"}],"wp:featuredmedia":[{"embeddable":true,"href":"https:\/\/www.tractors.co.mz\/pt\/wp-json\/wp\/v2\/media\/1824"}],"wp:attachment":[{"href":"https:\/\/www.tractors.co.mz\/pt\/wp-json\/wp\/v2\/media?parent=433"}],"wp:term":[{"taxonomy":"product_brand","embeddable":true,"href":"https:\/\/www.tractors.co.mz\/pt\/wp-json\/wp\/v2\/product_brand?post=433"},{"taxonomy":"product_cat","embeddable":true,"href":"https:\/\/www.tractors.co.mz\/pt\/wp-json\/wp\/v2\/product_cat?post=433"},{"taxonomy":"product_tag","embeddable":true,"href":"https:\/\/www.tractors.co.mz\/pt\/wp-json\/wp\/v2\/product_tag?post=433"}],"curies":[{"name":"wp","href":"https:\/\/api.w.org\/{rel}","templated":true}]}}