{"id":432,"date":"2022-10-11T12:14:31","date_gmt":"2022-10-11T12:14:31","guid":{"rendered":"https:\/\/www.tractors.co.ug\/product\/zero-tillage-planter\/"},"modified":"2024-06-26T11:57:47","modified_gmt":"2024-06-26T11:57:47","slug":"plantador-de-plantio-direto","status":"publish","type":"product","link":"https:\/\/www.tractors.co.mz\/pt\/product\/plantador-de-plantio-direto\/","title":{"rendered":"Plantador de plantio direto"},"content":{"rendered":"<p><span class=\"\">As plantadeiras de plantio direto s\u00e3o caracterizadas como plantadoras novas, cujo manuseio e manuten\u00e7\u00e3o simult\u00e2nea s\u00e3o f\u00e1ceis, consomem menos \u00e1gua e promovem grandemente a semeadura a seco de culturas semelhantes ao arroz.\u00a0<\/span>Uma plantadora de mobiliza\u00e7\u00e3o zero em Mo\u00e7ambique aumenta frequentemente a efici\u00eancia de planta\u00e7\u00e3o da nova gera\u00e7\u00e3o de culturas.\u00a0Ao utilizar este implemento agr\u00edcola, o solo n\u00e3o \u00e9 totalmente cultivado por meio de semeadoras diretas.\u00a0As trincheiras s\u00e3o criadas em uma determinada profundidade do solo para obter a cobertura aproximada das sementes.\u00a0Desta forma, os agricultores podem economizar nas despesas com o cultivo do solo.\u00a0Esses implementos agr\u00edcolas t\u00eam sido bastante procurados ultimamente, pois mant\u00eam a temperatura do solo ao redor das sementes e ao mesmo tempo s\u00e3o f\u00e1ceis de consumir.<\/p>\n<h3>Caracter\u00edsticas proeminentes<\/h3>\n<ul>\n<li>Pode ser duplicado significativamente como distribuidor de fertilizantes.<\/li>\n<li>O consumo de \u00e1gua pode ser reduzido em 25% com a ajuda de uma estrat\u00e9gia de plantio direto.<\/li>\n<li>A semeadura a seco \u00e9 aprimorada.<\/li>\n<li>Econ\u00f4mico e melhora a qualidade do solo.<\/li>\n<li>As despesas com combust\u00edvel e m\u00e3o de obra s\u00e3o mitigadas.<\/li>\n<li>O manuseio e a manuten\u00e7\u00e3o exigem um custo insignificante.<\/li>\n<li>Os ganhos econ\u00f3micos e a actividade biol\u00f3gica s\u00e3o incentivados.<\/li>\n<li>A eros\u00e3o e a compacta\u00e7\u00e3o do solo s\u00e3o reduzidas.<\/li>\n<li>De alta qualidade para exporta\u00e7\u00e3o.<\/li>\n<li>\u00c9 verificado sob verifica\u00e7\u00e3o ISO 9001.<\/li>\n<li>Econ\u00f4mico e multifuncional.<\/li>\n<\/ul>\n<h3>Caracter\u00edsticas t\u00e9cnicas<\/h3>\n<ul>\n<li>S\u00e3o necess\u00e1rios 50 HP de fonte de energia para compatibilidade com o trator.<\/li>\n<li>Um total de 19 tubos de sementes.<\/li>\n<li>Espa\u00e7amento entre linhas de at\u00e9 10 polegadas.<\/li>\n<li>Espa\u00e7amento entre linhas ajust\u00e1vel.<\/li>\n<li>3 p\u00e9s e 3 polegadas \u00e9 a largura medida.<\/li>\n<li>7 p\u00e9s e 3 polegadas \u00e9 o comprimento medido.<\/li>\n<li>9 e 11 s\u00e3o o n\u00famero de dentes dispon\u00edveis.<\/li>\n<\/ul>\n<p>Tractors.co.mz oferece o melhor conjunto de\u00a0alfaias agr\u00edcolas em Mo\u00e7ambique\u00a0.\u00a0Na Tractors Mo\u00e7ambique, n\u00e3o comprometemos a qualidade das m\u00e1quinas agr\u00edcolas, em vez disso, fornecemos implementos agr\u00edcolas orientados para resultados dentro de uma faixa acess\u00edvel, adequada a todos os bolsos.\u00a0Tendo em conta as resist\u00eancias agr\u00edcolas que os agricultores mo\u00e7ambicanos tiveram de enfrentar, fornecemos solu\u00e7\u00f5es agr\u00edcolas agregadas com foco num vasto conjunto de problemas agr\u00edcolas.\u00a0Obtenha os implementos agr\u00edcolas mais produtivos e de alto rendimento, incluindo plantadores de plantio direto a pre\u00e7os atraentes, dispon\u00edveis apenas na Tractors Mo\u00e7ambique.<\/p>\n","protected":false},"excerpt":{"rendered":"<p><strong>Especifica\u00e7\u00e3o da plantadeira plantio direto<\/strong><br \/>\nEspa\u00e7amento entre linhas 10\u201d<br \/>\nN\u00ba de linhas 9 -13<br \/>\nArticula\u00e7\u00e3o 3 Pt<br \/>\nPeso Aprox.\u00a0400KGS<br \/>\nSementes capazes de plantar arroz, algod\u00e3o, milho, milho, sorgo<\/p>\n","protected":false},"featured_media":1832,"template":"","meta":[],"product_brand":[],"product_cat":[22],"product_tag":[],"class_list":{"0":"post-432","1":"product","2":"type-product","3":"status-publish","4":"has-post-thumbnail","6":"product_cat-implementos-agricolas","8":"first","9":"instock","10":"product-type-simple"},"aioseo_notices":[],"_links":{"self":[{"href":"https:\/\/www.tractors.co.mz\/pt\/wp-json\/wp\/v2\/product\/432","targetHints":{"allow":["GET"]}}],"collection":[{"href":"https:\/\/www.tractors.co.mz\/pt\/wp-json\/wp\/v2\/product"}],"about":[{"href":"https:\/\/www.tractors.co.mz\/pt\/wp-json\/wp\/v2\/types\/product"}],"wp:featuredmedia":[{"embeddable":true,"href":"https:\/\/www.tractors.co.mz\/pt\/wp-json\/wp\/v2\/media\/1832"}],"wp:attachment":[{"href":"https:\/\/www.tractors.co.mz\/pt\/wp-json\/wp\/v2\/media?parent=432"}],"wp:term":[{"taxonomy":"product_brand","embeddable":true,"href":"https:\/\/www.tractors.co.mz\/pt\/wp-json\/wp\/v2\/product_brand?post=432"},{"taxonomy":"product_cat","embeddable":true,"href":"https:\/\/www.tractors.co.mz\/pt\/wp-json\/wp\/v2\/product_cat?post=432"},{"taxonomy":"product_tag","embeddable":true,"href":"https:\/\/www.tractors.co.mz\/pt\/wp-json\/wp\/v2\/product_tag?post=432"}],"curies":[{"name":"wp","href":"https:\/\/api.w.org\/{rel}","templated":true}]}}