{"id":431,"date":"2022-10-11T12:14:31","date_gmt":"2022-10-11T12:14:31","guid":{"rendered":"https:\/\/www.tractors.co.ug\/product\/fertilizer-spreader\/"},"modified":"2024-06-26T11:10:00","modified_gmt":"2024-06-26T11:10:00","slug":"distribuidor-de-fertilizantes","status":"publish","type":"product","link":"https:\/\/www.tractors.co.mz\/pt\/product\/distribuidor-de-fertilizantes\/","title":{"rendered":"Distribuidor de Fertilizantes"},"content":{"rendered":"<p><span class=\"\">Para a aplica\u00e7\u00e3o uniforme e arejada de fertilizantes, utiliza-se um implemento agr\u00edcola elucidativo montado em trator, ou seja, um espalhador de fertilizantes.\u00a0<\/span>Com este implemento agr\u00edcola, canteiros agr\u00edcolas, gramados e campos podem ser fertilizados uniformemente.\u00a0Um distribuidor de fertilizantes pode ajudar a alcan\u00e7ar m\u00faltiplos objectivos para os agricultores mo\u00e7ambicanos, incluindo maior rendimento produtivo, redu\u00e7\u00e3o da depend\u00eancia do trabalho manual e, por \u00faltimo, os agricultores podem prestar mais aten\u00e7\u00e3o \u00e0 agricultura de precis\u00e3o.<\/p>\n<h2>Caracter\u00edsticas proeminentes<\/h2>\n<ul>\n<li>Robusto e dur\u00e1vel.<\/li>\n<li>Multiuso.<\/li>\n<li>Exporte material de qualidade.<\/li>\n<li>\u00c9 verificado sob verifica\u00e7\u00e3o ISO 9001.<\/li>\n<li>F\u00e1cil de usar e de bolso.<\/li>\n<li>Reduz a compacta\u00e7\u00e3o do solo.<\/li>\n<li>Eleva a propor\u00e7\u00e3o de rendimentos produtivos.<\/li>\n<li>Ajuda a alcan\u00e7ar uma agricultura precisa e precisa.<\/li>\n<\/ul>\n<h2>Caracter\u00edsticas t\u00e9cnicas<\/h2>\n<ul>\n<li>105cm \u00e9 a altura absoluta.<\/li>\n<li>50 HP \u00e9 a fonte de energia necess\u00e1ria para compatibilidade com o trator.<\/li>\n<li>A estrutura de a\u00e7o antiferrugem \u00e9 utilizada na fabrica\u00e7\u00e3o.<\/li>\n<li>A capacidade de espalhamento ideal \u00e9 medida em torno de 250 Kg \u2013 1000 Kg.<\/li>\n<li>A altura \u00e9 medida em 105 cm.<\/li>\n<li>300 Kg \u00e9 a capacidade medida da tremonha.<\/li>\n<li>70 Kg \u00e9 o peso desej\u00e1vel da m\u00e1quina.<\/li>\n<li>O disco girat\u00f3rio \u00e9 acionado por roda.<\/li>\n<\/ul>\n<p>Em tractors.com.mz, pode encontrar a gama mais adapt\u00e1vel e acess\u00edvel de maquinaria agr\u00edcola cred\u00edvel, que por um lado pode minimizar os custos do trabalho manual, enquanto por outro aumenta o crescimento de culturas qualitativas.\u00a0Para continuar um fornecimento constante de\u00a0maquinaria agr\u00edcola de qualidade para exporta\u00e7\u00e3o\u00a0, a Tractors Mo\u00e7ambique est\u00e1 operacional h\u00e1 muitos anos.\u00a0Distribuidores de fertilizantes de v\u00e1rios tamanhos podem ser facilmente adquiridos na Tractors Mo\u00e7ambique, juntamente com um conhecimento profundo das suas tremendas aplica\u00e7\u00f5es de cultivo.<\/p>\n","protected":false},"excerpt":{"rendered":"<p><strong>Especifica\u00e7\u00e3o do espalhador de fertilizante Acess\u00f3rio<\/strong><br \/>\nSistema de liga\u00e7\u00e3o de 3 pontos<br \/>\nCapacidade 250Kgs &#8211; 1000kGs<br \/>\nLargura de trabalho 14m &#8211; 18m<\/p>\n","protected":false},"featured_media":1755,"template":"","meta":[],"product_brand":[],"product_cat":[22],"product_tag":[],"class_list":{"0":"post-431","1":"product","2":"type-product","3":"status-publish","4":"has-post-thumbnail","6":"product_cat-implementos-agricolas","8":"first","9":"instock","10":"product-type-simple"},"aioseo_notices":[],"_links":{"self":[{"href":"https:\/\/www.tractors.co.mz\/pt\/wp-json\/wp\/v2\/product\/431","targetHints":{"allow":["GET"]}}],"collection":[{"href":"https:\/\/www.tractors.co.mz\/pt\/wp-json\/wp\/v2\/product"}],"about":[{"href":"https:\/\/www.tractors.co.mz\/pt\/wp-json\/wp\/v2\/types\/product"}],"wp:featuredmedia":[{"embeddable":true,"href":"https:\/\/www.tractors.co.mz\/pt\/wp-json\/wp\/v2\/media\/1755"}],"wp:attachment":[{"href":"https:\/\/www.tractors.co.mz\/pt\/wp-json\/wp\/v2\/media?parent=431"}],"wp:term":[{"taxonomy":"product_brand","embeddable":true,"href":"https:\/\/www.tractors.co.mz\/pt\/wp-json\/wp\/v2\/product_brand?post=431"},{"taxonomy":"product_cat","embeddable":true,"href":"https:\/\/www.tractors.co.mz\/pt\/wp-json\/wp\/v2\/product_cat?post=431"},{"taxonomy":"product_tag","embeddable":true,"href":"https:\/\/www.tractors.co.mz\/pt\/wp-json\/wp\/v2\/product_tag?post=431"}],"curies":[{"name":"wp","href":"https:\/\/api.w.org\/{rel}","templated":true}]}}