{"id":430,"date":"2022-10-11T12:14:31","date_gmt":"2022-10-11T12:14:31","guid":{"rendered":"https:\/\/www.tractors.co.ug\/product\/farm-trolley\/"},"modified":"2024-07-01T06:22:23","modified_gmt":"2024-07-01T06:22:23","slug":"carrinho-agricola","status":"publish","type":"product","link":"https:\/\/www.tractors.co.mz\/pt\/product\/carrinho-agricola\/","title":{"rendered":"Carrinho Agr\u00edcola"},"content":{"rendered":"<p>Transportar subst\u00e2ncias pelos campos agr\u00edcolas nunca foi f\u00e1cil, mas com os carrinhos agr\u00edcolas \u00e9 agora t\u00e3o f\u00e1cil como o ABC.\u00a0Estes podem transportar sementes, fertilizantes e qualquer outro material agr\u00edcola exigido pelos agricultores.\u00a0Com os carrinhos agr\u00edcolas, \u00e9 poss\u00edvel a movimenta\u00e7\u00e3o r\u00e1pida de bagagens aos agricultores mo\u00e7ambicanos.\u00a0Al\u00e9m disso, os carrinhos agr\u00edcolas s\u00e3o considerados o implemento agr\u00edcola mais adequado para carregamento autom\u00e1tico.\u00a0Este implemento agr\u00edcola \u00e9 bastante pr\u00e1tico e acess\u00edvel.\u00a0Um carrinho agr\u00edcola tamb\u00e9m pode ser visto atendendo a muitas aplica\u00e7\u00f5es comerciais.<\/p>\n<h2>Caracter\u00edsticas proeminentes<\/h2>\n<ul>\n<li>Carregar e descarregar mercadorias \u00e9 bastante f\u00e1cil devido \u00e0 disponibilidade de pain\u00e9is laterais e traseiros.<\/li>\n<li>Econ\u00f3mico e o custo pode ser suportado pelos agricultores mo\u00e7ambicanos com facilidade.<\/li>\n<li>Multiuso.<\/li>\n<li>Exporte material de qualidade.<\/li>\n<li>\u00c9 verificado sob verifica\u00e7\u00e3o ISO 9001.<\/li>\n<li>A manuten\u00e7\u00e3o \u00e9 f\u00e1cil e menos dispendiosa.<\/li>\n<li>Subst\u00e2ncias anticorrosivas s\u00e3o utilizadas no interior do carrinho para evitar qualquer rea\u00e7\u00e3o.<\/li>\n<\/ul>\n<h2>Caracter\u00edsticas t\u00e9cnicas<\/h2>\n<ul>\n<li>Disponibilidade de 2WD e 4WD.<\/li>\n<li>50 HP \u00e9 a fonte de energia necess\u00e1ria para compatibilidade com o trator.<\/li>\n<li><span class=\"VIpgJd-yAWNEb-VIpgJd-fmcmS-sn54Q\">Esses carrinhos podem suportar capacidades de peso de 5, 10, 12, 14, 15 e 16 toneladas.<\/span><\/li>\n<li>Um painel na parte traseira e dois em cada lado do carrinho.<\/li>\n<\/ul>\n<p>tractors.com.mz tem o potencial de elevar o estatuto agr\u00edcola dos agricultores mo\u00e7ambicanos, fornecendo implementos agr\u00edcolas ricos em qualidade que podem aumentar tanto a quantidade como a qualidade das culturas comerciais.\u00a0Sendo um dos\u00a0melhores fornecedores de instrumentos agr\u00edcolas\u00a0, voc\u00ea pode obter os carrinhos agr\u00edcolas mais acess\u00edveis e dur\u00e1veis \u200b\u200bque podem trabalhar de forma produtiva para o resto da vida.\u00a0Entre em contato com nossos representantes de vendas e obtenha as tarifas mais acess\u00edveis da regi\u00e3o.<\/p>\n","protected":false},"excerpt":{"rendered":"<p><strong>Especifica\u00e7\u00e3o do carrinho agr\u00edcola<\/strong><br \/>\nCompatibilidade do trator: Acima de 50hp<br \/>\nTamanho: 13&#8217;X6&#8217;X2&#8242;<br \/>\nTamanho do eixo: 4-1\/2\u201dX3\/8\u201d<br \/>\nN\u00ba DE PNEUS 2 a 4<br \/>\nPESO 1000 &#8211; 1400 KGS<\/p>\n","protected":false},"featured_media":1838,"template":"","meta":[],"product_brand":[],"product_cat":[22],"product_tag":[],"class_list":{"0":"post-430","1":"product","2":"type-product","3":"status-publish","4":"has-post-thumbnail","6":"product_cat-implementos-agricolas","8":"first","9":"instock","10":"product-type-simple"},"aioseo_notices":[],"_links":{"self":[{"href":"https:\/\/www.tractors.co.mz\/pt\/wp-json\/wp\/v2\/product\/430","targetHints":{"allow":["GET"]}}],"collection":[{"href":"https:\/\/www.tractors.co.mz\/pt\/wp-json\/wp\/v2\/product"}],"about":[{"href":"https:\/\/www.tractors.co.mz\/pt\/wp-json\/wp\/v2\/types\/product"}],"wp:featuredmedia":[{"embeddable":true,"href":"https:\/\/www.tractors.co.mz\/pt\/wp-json\/wp\/v2\/media\/1838"}],"wp:attachment":[{"href":"https:\/\/www.tractors.co.mz\/pt\/wp-json\/wp\/v2\/media?parent=430"}],"wp:term":[{"taxonomy":"product_brand","embeddable":true,"href":"https:\/\/www.tractors.co.mz\/pt\/wp-json\/wp\/v2\/product_brand?post=430"},{"taxonomy":"product_cat","embeddable":true,"href":"https:\/\/www.tractors.co.mz\/pt\/wp-json\/wp\/v2\/product_cat?post=430"},{"taxonomy":"product_tag","embeddable":true,"href":"https:\/\/www.tractors.co.mz\/pt\/wp-json\/wp\/v2\/product_tag?post=430"}],"curies":[{"name":"wp","href":"https:\/\/api.w.org\/{rel}","templated":true}]}}