{"id":429,"date":"2022-10-11T12:14:23","date_gmt":"2022-10-11T12:14:23","guid":{"rendered":"https:\/\/www.tractors.co.ug\/product\/fodder-chopper\/"},"modified":"2024-06-26T11:13:59","modified_gmt":"2024-06-26T11:13:59","slug":"picador-de-forragem","status":"publish","type":"product","link":"https:\/\/www.tractors.co.mz\/pt\/product\/picador-de-forragem\/","title":{"rendered":"Picador de forragem"},"content":{"rendered":"<p>Um picador de forragem \u00e9 um implemento agr\u00edcola montado em um trator que tem a capacidade de aumentar o potencial de alimenta\u00e7\u00e3o do gado, cortando a colheita de ra\u00e7\u00e3o at\u00e9 o tamanho desejado.\u00a0Picador de forragem, conhecido pr\u00e1tica e comercialmente como silagem ou picador de forragem e \u00e9 amplamente utilizado na agricultura de pequena escala para cortar capim \u00famido ou seco, milho, talo de soja, trigo, etc., para alimentar o gado ou rebanhos bovinos.\u00a0Os picadores de forragem, dispon\u00edveis na Tractors Mo\u00e7ambique, s\u00e3o multifuncionais, pois podem ser posteriormente utilizados pelos agricultores mo\u00e7ambicanos tamb\u00e9m para a minera\u00e7\u00e3o de cereais.<\/p>\n<h2>Caracter\u00edsticas proeminentes<\/h2>\n<ul>\n<li>Para alimentar os animais, o corte de grama e outras culturas subsequentes \u00e9 facilitado.<\/li>\n<li>Multiuso.<\/li>\n<li>Exporte material de qualidade.<\/li>\n<li>\u00c9 verificado sob verifica\u00e7\u00e3o ISO 9001.<\/li>\n<li>Dur\u00e1vel e constante.<\/li>\n<li>A manuten\u00e7\u00e3o \u00e9 f\u00e1cil.<\/li>\n<li>Econ\u00f4mico e evita desperd\u00edcios.<\/li>\n<li>Part\u00edculas picadas podem ser facilmente embaladas.<\/li>\n<li>Corte uniforme.<\/li>\n<li>A produ\u00e7\u00e3o \u00e9 muito afetada.<\/li>\n<\/ul>\n<h2>Caracter\u00edsticas t\u00e9cnicas<\/h2>\n<ul>\n<li>Acionado manualmente e acionado por tomada de for\u00e7a.<\/li>\n<li>As l\u00e2minas de a\u00e7o carbono s\u00e3o de alta qualidade.<\/li>\n<li>50 HP \u00e9 a fonte de energia necess\u00e1ria para compatibilidade com o trator.<\/li>\n<li>A estrutura de ferro \u00e9 bastante robusta e forte.<\/li>\n<li>O peso bruto ideal calculado \u00e9 de 75 Kg.<\/li>\n<\/ul>\n<p>A agricultura moderna \u00e9 o que os agricultores de hoje procuram devido aos m\u00e9todos de simplifica\u00e7\u00e3o que proporciona.\u00a0A agricultura moderna aumenta drasticamente a propor\u00e7\u00e3o de crescimento das culturas, ao mesmo tempo que reduz o stress e, assim, d\u00e1 origem a uma agricultura sem stress.\u00a0Para promover uma agricultura sem stress em Mo\u00e7ambique, em tractors.com.mz, oferecemos uma gama competitiva de\u00a0tractores agr\u00edcolas compactos e alfaias agr\u00edcolas\u00a0categorizados em v\u00e1rias categorias.\u00a0Todos estes instrumentos agr\u00edcolas, incluindo os picadores de forragem, t\u00eam pre\u00e7os baixos, tendo em conta as actuais circunst\u00e2ncias dos agricultores mo\u00e7ambicanos.\u00a0Encorajamos os agricultores a tornarem-se independentes, investindo nos nossos investimentos agr\u00edcolas acess\u00edveis e \u00fanicos.<\/p>\n","protected":false},"excerpt":{"rendered":"<p><strong>Especifica\u00e7\u00f5es<\/strong><br \/>\nOpera\u00e7\u00e3o PTO<br \/>\nTipo de forragem Todos os tipos<br \/>\nCompatibilidade com trator 50 HP e superior<\/p>\n","protected":false},"featured_media":1757,"template":"","meta":[],"product_brand":[],"product_cat":[22],"product_tag":[],"class_list":{"0":"post-429","1":"product","2":"type-product","3":"status-publish","4":"has-post-thumbnail","6":"product_cat-implementos-agricolas","8":"first","9":"instock","10":"product-type-simple"},"aioseo_notices":[],"_links":{"self":[{"href":"https:\/\/www.tractors.co.mz\/pt\/wp-json\/wp\/v2\/product\/429","targetHints":{"allow":["GET"]}}],"collection":[{"href":"https:\/\/www.tractors.co.mz\/pt\/wp-json\/wp\/v2\/product"}],"about":[{"href":"https:\/\/www.tractors.co.mz\/pt\/wp-json\/wp\/v2\/types\/product"}],"wp:featuredmedia":[{"embeddable":true,"href":"https:\/\/www.tractors.co.mz\/pt\/wp-json\/wp\/v2\/media\/1757"}],"wp:attachment":[{"href":"https:\/\/www.tractors.co.mz\/pt\/wp-json\/wp\/v2\/media?parent=429"}],"wp:term":[{"taxonomy":"product_brand","embeddable":true,"href":"https:\/\/www.tractors.co.mz\/pt\/wp-json\/wp\/v2\/product_brand?post=429"},{"taxonomy":"product_cat","embeddable":true,"href":"https:\/\/www.tractors.co.mz\/pt\/wp-json\/wp\/v2\/product_cat?post=429"},{"taxonomy":"product_tag","embeddable":true,"href":"https:\/\/www.tractors.co.mz\/pt\/wp-json\/wp\/v2\/product_tag?post=429"}],"curies":[{"name":"wp","href":"https:\/\/api.w.org\/{rel}","templated":true}]}}