{"id":428,"date":"2022-10-11T12:14:23","date_gmt":"2022-10-11T12:14:23","guid":{"rendered":"https:\/\/www.tractors.co.ug\/product\/swinging-drawbar\/"},"modified":"2023-11-30T09:17:31","modified_gmt":"2023-11-30T09:17:31","slug":"barra-de-tracao-oscilante","status":"publish","type":"product","link":"https:\/\/www.tractors.co.mz\/pt\/product\/barra-de-tracao-oscilante\/","title":{"rendered":"Barra de tra\u00e7\u00e3o oscilante"},"content":{"rendered":"<p>Opera\u00e7\u00f5es pesadas cujo reboque \u00e9 extremamente dif\u00edcil, implementos agr\u00edcolas como lan\u00e7as oscilantes tornam esta opera\u00e7\u00e3o agr\u00edcola bastante f\u00e1cil.\u00a0Uma barra de tra\u00e7\u00e3o oscilante \u00e9 um dispositivo de engate, com uma extremidade fixada ao trator e a outra extremidade ao ve\u00edculo que deve ser rebocado.\u00a0O transporte de grandes cargas era uma tarefa agr\u00edcola preocupante, no entanto, com as lan\u00e7as oscilantes dispon\u00edveis na Tractors Mo\u00e7ambique, o deslocamento de opera\u00e7\u00f5es pesadas \u00e9 t\u00e3o f\u00e1cil quanto o ABC.<\/p>\n<h3>Caracter\u00edsticas proeminentes<\/h3>\n<ul>\n<li>Deslocamento seguro e protegido.<\/li>\n<li>\u00c9 verificado sob verifica\u00e7\u00e3o ISO 9001.<\/li>\n<li>De alta qualidade para exporta\u00e7\u00e3o.<\/li>\n<li>Manuten\u00e7\u00e3o f\u00e1cil e de baixo custo.<\/li>\n<li>O manuseio \u00e9 f\u00e1cil.<\/li>\n<li>Econ\u00f4mico e dur\u00e1vel.<\/li>\n<li>Polivalente e a probabilidade de tombamento s\u00e3o bastante reduzidas.<\/li>\n<li>O torneamento flex\u00edvel \u00e9 bastante auxiliado.<\/li>\n<\/ul>\n<h3>Caracter\u00edsticas t\u00e9cnicas<\/h3>\n<ul>\n<li>50 HP de fonte de energia necess\u00e1ria para compatibilidade com trator.<\/li>\n<li>A altura da barra de tra\u00e7\u00e3o \u00e9 ajustada.<\/li>\n<li>A carca\u00e7a do eixo central \u00e9 o ponto de fixa\u00e7\u00e3o do trator.<\/li>\n<\/ul>\n<p>Uma variedade de implementos agr\u00edcolas genu\u00ednos est\u00e3o dispon\u00edveis exclusivamente em Tractors.co.mz.\u00a0As lutas agr\u00edcolas quotidianas j\u00e1 n\u00e3o s\u00e3o ocultadas pela Tractors Mo\u00e7ambique e esfor\u00e7amo-nos persistentemente para garantir que os agricultores mo\u00e7ambicanos recebam\u00a0implementos agr\u00edcolas qualitativamente melhores\u00a0para simplificar o seu \u00e1rduo estilo de vida agr\u00edcola.\u00a0Por exemplo, o deslocamento de objetos pesados \u200b\u200bera bastante ca\u00f3tico antes das barras de tra\u00e7\u00e3o oscilantes.\u00a0No entanto, com lan\u00e7as oscilantes acess\u00edveis e multifuncionais dispon\u00edveis na <a href=\"https:\/\/www.tractors.co.mz\/pt\/\"><strong>Tractors Mo\u00e7ambique<\/strong><\/a>, nenhuma actividade agr\u00edcola parece t\u00e3o \u00e1rdua como era naquela altura.<\/p>\n","protected":false},"excerpt":{"rendered":"<p><strong>Especifica\u00e7\u00f5es<\/strong><br \/>\nBarra de tra\u00e7\u00e3o oscilante.<br \/>\nComprimento: 30 pol.<br \/>\nEspessura: 1 pol.<br \/>\nLargura: 1-7\/8 pol.<br \/>\nOrif\u00edcios para pinos na extremidade do trator: 1 pol.<br \/>\nOrif\u00edcios para pinos na extremidade do acess\u00f3rio: 3\/4 pol.<br \/>\nMovimento lateral.<br \/>\nDispositivo de transporte mais flex\u00edvel ao girar.<\/p>\n","protected":false},"featured_media":1103,"template":"","meta":[],"product_brand":[],"product_cat":[22],"product_tag":[],"class_list":{"0":"post-428","1":"product","2":"type-product","3":"status-publish","4":"has-post-thumbnail","6":"product_cat-implementos-agricolas","8":"first","9":"instock","10":"product-type-simple"},"aioseo_notices":[],"_links":{"self":[{"href":"https:\/\/www.tractors.co.mz\/pt\/wp-json\/wp\/v2\/product\/428","targetHints":{"allow":["GET"]}}],"collection":[{"href":"https:\/\/www.tractors.co.mz\/pt\/wp-json\/wp\/v2\/product"}],"about":[{"href":"https:\/\/www.tractors.co.mz\/pt\/wp-json\/wp\/v2\/types\/product"}],"wp:featuredmedia":[{"embeddable":true,"href":"https:\/\/www.tractors.co.mz\/pt\/wp-json\/wp\/v2\/media\/1103"}],"wp:attachment":[{"href":"https:\/\/www.tractors.co.mz\/pt\/wp-json\/wp\/v2\/media?parent=428"}],"wp:term":[{"taxonomy":"product_brand","embeddable":true,"href":"https:\/\/www.tractors.co.mz\/pt\/wp-json\/wp\/v2\/product_brand?post=428"},{"taxonomy":"product_cat","embeddable":true,"href":"https:\/\/www.tractors.co.mz\/pt\/wp-json\/wp\/v2\/product_cat?post=428"},{"taxonomy":"product_tag","embeddable":true,"href":"https:\/\/www.tractors.co.mz\/pt\/wp-json\/wp\/v2\/product_tag?post=428"}],"curies":[{"name":"wp","href":"https:\/\/api.w.org\/{rel}","templated":true}]}}