{"id":427,"date":"2022-10-11T12:14:23","date_gmt":"2022-10-11T12:14:23","guid":{"rendered":"https:\/\/www.tractors.co.ug\/product\/adjustable-pintle-hook\/"},"modified":"2023-11-30T09:26:52","modified_gmt":"2023-11-30T09:26:52","slug":"gancho-ajustavel","status":"publish","type":"product","link":"https:\/\/www.tractors.co.mz\/pt\/product\/gancho-ajustavel\/","title":{"rendered":"Gancho ajust\u00e1vel"},"content":{"rendered":"<p>Ganchos ajust\u00e1veis \u200b\u200bs\u00e3o implementos agr\u00edcolas que atendem \u00e0s necessidades de reboque e engate dos tratores.\u00a0Ao fazer isso, opera\u00e7\u00f5es pesadas podem ser realizadas com facilidade.\u00a0Os ganchos ajust\u00e1veis \u200b\u200bcompreendem duas partes, uma fixada ao ve\u00edculo e a outra enrolada em um anel no trailer.\u00a0Sendo ajust\u00e1veis \u200b\u200be adapt\u00e1veis, os ganchos de pino podem ser usados \u200b\u200bem diversas condi\u00e7\u00f5es de reboque.\u00a0Os agricultores de Mo\u00e7ambique enfrentam muitas vezes dificuldades nas opera\u00e7\u00f5es de reboque e engate, com os ganchos ajust\u00e1veis \u200b\u200bdispon\u00edveis na Tractors Mo\u00e7ambique, as aplica\u00e7\u00f5es de reboque e engate n\u00e3o s\u00e3o mais problemas.\u00a0Os ganchos ajust\u00e1veis \u200b\u200bapresentam uma estrutura minimalista, raz\u00e3o pela qual podem auxiliar no reboque em terrenos mais dif\u00edceis.<\/p>\n<h2>Caracter\u00edsticas proeminentes<\/h2>\n<ul>\n<li>Anticorrosivo, dur\u00e1vel e resistente.<\/li>\n<li>Baixo custo de manuten\u00e7\u00e3o.<\/li>\n<li>F\u00e1cil de operar e f\u00e1cil de manter.<\/li>\n<li>De tamanho padr\u00e3o da ind\u00fastria.<\/li>\n<li>Verificado sob verifica\u00e7\u00e3o ISO 9001.<\/li>\n<li>Exporte material de qualidade.<\/li>\n<\/ul>\n<h2>Especifica\u00e7\u00f5es t\u00e9cnicas<\/h2>\n<ul>\n<li>O peso entre 39 Kg e 50 Kg pode ser facilmente rebocado atrav\u00e9s de um gancho ajust\u00e1vel.<\/li>\n<li>S\u00e3o necess\u00e1rios 50 CV de fonte de alimenta\u00e7\u00e3o para a compatibilidade de um trator.<\/li>\n<\/ul>\n<p>Tractors.co.mz \u00e9 um revendedor de tractores de alfaias agr\u00edcolas aut\u00eanticas e genu\u00ednas, para sustentar o desenvolvimento da agricultura mo\u00e7ambicana.\u00a0Tendo em mente as necessidades agr\u00edcolas dos agricultores mo\u00e7ambicanos, ganchos ajust\u00e1veis, bem como outros implementos agr\u00edcolas compat\u00edveis, podem ser adquiridos a pre\u00e7os baratos na\u00a0<a href=\"https:\/\/www.tractors.co.mz\/pt\/\"><strong>Tractors Mo\u00e7ambique<\/strong><\/a>.<\/p>\n","protected":false},"excerpt":{"rendered":"<p><strong>Especifica\u00e7\u00e3o do gancho Pintle<\/strong><br \/>\nPeso: 39 kg, 50kg<br \/>\nPot\u00eancia necess\u00e1ria: 50hp acima.<br \/>\nAsperiores, voluptatem perspiciatis.<\/p>\n","protected":false},"featured_media":1102,"template":"","meta":[],"product_brand":[],"product_cat":[22],"product_tag":[],"class_list":{"0":"post-427","1":"product","2":"type-product","3":"status-publish","4":"has-post-thumbnail","6":"product_cat-implementos-agricolas","8":"first","9":"instock","10":"product-type-simple"},"aioseo_notices":[],"_links":{"self":[{"href":"https:\/\/www.tractors.co.mz\/pt\/wp-json\/wp\/v2\/product\/427","targetHints":{"allow":["GET"]}}],"collection":[{"href":"https:\/\/www.tractors.co.mz\/pt\/wp-json\/wp\/v2\/product"}],"about":[{"href":"https:\/\/www.tractors.co.mz\/pt\/wp-json\/wp\/v2\/types\/product"}],"wp:featuredmedia":[{"embeddable":true,"href":"https:\/\/www.tractors.co.mz\/pt\/wp-json\/wp\/v2\/media\/1102"}],"wp:attachment":[{"href":"https:\/\/www.tractors.co.mz\/pt\/wp-json\/wp\/v2\/media?parent=427"}],"wp:term":[{"taxonomy":"product_brand","embeddable":true,"href":"https:\/\/www.tractors.co.mz\/pt\/wp-json\/wp\/v2\/product_brand?post=427"},{"taxonomy":"product_cat","embeddable":true,"href":"https:\/\/www.tractors.co.mz\/pt\/wp-json\/wp\/v2\/product_cat?post=427"},{"taxonomy":"product_tag","embeddable":true,"href":"https:\/\/www.tractors.co.mz\/pt\/wp-json\/wp\/v2\/product_tag?post=427"}],"curies":[{"name":"wp","href":"https:\/\/api.w.org\/{rel}","templated":true}]}}