{"id":425,"date":"2022-10-11T12:14:23","date_gmt":"2022-10-11T12:14:23","guid":{"rendered":"https:\/\/www.tractors.co.ug\/product\/bed-shape-planter\/"},"modified":"2024-06-26T10:45:17","modified_gmt":"2024-06-26T10:45:17","slug":"plantador-em-formato-de-cama","status":"publish","type":"product","link":"https:\/\/www.tractors.co.mz\/pt\/product\/plantador-em-formato-de-cama\/","title":{"rendered":"Plantador em formato de cama"},"content":{"rendered":"<p><span class=\"\">Para plantar com precis\u00e3o, uma plantadeira em formato de canteiro \u00e9 um implemento agr\u00edcola essencial.<\/span><\/p>\n<p>Estes s\u00e3o usados \u200b\u200bsignificativamente para aumentar a produtividade das culturas, elevando os leitos do solo.\u00a0As cristas precisas permitem que a \u00e1gua se mova livremente, nutrindo as culturas em crescimento.\u00a0Ao plantar e criar canteiros elevados, os plantadores em formato de canteiro tamb\u00e9m auxiliam na prolifera\u00e7\u00e3o de fertilizantes.\u00a0Al\u00e9m disso, o manejo de ervas daninhas tamb\u00e9m pode ser feito atrav\u00e9s de plantadores avan\u00e7ados em formato de canteiro, dispon\u00edveis exclusivamente na Tractors Mo\u00e7ambique.<\/p>\n<h2>Caracter\u00edsticas proeminentes<\/h2>\n<ul>\n<li>A forma\u00e7\u00e3o de canteiros elevados \u00e9 mais f\u00e1cil e r\u00e1pida.<\/li>\n<li>Verificado sob verifica\u00e7\u00e3o ISO 9001.<\/li>\n<li>Exporte material de qualidade.<\/li>\n<li>V\u00e1rias camas podem ser feitas com facilidade.<\/li>\n<li>V\u00e1rios tipos de culturas podem ser plantadas com facilidade.<\/li>\n<li>Anticorrosivo e econ\u00f4mico.<\/li>\n<li>Evita o desperd\u00edcio de \u00e1gua e sementes.<\/li>\n<li>Gerencia o manejo de ervas daninhas.<\/li>\n<li>Dur\u00e1vel, constante e resistente.<\/li>\n<\/ul>\n<h2>Caracter\u00edsticas t\u00e9cnicas<\/h2>\n<ul>\n<li>1520 mm \u00e9 o comprimento m\u00ednimo.<\/li>\n<li>4 linhas e 8 linhas s\u00e3o os n\u00fameros de linhas dispon\u00edveis.<\/li>\n<li>470 Kg \u00e9 o peso m\u00ednimo.<\/li>\n<li>2240 mm \u00e9 a altura m\u00ednima.<\/li>\n<li>Para compatibilidade com tratores, 50 HP \u00e9 a fonte de energia necess\u00e1ria.<\/li>\n<\/ul>\n<p>tractors.co.mz \u00e9 um revendedor de tratores acess\u00edveis\u00a0em Mo\u00e7ambique\u00a0, fornecendo m\u00e1quinas agr\u00edcolas baratas para atender \u00e0s necessidades agr\u00edcolas dos agricultores.\u00a0Os nossos implementos agr\u00edcolas \u00e0 venda em Mo\u00e7ambique s\u00e3o capazes de fortalecer o sistema agr\u00edcola de Mo\u00e7ambique, criando novas oportunidades e reduzindo o stress agr\u00edcola.<\/p>\n<p><span class=\"\">Obtenha seus implementos de trator agr\u00edcola vi\u00e1veis \u200b\u200b\u200b\u200bda Tractors Mo\u00e7ambique com ofertas com desconto.<\/span><\/p>\n","protected":false},"excerpt":{"rendered":"<p><strong>Especifica\u00e7\u00e3o da plantadeira em formato de cama<\/strong><br \/>\nQUADRO: 50X50X6M<br \/>\nENGATE DA CAIXA: 75X36X6MM<br \/>\nCOMPRIMENTO: 1520MM<br \/>\nALTURA: 2240MM<br \/>\nLARGURA: 2240MM<br \/>\nPESO APROXIMADO: 470KGS<\/p>\n","protected":false},"featured_media":1736,"template":"","meta":[],"product_brand":[],"product_cat":[22],"product_tag":[],"class_list":{"0":"post-425","1":"product","2":"type-product","3":"status-publish","4":"has-post-thumbnail","6":"product_cat-implementos-agricolas","8":"first","9":"instock","10":"product-type-simple"},"aioseo_notices":[],"_links":{"self":[{"href":"https:\/\/www.tractors.co.mz\/pt\/wp-json\/wp\/v2\/product\/425","targetHints":{"allow":["GET"]}}],"collection":[{"href":"https:\/\/www.tractors.co.mz\/pt\/wp-json\/wp\/v2\/product"}],"about":[{"href":"https:\/\/www.tractors.co.mz\/pt\/wp-json\/wp\/v2\/types\/product"}],"wp:featuredmedia":[{"embeddable":true,"href":"https:\/\/www.tractors.co.mz\/pt\/wp-json\/wp\/v2\/media\/1736"}],"wp:attachment":[{"href":"https:\/\/www.tractors.co.mz\/pt\/wp-json\/wp\/v2\/media?parent=425"}],"wp:term":[{"taxonomy":"product_brand","embeddable":true,"href":"https:\/\/www.tractors.co.mz\/pt\/wp-json\/wp\/v2\/product_brand?post=425"},{"taxonomy":"product_cat","embeddable":true,"href":"https:\/\/www.tractors.co.mz\/pt\/wp-json\/wp\/v2\/product_cat?post=425"},{"taxonomy":"product_tag","embeddable":true,"href":"https:\/\/www.tractors.co.mz\/pt\/wp-json\/wp\/v2\/product_tag?post=425"}],"curies":[{"name":"wp","href":"https:\/\/api.w.org\/{rel}","templated":true}]}}