{"id":424,"date":"2022-10-11T12:14:23","date_gmt":"2022-10-11T12:14:23","guid":{"rendered":"https:\/\/www.tractors.co.ug\/product\/fodder-cutter\/"},"modified":"2024-06-26T11:16:30","modified_gmt":"2024-06-26T11:16:30","slug":"cortador-de-forragem","status":"publish","type":"product","link":"https:\/\/www.tractors.co.mz\/pt\/product\/cortador-de-forragem\/","title":{"rendered":"Cortador de forragem"},"content":{"rendered":"<p><span class=\"\">Os instrumentos agr\u00edcolas de uso di\u00e1rio incluem cortadores de forragem que s\u00e3o persistentemente utilizados pelos agricultores mo\u00e7ambicanos para a prepara\u00e7\u00e3o de forragem para alimentar o gado agr\u00edcola.\u00a0<\/span>Os agricultores de Mo\u00e7ambique e de outros pa\u00edses equiparam-se com a enorme variedade de implementos agr\u00edcolas dispon\u00edveis na Tractors Mo\u00e7ambique para se tornarem auto-sustent\u00e1veis \u200b\u200bna maioria das opera\u00e7\u00f5es agr\u00edcolas.\u00a0Os nossos\u00a0<a href=\"https:\/\/www.tractors.co.mz\/pt\/product-category\/implementos-agricolas\/\"><strong>implementos agr\u00edcolas \u00e0 venda<\/strong><\/a>\u00a0, n\u00e3o s\u00f3 ajudam os agricultores mo\u00e7ambicanos a elevar os seus padr\u00f5es de vida, mas tamb\u00e9m proporcionam diversas oportunidades de emprego no dom\u00ednio da agricultura e do cultivo.<\/p>\n<h2>Caracter\u00edsticas proeminentes<\/h2>\n<ul>\n<li>R\u00e1pido e eficiente.<\/li>\n<li>O custo da alimenta\u00e7\u00e3o \u00e9 minimizado quando preparado pelos pr\u00f3prios agricultores.<\/li>\n<li>Econ\u00f4mico e f\u00e1cil de usar.<\/li>\n<li>Pode cortar v\u00e1rias culturas enquanto reduz a taxa de desperd\u00edcio.<\/li>\n<li>A qualidade da forragem melhorou muito.<\/li>\n<li>A forragem qualitativamente melhorada pode ser facilmente digerida pelo rebanho.<\/li>\n<li>Multiuso.<\/li>\n<li>Exporte material de qualidade.<\/li>\n<li>\u00c9 verificado sob verifica\u00e7\u00e3o ISO 9001.<\/li>\n<\/ul>\n<h2>Caracter\u00edsticas t\u00e9cnicas<\/h2>\n<ul>\n<li>6 facas e 2 discos.<\/li>\n<li>O peso m\u00e1ximo calculado \u00e9 de 375 Kg.<\/li>\n<li>50 HP \u00e9 a fonte de energia necess\u00e1ria para compatibilidade com o trator.<\/li>\n<\/ul>\n<p>tractors.co.mz fornece solu\u00e7\u00f5es agr\u00edcolas eminentes para os agricultores cada vez mais estrangulados e necessitados de Mo\u00e7ambique. O nosso objectivo \u00e9 fornecer aos agricultores mo\u00e7ambicanos solu\u00e7\u00f5es agr\u00edcolas di\u00e1rias ao seu alcance para evitar que se deparem com os obst\u00e1culos que obstruem as suas opera\u00e7\u00f5es agr\u00edcolas.\u00a0Cortadores de forragem e muitos outros implementos agr\u00edcolas genu\u00ednos e aut\u00eanticos, que s\u00e3o categorizados como implementos agr\u00edcolas aut\u00f4nomos ou montados em trator, podem ser facilmente entregues \u00e0 sua porta dentro do prazo prometido.\u00a0Ent\u00e3o, adquira o seu antes que seja tarde demais.<\/p>\n","protected":false},"excerpt":{"rendered":"<p><strong>Especifica\u00e7\u00f5es<br \/>\n<\/strong>N\u00ba de Discos: 2 ou 2<br \/>\nN\u00ba de Facas: 6 ou 6<br \/>\nLargura de Trabalho: 1250 mm ou 1650 mm<br \/>\nTrator HP (PTO): 540 rpm ou 540 rpm<br \/>\nTrator HP: Acima de 50 HP ou Acima de 50 HP<br \/>\nPeso: 180 kg ou 375kg<\/p>\n","protected":false},"featured_media":1759,"template":"","meta":[],"product_brand":[],"product_cat":[22],"product_tag":[],"class_list":{"0":"post-424","1":"product","2":"type-product","3":"status-publish","4":"has-post-thumbnail","6":"product_cat-implementos-agricolas","8":"first","9":"instock","10":"product-type-simple"},"aioseo_notices":[],"_links":{"self":[{"href":"https:\/\/www.tractors.co.mz\/pt\/wp-json\/wp\/v2\/product\/424","targetHints":{"allow":["GET"]}}],"collection":[{"href":"https:\/\/www.tractors.co.mz\/pt\/wp-json\/wp\/v2\/product"}],"about":[{"href":"https:\/\/www.tractors.co.mz\/pt\/wp-json\/wp\/v2\/types\/product"}],"wp:featuredmedia":[{"embeddable":true,"href":"https:\/\/www.tractors.co.mz\/pt\/wp-json\/wp\/v2\/media\/1759"}],"wp:attachment":[{"href":"https:\/\/www.tractors.co.mz\/pt\/wp-json\/wp\/v2\/media?parent=424"}],"wp:term":[{"taxonomy":"product_brand","embeddable":true,"href":"https:\/\/www.tractors.co.mz\/pt\/wp-json\/wp\/v2\/product_brand?post=424"},{"taxonomy":"product_cat","embeddable":true,"href":"https:\/\/www.tractors.co.mz\/pt\/wp-json\/wp\/v2\/product_cat?post=424"},{"taxonomy":"product_tag","embeddable":true,"href":"https:\/\/www.tractors.co.mz\/pt\/wp-json\/wp\/v2\/product_tag?post=424"}],"curies":[{"name":"wp","href":"https:\/\/api.w.org\/{rel}","templated":true}]}}