{"id":423,"date":"2022-10-11T12:14:23","date_gmt":"2022-10-11T12:14:23","guid":{"rendered":"https:\/\/www.tractors.co.ug\/product\/potato-digger-spinner\/"},"modified":"2024-07-02T09:13:09","modified_gmt":"2024-07-02T09:13:09","slug":"colheitadeira-de-batata","status":"publish","type":"product","link":"https:\/\/www.tractors.co.mz\/pt\/product\/colheitadeira-de-batata\/","title":{"rendered":"Colheitadeira de Batata"},"content":{"rendered":"<p><span class=\"\">Os fiandeiros escavadores de batata s\u00e3o acess\u00f3rios eficazes montados em trator, respons\u00e1veis \u200b\u200bpela coleta e prolifera\u00e7\u00e3o da batata.\u00a0<\/span>As batatas s\u00e3o colhidas individualmente a granel, empurrando-as e a argila de um lado para o outro.\u00a0Estas batatas s\u00e3o de grande import\u00e2ncia para os agricultores locais para alimentar a crescente popula\u00e7\u00e3o de Mo\u00e7ambique.\u00a0Mesmo por vezes, estas batatas, quando produzidas em maior quantidade, utilizando produtivas fiandeiras escavadoras de batatas, podem ser exportadas para obter receitas dignas.<\/p>\n<h2>Caracter\u00edsticas proeminentes<\/h2>\n<ul>\n<li>Exporte material de qualidade.<\/li>\n<li>Verificado sob verifica\u00e7\u00e3o ISO 9001.<\/li>\n<li>Est\u00e1 dentro do or\u00e7amento e \u00e9 altamente preferido pelos agricultores locais de Mo\u00e7ambique.<\/li>\n<li>A prolifera\u00e7\u00e3o da batata est\u00e1 mais f\u00e1cil do que nunca.<\/li>\n<li>Solo desnecess\u00e1rio \u00e9 descartado.<\/li>\n<li>Batatas n\u00e3o danificadas com caule s\u00e3o obtidas como subproduto.<\/li>\n<\/ul>\n<h2>Caracter\u00edsticas t\u00e9cnicas<\/h2>\n<ul>\n<li>50 HP ou mais de fonte de alimenta\u00e7\u00e3o s\u00e3o necess\u00e1rios para compatibilidade com o trator.<\/li>\n<li>O comprimento total, a altura total e a largura total s\u00e3o 9 p\u00e9s, 3 p\u00e9s e 5,5 p\u00e9s, respectivamente.<\/li>\n<li>A largura aproximada de escava\u00e7\u00e3o \u00e9 de 53 polegadas.<\/li>\n<\/ul>\n<p>Procurando um revendedor agr\u00edcola com atualiza\u00e7\u00e3o tecnol\u00f3gica em ritmo acelerado em Mo\u00e7ambique?\u00a0A Tractors Mo\u00e7ambique \u00e9 a sua solu\u00e7\u00e3o definitiva para as suas d\u00favidas agr\u00edcolas.\u00a0<span class=\"\">Possuindo\u00a0<\/span><span class=\"\">implementos agr\u00edcolas<\/span><span class=\"\">\u00a0e tratores de qualidade para exporta\u00e7\u00e3o, a Tractors Mo\u00e7ambique oferece-lhe implementos agr\u00edcolas \u00fanicos e cred\u00edveis, realizando opera\u00e7\u00f5es agr\u00edcolas realistas a pre\u00e7os acess\u00edveis.\u00a0<\/span>Temos tentado proporcionar aos agricultores mo\u00e7ambicanos medidas agr\u00edcolas sem stress a longo prazo.\u00a0Contate-nos agora para ter acesso \u00e0s ofertas mais aguardadas da temporada.<\/p>\n","protected":false},"excerpt":{"rendered":"<p><strong>Especifica\u00e7\u00e3o Colheitadeira de Batata<\/strong><br \/>\nComprimento total 9 p\u00e9s<br \/>\nLargura total 5,5 p\u00e9s<br \/>\nAltura total 3 p\u00e9s<br \/>\nLargura de escava\u00e7\u00e3o 53 polegadas<br \/>\nProdu\u00e7\u00e3o 0,1 ha \/ h.<\/p>\n","protected":false},"featured_media":1846,"template":"","meta":[],"product_brand":[],"product_cat":[22],"product_tag":[],"class_list":{"0":"post-423","1":"product","2":"type-product","3":"status-publish","4":"has-post-thumbnail","6":"product_cat-implementos-agricolas","8":"first","9":"instock","10":"product-type-simple"},"aioseo_notices":[],"_links":{"self":[{"href":"https:\/\/www.tractors.co.mz\/pt\/wp-json\/wp\/v2\/product\/423","targetHints":{"allow":["GET"]}}],"collection":[{"href":"https:\/\/www.tractors.co.mz\/pt\/wp-json\/wp\/v2\/product"}],"about":[{"href":"https:\/\/www.tractors.co.mz\/pt\/wp-json\/wp\/v2\/types\/product"}],"wp:featuredmedia":[{"embeddable":true,"href":"https:\/\/www.tractors.co.mz\/pt\/wp-json\/wp\/v2\/media\/1846"}],"wp:attachment":[{"href":"https:\/\/www.tractors.co.mz\/pt\/wp-json\/wp\/v2\/media?parent=423"}],"wp:term":[{"taxonomy":"product_brand","embeddable":true,"href":"https:\/\/www.tractors.co.mz\/pt\/wp-json\/wp\/v2\/product_brand?post=423"},{"taxonomy":"product_cat","embeddable":true,"href":"https:\/\/www.tractors.co.mz\/pt\/wp-json\/wp\/v2\/product_cat?post=423"},{"taxonomy":"product_tag","embeddable":true,"href":"https:\/\/www.tractors.co.mz\/pt\/wp-json\/wp\/v2\/product_tag?post=423"}],"curies":[{"name":"wp","href":"https:\/\/api.w.org\/{rel}","templated":true}]}}