{"id":422,"date":"2022-10-11T12:14:23","date_gmt":"2022-10-11T12:14:23","guid":{"rendered":"https:\/\/www.tractors.co.ug\/product\/potato-planter\/"},"modified":"2024-07-01T06:24:43","modified_gmt":"2024-07-01T06:24:43","slug":"plantador-de-batata","status":"publish","type":"product","link":"https:\/\/www.tractors.co.mz\/pt\/product\/plantador-de-batata\/","title":{"rendered":"Plantador de batata"},"content":{"rendered":"<p>A \u00e1rdua tarefa de semear batata \u00e9 executada de forma eficiente por um implemento agr\u00edcola montado num trator, nomeadamente um plantador de batata.\u00a0Os plantadores de batata s\u00e3o autom\u00e1ticos por natureza e t\u00eam sido o melhor substituto para os plantadores de batata convencionais, pois podem semear automaticamente uma grande quantidade de batatas em um tempo fracion\u00e1rio.\u00a0Al\u00e9m da batata, v\u00e1rias culturas de tub\u00e9rculos tamb\u00e9m podem ser facilmente semeadas no solo.\u00a0Os agricultores mo\u00e7ambicanos preferem usar plantadores de batata para semear batatas em todo o solo arenoso dos campos agr\u00edcolas, pois requerem menos tempo e menor esfor\u00e7o.<\/p>\n<h2>Caracter\u00edsticas proeminentes<\/h2>\n<ul>\n<li>A semeadura consecutiva \u00e9 alcan\u00e7ada.<\/li>\n<li>Compacto e minimizado para facilitar o deslocamento.<\/li>\n<li>Semeadura de batata sem estresse e sem trabalho.<\/li>\n<li>Econ\u00f4mico e dur\u00e1vel.<\/li>\n<li>Conforme a necessidade, a profundidade de plantio pode ser ajustada.<\/li>\n<li>Exporte material de qualidade.<\/li>\n<li>Verificado sob verifica\u00e7\u00e3o ISO 9001.<\/li>\n<\/ul>\n<h2>Caracter\u00edsticas t\u00e9cnicas<\/h2>\n<ul>\n<li>50 HP ou mais de fonte de alimenta\u00e7\u00e3o s\u00e3o necess\u00e1rios para compatibilidade com o trator.<\/li>\n<li>Tipo de liga\u00e7\u00e3o de 3 pontos dispon\u00edvel.<\/li>\n<li>Distribui\u00e7\u00e3o de prata de alum\u00ednio 4 n\u00e3o.\u00a0para 8 n\u00e3o.<\/li>\n<li>Capacidade aproximada de sementes de 240 Kg a 600 Kg.<\/li>\n<li>O espa\u00e7amento entre as sementes \u00e9 medido em 6 polegadas.<\/li>\n<li>A capacidade linha a linha estimada \u00e9 medida de 28 a 30 polegadas.<\/li>\n<\/ul>\n<p>Tractors.co.mz \u00e9 um balc\u00e3o \u00fanico que fornece solu\u00e7\u00f5es agr\u00edcolas duradouras aos agricultores mo\u00e7ambicanos que est\u00e3o privados de recursos agr\u00edcolas.\u00a0N\u00f3s, da\u00a0<a href=\"https:\/\/www.tractors.co.mz\/pt\/\"><strong>Tractors Mo\u00e7ambique,<\/strong><\/a>\u00a0temos a ambi\u00e7\u00e3o de fornecer aos agricultores zelosos as ferramentas agr\u00edcolas mais avan\u00e7adas, que os beneficiem a longo prazo.\u00a0Oferecemos plantadores de batata com qualidade de exporta\u00e7\u00e3o a pre\u00e7os acess\u00edveis para diversificar o plantio de batatas de forma barata.\u00a0Entre em contato conosco a qualquer momento e nossa equipe de vendas o ajudar\u00e1 a esclarecer suas d\u00favidas.<\/p>\n","protected":false},"excerpt":{"rendered":"<p><strong>Especifica\u00e7\u00e3o de plantadores de batata<\/strong><\/p>\n<p><strong>Especifica\u00e7\u00e3o para 2 fileiras<\/strong><br \/>\nRequisito de energia 50 hp e acima<br \/>\nCapacidade de sementes 240 kg<br \/>\nCaixa de fertilizante 150 kg<br \/>\nDistribui\u00e7\u00e3o atrav\u00e9s de alum\u00ednio prateado 4 nos<\/p>\n<p><strong>Especifica\u00e7\u00e3o para 4 fileiras<\/strong><br \/>\nRequisito de energia 85 hp e acima<br \/>\nCapacidade de sementes 600 kg<br \/>\nCaixa de fertilizante 300 kg<br \/>\nDistribui\u00e7\u00e3o atrav\u00e9s de alum\u00ednio prateado 8 nos<\/p>\n","protected":false},"featured_media":1840,"template":"","meta":[],"product_brand":[],"product_cat":[22],"product_tag":[],"class_list":{"0":"post-422","1":"product","2":"type-product","3":"status-publish","4":"has-post-thumbnail","6":"product_cat-implementos-agricolas","8":"first","9":"instock","10":"product-type-simple"},"aioseo_notices":[],"_links":{"self":[{"href":"https:\/\/www.tractors.co.mz\/pt\/wp-json\/wp\/v2\/product\/422","targetHints":{"allow":["GET"]}}],"collection":[{"href":"https:\/\/www.tractors.co.mz\/pt\/wp-json\/wp\/v2\/product"}],"about":[{"href":"https:\/\/www.tractors.co.mz\/pt\/wp-json\/wp\/v2\/types\/product"}],"wp:featuredmedia":[{"embeddable":true,"href":"https:\/\/www.tractors.co.mz\/pt\/wp-json\/wp\/v2\/media\/1840"}],"wp:attachment":[{"href":"https:\/\/www.tractors.co.mz\/pt\/wp-json\/wp\/v2\/media?parent=422"}],"wp:term":[{"taxonomy":"product_brand","embeddable":true,"href":"https:\/\/www.tractors.co.mz\/pt\/wp-json\/wp\/v2\/product_brand?post=422"},{"taxonomy":"product_cat","embeddable":true,"href":"https:\/\/www.tractors.co.mz\/pt\/wp-json\/wp\/v2\/product_cat?post=422"},{"taxonomy":"product_tag","embeddable":true,"href":"https:\/\/www.tractors.co.mz\/pt\/wp-json\/wp\/v2\/product_tag?post=422"}],"curies":[{"name":"wp","href":"https:\/\/api.w.org\/{rel}","templated":true}]}}