{"id":421,"date":"2022-10-11T12:14:23","date_gmt":"2022-10-11T12:14:23","guid":{"rendered":"https:\/\/www.tractors.co.ug\/product\/maize-sheller\/"},"modified":"2024-06-26T11:32:22","modified_gmt":"2024-06-26T11:32:22","slug":"descascador-de-milho","status":"publish","type":"product","link":"https:\/\/www.tractors.co.mz\/pt\/product\/descascador-de-milho\/","title":{"rendered":"Descascador de Milho"},"content":{"rendered":"<p>A separa\u00e7\u00e3o dos gr\u00e3os das espigas tem sido uma tarefa tortuosa para os agricultores mo\u00e7ambicanos, mas com m\u00e1quinas de descasque como as de milho, esta pr\u00e1tica agr\u00edcola \u00e9 muito mais f\u00e1cil e pr\u00e1tica.\u00a0Milho, milho e outras culturas de gr\u00e3os podem ser descascados usando este implemento agr\u00edcola em Mo\u00e7ambique.\u00a0A principal vantagem de usar descascadores de milho como \u00fanico dispositivo para separa\u00e7\u00e3o de gr\u00e3os \u00e9 que isso restringe completamente a perda de gr\u00e3os.\u00a0Al\u00e9m disso, a produ\u00e7\u00e3o m\u00e9dia de gr\u00e3os obtida tamb\u00e9m \u00e9 muito maior do que atrav\u00e9s dos meios convencionais de descasque.<\/p>\n<h2>Caracter\u00edsticas proeminentes<\/h2>\n<ul>\n<li>Separa\u00e7\u00e3o de aproximadamente 15 a 20 espigas em um minuto, obtendo-se 400 a 500 Kg de gr\u00e3os ao final de cada hora.<\/li>\n<li>Exporte material de qualidade.<\/li>\n<li>Verificado sob verifica\u00e7\u00e3o ISO 9001.<\/li>\n<li>A taxa de debulha de 97% \u00e9 deduzida.<\/li>\n<li>Manuten\u00e7\u00e3o econ\u00f4mica e de baixo custo.<\/li>\n<li>F\u00e1cil de usar e dur\u00e1vel.<\/li>\n<li>Obt\u00eam-se gr\u00e3os saud\u00e1veis \u200b\u200be intactos.<\/li>\n<\/ul>\n<h2>Caracter\u00edsticas t\u00e9cnicas<\/h2>\n<ul>\n<li>Estrutura de a\u00e7o qualitativa utilizada.<\/li>\n<li>Disponibilidade de tamanho m\u00e9dio e grande.<\/li>\n<li>O eixo da tomada de for\u00e7a \u00e9 acionado.<\/li>\n<li>S\u00e3o necess\u00e1rios 50 HP de fonte de energia para compatibilidade com o trator.<\/li>\n<li>Capacidade registrada de 1500 Kg por hora.<\/li>\n<\/ul>\n<p>Obtenha o invent\u00e1rio agr\u00edcola mais acess\u00edvel e produtivo dispon\u00edvel exclusivamente para venda em Tractors.co.mz.\u00a0<a href=\"https:\/\/www.tractors.co.mz\/pt\/product-category\/implementos-agricolas\/\"><strong>Os\u00a0implementos agr\u00edcolas qualitativos \u00e0 venda em Mo\u00e7ambique<\/strong><\/a>\u00a0permitiram aos agricultores maximizar o crescimento das culturas numa frac\u00e7\u00e3o de tempo.\u00a0Da mesma forma, as descascadoras de milho e outros instrumentos agr\u00edcolas substitu\u00edram os m\u00e9todos agr\u00edcolas convencionais de uma forma significativa, produzindo resultados qualitativos e incompar\u00e1veis.\u00a0N\u00e3o me compre assim, experimente voc\u00ea mesmo e maximize sua produ\u00e7\u00e3o agr\u00edcola facilmente.<\/p>\n","protected":false},"excerpt":{"rendered":"<p><strong>Especifica\u00e7\u00e3o do Descascador de Milho<\/strong><br \/>\nOpera\u00e7\u00e3o: Capacidade<br \/>\nacionada pela tomada de for\u00e7a : At\u00e9 1 tonelada\/hora<br \/>\nPeso: Aproximadamente 200Kgs<\/p>\n","protected":false},"featured_media":1782,"template":"","meta":[],"product_brand":[],"product_cat":[22],"product_tag":[],"class_list":{"0":"post-421","1":"product","2":"type-product","3":"status-publish","4":"has-post-thumbnail","6":"product_cat-implementos-agricolas","8":"first","9":"instock","10":"product-type-simple"},"aioseo_notices":[],"_links":{"self":[{"href":"https:\/\/www.tractors.co.mz\/pt\/wp-json\/wp\/v2\/product\/421","targetHints":{"allow":["GET"]}}],"collection":[{"href":"https:\/\/www.tractors.co.mz\/pt\/wp-json\/wp\/v2\/product"}],"about":[{"href":"https:\/\/www.tractors.co.mz\/pt\/wp-json\/wp\/v2\/types\/product"}],"wp:featuredmedia":[{"embeddable":true,"href":"https:\/\/www.tractors.co.mz\/pt\/wp-json\/wp\/v2\/media\/1782"}],"wp:attachment":[{"href":"https:\/\/www.tractors.co.mz\/pt\/wp-json\/wp\/v2\/media?parent=421"}],"wp:term":[{"taxonomy":"product_brand","embeddable":true,"href":"https:\/\/www.tractors.co.mz\/pt\/wp-json\/wp\/v2\/product_brand?post=421"},{"taxonomy":"product_cat","embeddable":true,"href":"https:\/\/www.tractors.co.mz\/pt\/wp-json\/wp\/v2\/product_cat?post=421"},{"taxonomy":"product_tag","embeddable":true,"href":"https:\/\/www.tractors.co.mz\/pt\/wp-json\/wp\/v2\/product_tag?post=421"}],"curies":[{"name":"wp","href":"https:\/\/api.w.org\/{rel}","templated":true}]}}