{"id":420,"date":"2022-10-11T12:14:23","date_gmt":"2022-10-11T12:14:23","guid":{"rendered":"https:\/\/www.tractors.co.ug\/product\/boom-sprayer\/"},"modified":"2024-06-26T10:51:21","modified_gmt":"2024-06-26T10:51:21","slug":"pulverizador-de-lanca","status":"publish","type":"product","link":"https:\/\/www.tractors.co.mz\/pt\/product\/pulverizador-de-lanca\/","title":{"rendered":"Pulverizador de lan\u00e7a"},"content":{"rendered":"<p>Os pulverizadores de lan\u00e7a s\u00e3o o tipo mais comum de pulverizadores agr\u00edcolas utilizados para pulverizar uma variedade de l\u00edquidos, incluindo herbicidas, pesticidas, fertilizantes, etc. Para pulverizar a maioria das culturas mo\u00e7ambicanas, como arroz, milho, sorgo, etc. importante na preven\u00e7\u00e3o do ataque de insectos a estas culturas maduras e na promo\u00e7\u00e3o do seu crescimento atrav\u00e9s de fertilizantes ricos em nutrientes.\u00a0Al\u00e9m disso, os bicos, sendo um componente essencial do pulverizador de barra, dividem os fertilizantes ou qualquer l\u00edquido de pulveriza\u00e7\u00e3o em part\u00edculas min\u00fasculas, que podem ser direcionadas atrav\u00e9s do ar.\u00a0Para garantir resultados garantidos em termos de crescimento, utilize pulverizadores de barras de qualidade avan\u00e7ada, dispon\u00edveis exclusivamente na Tractors Mo\u00e7ambique.<\/p>\n<h2>Caracter\u00edsticas proeminentes<\/h2>\n<ul>\n<li>Multiuso e acess\u00edvel.<\/li>\n<li>Usado idealmente para gerenciamento de plantas.<\/li>\n<li>Econ\u00f4mico e dur\u00e1vel.<\/li>\n<li>O tanque resistente aos raios UV e aos produtos qu\u00edmicos do pulverizador de barra \u00e9 feito de polietileno virgem.\u00a0Isso inibe o crescimento do desenvolvimento de algas por dentro.<\/li>\n<li>Diferentes tipos de culturas podem ser pulverizados atrav\u00e9s de bicos de alta qualidade.<\/li>\n<li>Liga\u00e7\u00e3o universal de tr\u00eas pontos.<\/li>\n<li>Acionado por tomada de for\u00e7a.<\/li>\n<\/ul>\n<h2>Caracter\u00edsticas t\u00e9cnicas<\/h2>\n<ul>\n<li>50 HP \u00e9 a fonte de energia necess\u00e1ria para uma compatibilidade ideal com o trator.<\/li>\n<li>Os pneus do bico t\u00eam formato teejet\/c\u00f4nico.<\/li>\n<li>500 L, 600 L, 800 L e 1000 L s\u00e3o as op\u00e7\u00f5es de capacidade de tanque dispon\u00edveis.<\/li>\n<li>O comprimento m\u00e1ximo \u00e9 de 10m.<\/li>\n<\/ul>\n<p>tractors.co.mz fornece maquinaria agr\u00edcola de qualidade aos agricultores de Mo\u00e7ambique que t\u00eam estado sob a turbul\u00eancia da ambiguidade para encontrar os implementos agr\u00edcolas mais acess\u00edveis e orientados para os resultados.\u00a0Estes\u00a0instrumentos agr\u00edcolas \u00e0 venda em Mo\u00e7ambique\u00a0podem aumentar a taxa de crescimento de culturas essenciais, o que contribui positivamente para o desenvolvimento econ\u00f3mico do pa\u00eds.<\/p>\n<p>Para garantir o sucesso da na\u00e7\u00e3o, obtenha os implementos agr\u00edcolas mais progressistas de Mo\u00e7ambique, exclusivamente da Tractors Mo\u00e7ambique.<\/p>\n","protected":false},"excerpt":{"rendered":"<p><strong>Especifica\u00e7\u00e3o do pulverizador de lan\u00e7a<\/strong><br \/>\nOpera\u00e7\u00e3o Trator &#8211; hidr\u00e1ulico e acionado por tomada de for\u00e7a<br \/>\nCAPACIDADE: 500l &#8211; 1000L<br \/>\nCOMPRIMENTO: AT\u00c9 10M<br \/>\nTipo de bico: Teejet\/c\u00f4nico<\/p>\n","protected":false},"featured_media":1739,"template":"","meta":[],"product_brand":[],"product_cat":[22],"product_tag":[],"class_list":{"0":"post-420","1":"product","2":"type-product","3":"status-publish","4":"has-post-thumbnail","6":"product_cat-implementos-agricolas","8":"first","9":"instock","10":"product-type-simple"},"aioseo_notices":[],"_links":{"self":[{"href":"https:\/\/www.tractors.co.mz\/pt\/wp-json\/wp\/v2\/product\/420","targetHints":{"allow":["GET"]}}],"collection":[{"href":"https:\/\/www.tractors.co.mz\/pt\/wp-json\/wp\/v2\/product"}],"about":[{"href":"https:\/\/www.tractors.co.mz\/pt\/wp-json\/wp\/v2\/types\/product"}],"wp:featuredmedia":[{"embeddable":true,"href":"https:\/\/www.tractors.co.mz\/pt\/wp-json\/wp\/v2\/media\/1739"}],"wp:attachment":[{"href":"https:\/\/www.tractors.co.mz\/pt\/wp-json\/wp\/v2\/media?parent=420"}],"wp:term":[{"taxonomy":"product_brand","embeddable":true,"href":"https:\/\/www.tractors.co.mz\/pt\/wp-json\/wp\/v2\/product_brand?post=420"},{"taxonomy":"product_cat","embeddable":true,"href":"https:\/\/www.tractors.co.mz\/pt\/wp-json\/wp\/v2\/product_cat?post=420"},{"taxonomy":"product_tag","embeddable":true,"href":"https:\/\/www.tractors.co.mz\/pt\/wp-json\/wp\/v2\/product_tag?post=420"}],"curies":[{"name":"wp","href":"https:\/\/api.w.org\/{rel}","templated":true}]}}