{"id":419,"date":"2022-10-11T12:14:23","date_gmt":"2022-10-11T12:14:23","guid":{"rendered":"https:\/\/www.tractors.co.ug\/product\/rice-thresher\/"},"modified":"2024-06-26T11:46:41","modified_gmt":"2024-06-26T11:46:41","slug":"debulhador-de-arroz","status":"publish","type":"product","link":"https:\/\/www.tractors.co.mz\/pt\/product\/debulhador-de-arroz\/","title":{"rendered":"Debulhador de arroz"},"content":{"rendered":"<p><span class=\"\">Culturas como arroz, milho, cevada, milho-mi\u00fado, etc. podem ser facilmente debulhadas utilizando uma arma agr\u00edcola, nomeadamente uma debulhadora de arroz.\u00a0<\/span>Sendo de constru\u00e7\u00e3o compacta, este\u00a0<a href=\"https:\/\/www.tractors.co.mz\/pt\/product-category\/implementos-agricolas\/\"><strong>implemento agr\u00edcola em Mo\u00e7ambique<\/strong><\/a>\u00a0pode debulhar eficientemente m\u00faltiplas culturas com especifica\u00e7\u00f5es semelhantes \u00e0s do arroz e do trigo.\u00a0Os gr\u00e3os debulhados na debulhadora de arroz est\u00e3o ilesos e apresentam qualidade satisfat\u00f3ria.\u00a0Com uma debulhadora de arroz, os agricultores mo\u00e7ambicanos podem debulhar um grande n\u00famero de gr\u00e3os de arroz de qualidade sem ficarem stressados, acomodando assim as necessidades cada vez maiores desta cultura significativa.<\/p>\n<h3>Caracter\u00edsticas proeminentes<\/h3>\n<ul>\n<li>Os gr\u00e3os obtidos s\u00e3o saud\u00e1veis \u200b\u200be ilesos.<\/li>\n<li>Culturas semelhantes ao arroz podem ser facilmente debulhadas.<\/li>\n<li>As opera\u00e7\u00f5es, assim como a manuten\u00e7\u00e3o, s\u00e3o menos estressantes.<\/li>\n<li>Reduz energia, tempo e custos.<\/li>\n<li>N\u00e3o requer m\u00e3o de obra acess\u00f3ria para opera\u00e7\u00e3o.<\/li>\n<li>A subst\u00e2ncia residual \u00e9 recicl\u00e1vel.<\/li>\n<li>\u00c9 verificado sob verifica\u00e7\u00e3o ISO 9001.<\/li>\n<li>De alta qualidade para exporta\u00e7\u00e3o.<\/li>\n<li>Produtivo e acess\u00edvel.<\/li>\n<\/ul>\n<h3>Caracter\u00edsticas t\u00e9cnicas<\/h3>\n<ul>\n<li>65 HP de fonte de energia necess\u00e1ria para compatibilidade com trator.<\/li>\n<li>Para seu funcionamento s\u00e3o necess\u00e1rios 4 trabalhadores.<\/li>\n<li>A produ\u00e7\u00e3o estimada de gr\u00e3os por hora registrada \u00e9 de 1,5 a 2 toneladas.<\/li>\n<li>O soprador centr\u00edfugo est\u00e1 integrado.<\/li>\n<li>O sistema de trilha \u00e9 do tipo fluxo axial.<\/li>\n<li>S\u00e3o adquiridos 99% de gr\u00e3os limpos.<\/li>\n<\/ul>\n<p>A diversificada gama de invent\u00e1rio agr\u00edcola, demasiado acess\u00edvel e de qualidade extraordin\u00e1ria, est\u00e1 dispon\u00edvel exclusivamente em tractors.co.mz.\u00a0Na Tractors Mo\u00e7ambique, podemos dizer com orgulho que o nosso invent\u00e1rio agr\u00edcola cont\u00e9m tudo o que um agricultor precisa.\u00a0Possu\u00edmos muitos implementos agr\u00edcolas de alto rendimento em Mo\u00e7ambique, incluindo debulhador de arroz, plantadores de arroz e muito mais.\u00a0Todas estas ferramentas agr\u00edcolas podem elevar a taxa de produ\u00e7\u00e3o de culturas comerciais essenciais, necess\u00e1rias para alimentar a popula\u00e7\u00e3o crescente e n\u00e3o s\u00f3.\u00a0Para adquirir seu conjunto acess\u00edvel de implementos agr\u00edcolas, entre em contato pelo nosso n\u00famero de WhatsApp e agrade\u00e7a posteriormente.<\/p>\n","protected":false},"excerpt":{"rendered":"<p><strong>Especifica\u00e7\u00f5es<\/strong><br \/>\nPeso 60kg 80kg<br \/>\nDimens\u00e3o 1250\u00d7700\u00d7800mm 1500\u00d7800\u00d71000mm<\/p>\n","protected":false},"featured_media":1807,"template":"","meta":[],"product_brand":[],"product_cat":[22],"product_tag":[],"class_list":{"0":"post-419","1":"product","2":"type-product","3":"status-publish","4":"has-post-thumbnail","6":"product_cat-implementos-agricolas","8":"first","9":"instock","10":"product-type-simple"},"aioseo_notices":[],"_links":{"self":[{"href":"https:\/\/www.tractors.co.mz\/pt\/wp-json\/wp\/v2\/product\/419","targetHints":{"allow":["GET"]}}],"collection":[{"href":"https:\/\/www.tractors.co.mz\/pt\/wp-json\/wp\/v2\/product"}],"about":[{"href":"https:\/\/www.tractors.co.mz\/pt\/wp-json\/wp\/v2\/types\/product"}],"wp:featuredmedia":[{"embeddable":true,"href":"https:\/\/www.tractors.co.mz\/pt\/wp-json\/wp\/v2\/media\/1807"}],"wp:attachment":[{"href":"https:\/\/www.tractors.co.mz\/pt\/wp-json\/wp\/v2\/media?parent=419"}],"wp:term":[{"taxonomy":"product_brand","embeddable":true,"href":"https:\/\/www.tractors.co.mz\/pt\/wp-json\/wp\/v2\/product_brand?post=419"},{"taxonomy":"product_cat","embeddable":true,"href":"https:\/\/www.tractors.co.mz\/pt\/wp-json\/wp\/v2\/product_cat?post=419"},{"taxonomy":"product_tag","embeddable":true,"href":"https:\/\/www.tractors.co.mz\/pt\/wp-json\/wp\/v2\/product_tag?post=419"}],"curies":[{"name":"wp","href":"https:\/\/api.w.org\/{rel}","templated":true}]}}