{"id":418,"date":"2022-10-11T12:14:23","date_gmt":"2022-10-11T12:14:23","guid":{"rendered":"https:\/\/www.tractors.co.ug\/product\/wheat-thresher\/"},"modified":"2024-06-26T11:56:35","modified_gmt":"2024-06-26T11:56:35","slug":"debulhador-de-trigo","status":"publish","type":"product","link":"https:\/\/www.tractors.co.mz\/pt\/product\/debulhador-de-trigo\/","title":{"rendered":"Debulhador de trigo"},"content":{"rendered":"<p><span class=\"\">O debulhador de trigo ou arroz \u00e9 um implemento agr\u00edcola montado em um trator de constru\u00e7\u00e3o inteligente que pode facilmente separar os gr\u00e3os de suas palhas ou palhas.\u00a0<\/span>Com a debulha feita atrav\u00e9s de uma debulhadora de trigo, os agricultores mo\u00e7ambicanos enfrentam menos esfor\u00e7o f\u00edsico.\u00a0Assim, os gr\u00e3os obtidos como subproduto ficam livres de les\u00f5es e danificados, e observa-se maior efici\u00eancia nas fun\u00e7\u00f5es relacionadas \u00e0 colheita.<\/p>\n<h3>Caracter\u00edsticas proeminentes<\/h3>\n<ul>\n<li>De alta qualidade para exporta\u00e7\u00e3o.<\/li>\n<li>\u00c9 verificado sob verifica\u00e7\u00e3o ISO 9001.<\/li>\n<li>Econ\u00f4mico e multifuncional.<\/li>\n<li>Os restantes produtos s\u00e3o reciclados.<\/li>\n<li>A quebra de gr\u00e3os \u00e9 bastante atenuada.<\/li>\n<li>Os gr\u00e3os separados do joio n\u00e3o s\u00e3o danificados.<\/li>\n<\/ul>\n<h3>Caracter\u00edsticas t\u00e9cnicas<\/h3>\n<ul>\n<li>S\u00e3o necess\u00e1rios 65 HP de fonte de energia para compatibilidade com o trator.<\/li>\n<li>Em m\u00e9dia, o consumo de combust\u00edvel \u00e9 medido em 7 a 7,5 litros por hora.<\/li>\n<li>O n\u00famero total de cortadores varia de 104 a 128.<\/li>\n<li>A capacidade total de produ\u00e7\u00e3o \u00e9 de 1.200 a 1.400 kg por hora.<\/li>\n<li>A velocidade aproximada da tomada de for\u00e7a \u00e9 medida em 540 rpm.<\/li>\n<\/ul>\n<p>Em Mo\u00e7ambique, encontrar implementos agr\u00edcolas\u00a0de qualidade e acess\u00edveis\u00a0\u00e9 bastante agitado, no entanto, em Tractors.co.mz encontrar\u00e1 os implementos agr\u00edcolas mais produtivos e de baixo custo, caracterizados por reduzir o stress agr\u00edcola dos agricultores mo\u00e7ambicanos.\u00a0Os debulhadores de trigo dispon\u00edveis na Tractors Mo\u00e7ambique s\u00e3o de excelente qualidade e podem realizar rapidamente a colheita de culturas semelhantes ao trigo, incluindo arroz, ervilha, soja, etc.<\/p>\n","protected":false},"excerpt":{"rendered":"<p><strong>Especifica\u00e7\u00f5es<br \/>\n<\/strong>N\u00ba do cortador 104-128<br \/>\nAltura com rodas 6&#8242;<br \/>\nComprimento do tambor 4,5&#8242; &#8211; 5,5&#8242;<br \/>\nVelocidade da tomada de for\u00e7a 540RPM<br \/>\nConsumo de combust\u00edvel 7-7,5l\/h<br \/>\nCompatibilidade do trator 50 HP e superior<\/p>\n","protected":false},"featured_media":1829,"template":"","meta":[],"product_brand":[],"product_cat":[22],"product_tag":[],"class_list":{"0":"post-418","1":"product","2":"type-product","3":"status-publish","4":"has-post-thumbnail","6":"product_cat-implementos-agricolas","8":"first","9":"instock","10":"product-type-simple"},"aioseo_notices":[],"_links":{"self":[{"href":"https:\/\/www.tractors.co.mz\/pt\/wp-json\/wp\/v2\/product\/418","targetHints":{"allow":["GET"]}}],"collection":[{"href":"https:\/\/www.tractors.co.mz\/pt\/wp-json\/wp\/v2\/product"}],"about":[{"href":"https:\/\/www.tractors.co.mz\/pt\/wp-json\/wp\/v2\/types\/product"}],"wp:featuredmedia":[{"embeddable":true,"href":"https:\/\/www.tractors.co.mz\/pt\/wp-json\/wp\/v2\/media\/1829"}],"wp:attachment":[{"href":"https:\/\/www.tractors.co.mz\/pt\/wp-json\/wp\/v2\/media?parent=418"}],"wp:term":[{"taxonomy":"product_brand","embeddable":true,"href":"https:\/\/www.tractors.co.mz\/pt\/wp-json\/wp\/v2\/product_brand?post=418"},{"taxonomy":"product_cat","embeddable":true,"href":"https:\/\/www.tractors.co.mz\/pt\/wp-json\/wp\/v2\/product_cat?post=418"},{"taxonomy":"product_tag","embeddable":true,"href":"https:\/\/www.tractors.co.mz\/pt\/wp-json\/wp\/v2\/product_tag?post=418"}],"curies":[{"name":"wp","href":"https:\/\/api.w.org\/{rel}","templated":true}]}}