{"id":416,"date":"2022-10-11T12:14:23","date_gmt":"2022-10-11T12:14:23","guid":{"rendered":"https:\/\/www.tractors.co.ug\/product\/cotton-ridger\/"},"modified":"2024-06-26T11:47:54","modified_gmt":"2024-06-26T11:47:54","slug":"algodao-ridger","status":"publish","type":"product","link":"https:\/\/www.tractors.co.mz\/pt\/product\/algodao-ridger\/","title":{"rendered":"Algod\u00e3o Ridger"},"content":{"rendered":"<p>Uma cumeeira de algod\u00e3o \u00e9 um implemento agr\u00edcola montado em um trator usado para m\u00faltiplos usos agr\u00edcolas pelos agricultores mo\u00e7ambicanos.\u00a0Idealmente, para sulcar algod\u00e3o, milho, cana-de-a\u00e7\u00facar, etc. sulcadores de algod\u00e3o podem ser usados \u200b\u200bcomo sulcador cultivador entre fileiras.\u00a0Os dois discos de uma sulcadora de algod\u00e3o melhoram o desempenho de uma sulcadora de algod\u00e3o, especialmente nos campos de Mo\u00e7ambique.\u00a0Os agricultores de Mo\u00e7ambique utilizam este implemento agr\u00edcola para aumentar o n\u00edvel do solo atrav\u00e9s de cultivos repetidos.\u00a0Nas lavouras de algod\u00e3o, os agricultores fazem uso de camadeiras de algod\u00e3o para evitar o consumo de \u00e1gua.<\/p>\n<h2>Caracter\u00edsticas proeminentes<\/h2>\n<ul>\n<li>Exporte material de qualidade.<\/li>\n<li>\u00c9 verificado sob verifica\u00e7\u00e3o ISO 9001.<\/li>\n<li>A produ\u00e7\u00e3o do solo \u00e9 cont\u00ednua.<\/li>\n<li>Econ\u00f4mico e multifuncional.<\/li>\n<li>F\u00e1cil de usar, anticorrosivo e ajust\u00e1vel.<\/li>\n<li>O desempenho do trator \u00e9 bastante aprimorado.<\/li>\n<\/ul>\n<h2>Caracter\u00edsticas t\u00e9cnicas<\/h2>\n<ul>\n<li>60 HP \u00e9 a fonte de energia necess\u00e1ria para compatibilidade com o trator.<\/li>\n<li>De 9 dentes.<\/li>\n<li>A altura total e o comprimento total s\u00e3o 43 polegadas e 90 polegadas, respectivamente.<\/li>\n<li>A profundidade dos dentes e o espa\u00e7amento entre linhas s\u00e3o ajust\u00e1veis.<\/li>\n<li>A largura total \u00e9 de 36 polegadas.<\/li>\n<\/ul>\n<p>A Tractors.com.mz possui um invent\u00e1rio agr\u00edcola diversificado e produtivo, com tractores agr\u00edcolas e alfaias agr\u00edcolas\u00a0extremamente funcionais\u00a0que se tornaram uma necessidade di\u00e1ria para os agricultores mo\u00e7ambicanos.\u00a0Simplificar os procedimentos agr\u00edcolas e deduzir uma maior produ\u00e7\u00e3o \u00e9 o que n\u00f3s, da Tractors Mo\u00e7ambique, desejamos sinceramente, atrav\u00e9s de uma ampla variedade de implementos agr\u00edcolas de qualidade para exporta\u00e7\u00e3o \u00e0 venda em Mo\u00e7ambique.\u00a0Riscadores de algod\u00e3o acess\u00edveis e dur\u00e1veis \u200b\u200best\u00e3o a apenas um clique de dist\u00e2ncia, adquira o seu simplesmente entrando em contato com nossa equipe de vendas qualificada, exclusivamente na tratores Mo\u00e7ambique.<\/p>\n","protected":false},"excerpt":{"rendered":"<p><strong>Especifica\u00e7\u00e3o de Cotton Ridger<\/strong><br \/>\nFonte de alimenta\u00e7\u00e3o Tratores de 60-70 HP.<br \/>\nN\u00ba de dentes 9 N\u00ba<br \/>\nTipo Hidr\u00e1ulico<br \/>\nComprimento total 90 polegadas<br \/>\nAltura total 43 polegadas<br \/>\nLargura total 36 polegadas<br \/>\nComprimento total (m\u00e1x.) 80 polegadas<\/p>\n","protected":false},"featured_media":1810,"template":"","meta":[],"product_brand":[],"product_cat":[22],"product_tag":[],"class_list":{"0":"post-416","1":"product","2":"type-product","3":"status-publish","4":"has-post-thumbnail","6":"product_cat-implementos-agricolas","8":"first","9":"instock","10":"product-type-simple"},"aioseo_notices":[],"_links":{"self":[{"href":"https:\/\/www.tractors.co.mz\/pt\/wp-json\/wp\/v2\/product\/416","targetHints":{"allow":["GET"]}}],"collection":[{"href":"https:\/\/www.tractors.co.mz\/pt\/wp-json\/wp\/v2\/product"}],"about":[{"href":"https:\/\/www.tractors.co.mz\/pt\/wp-json\/wp\/v2\/types\/product"}],"wp:featuredmedia":[{"embeddable":true,"href":"https:\/\/www.tractors.co.mz\/pt\/wp-json\/wp\/v2\/media\/1810"}],"wp:attachment":[{"href":"https:\/\/www.tractors.co.mz\/pt\/wp-json\/wp\/v2\/media?parent=416"}],"wp:term":[{"taxonomy":"product_brand","embeddable":true,"href":"https:\/\/www.tractors.co.mz\/pt\/wp-json\/wp\/v2\/product_brand?post=416"},{"taxonomy":"product_cat","embeddable":true,"href":"https:\/\/www.tractors.co.mz\/pt\/wp-json\/wp\/v2\/product_cat?post=416"},{"taxonomy":"product_tag","embeddable":true,"href":"https:\/\/www.tractors.co.mz\/pt\/wp-json\/wp\/v2\/product_tag?post=416"}],"curies":[{"name":"wp","href":"https:\/\/api.w.org\/{rel}","templated":true}]}}