{"id":415,"date":"2022-10-11T12:14:23","date_gmt":"2022-10-11T12:14:23","guid":{"rendered":"https:\/\/www.tractors.co.ug\/product\/rear-mounted-dozer\/"},"modified":"2024-06-26T11:45:15","modified_gmt":"2024-06-26T11:45:15","slug":"dozer-montado-traseira","status":"publish","type":"product","link":"https:\/\/www.tractors.co.mz\/pt\/product\/dozer-montado-traseira\/","title":{"rendered":"Dozer Montado Traseira"},"content":{"rendered":"<p>Para o corte preciso de gr\u00e3os e colheitas, \u00e9 utilizado um instrumento t\u00e9cnico montado em trator, ou seja, um buld\u00f4zer montado na parte traseira.\u00a0Para arrancar tocos e ra\u00edzes, os agricultores mo\u00e7ambicanos utilizam buld\u00f4zeres montados na parte traseira, pois s\u00e3o ajust\u00e1veis \u200b\u200be a l\u00e2mina pode girar\u00a0<sup>360\u00ba<\/sup>\u00a0.\u00a0Al\u00e9m disso, um trator montado na parte traseira pode ser usado para algumas atividades agr\u00edcolas, incluindo terra\u00e7os, aterros e movimenta\u00e7\u00e3o de terras.\u00a0Os in\u00fameros benef\u00edcios do buld\u00f4zer montado na parte traseira tornaram-no uma prioridade m\u00e1xima entre os agricultores mo\u00e7ambicanos.<\/p>\n<h3>Caracter\u00edsticas proeminentes<\/h3>\n<ul>\n<li>\u00c9 verificado sob verifica\u00e7\u00e3o ISO 9001.<\/li>\n<li>De alta qualidade para exporta\u00e7\u00e3o.<\/li>\n<li>F\u00e1cil fixa\u00e7\u00e3o do trator.<\/li>\n<li>Econ\u00f4mico e f\u00e1cil de usar<\/li>\n<li>Canais e valas de irriga\u00e7\u00e3o podem ser escavados com facilidade.<\/li>\n<li>O melhor substituto para preenchimento.<\/li>\n<li>Sua l\u00e2mina \u00e9 ajust\u00e1vel e pode ser substitu\u00edda em um \u00e2ngulo de 360 \u200b\u200bgraus.<\/li>\n<li>Uma obriga\u00e7\u00e3o para todo invent\u00e1rio agr\u00edcola.<\/li>\n<li>Facilmente capaz de compensar.<\/li>\n<\/ul>\n<h3>Caracter\u00edsticas t\u00e9cnicas<\/h3>\n<ul>\n<li>O comprimento e a largura da l\u00e2mina s\u00e3o de 5 p\u00e9s e 7 p\u00e9s, respectivamente.<\/li>\n<li>170 Kg \u00e9 calculado como o peso aproximado.<\/li>\n<li>O \u00e2ngulo pode ser ajustado de 0 a 360 graus.<\/li>\n<li>50 HP de fonte de energia necess\u00e1ria para compatibilidade com trator.<\/li>\n<\/ul>\n<p>Os renomados revendedores de Mo\u00e7ambique incluem tractors.co.mz, fornecendo solu\u00e7\u00f5es agr\u00edcolas eminentes aos agricultores de Mo\u00e7ambique, facilitando-lhes a sua \u00e1rdua jornada de enquadramento \u00e1spero e dif\u00edcil por meio de recursos agr\u00edcolas de qualidade descomprometida a pre\u00e7os acess\u00edveis.\u00a0Os nossos\u00a0<a href=\"https:\/\/www.tractors.co.mz\/pt\/product-category\/implementos-agricolas\/\"><strong>implementos agr\u00edcolas \u00e0 venda em Mo\u00e7ambique<\/strong><\/a>\u00a0s\u00e3o o melhor substituto para as t\u00e9cnicas agr\u00edcolas convencionais.\u00a0Contate-nos e nosso servi\u00e7o de atendimento ao cliente ir\u00e1 orient\u00e1-lo com as informa\u00e7\u00f5es necess\u00e1rias sobre os servi\u00e7os de implementos agr\u00edcolas, ent\u00e3o solicite imediatamente um buld\u00f4zer montado na parte traseira exclusivamente a pre\u00e7os acess\u00edveis.<\/p>\n","protected":false},"excerpt":{"rendered":"<p><strong>Especifica\u00e7\u00f5es<br \/>\n<\/strong>A l\u00e2mina pode ser deslocada e inclinada.<br \/>\nA ponta \u00e9 de alto carbono e substitu\u00edvel.<br \/>\nTrun completo de 360 \u200b\u200bl\u00e2minas.<br \/>\nA estrutura principal \u00e9 constru\u00edda em placa moldada com refor\u00e7o extra.<\/p>\n","protected":false},"featured_media":1804,"template":"","meta":[],"product_brand":[],"product_cat":[22],"product_tag":[],"class_list":{"0":"post-415","1":"product","2":"type-product","3":"status-publish","4":"has-post-thumbnail","6":"product_cat-implementos-agricolas","8":"first","9":"instock","10":"product-type-simple"},"aioseo_notices":[],"_links":{"self":[{"href":"https:\/\/www.tractors.co.mz\/pt\/wp-json\/wp\/v2\/product\/415","targetHints":{"allow":["GET"]}}],"collection":[{"href":"https:\/\/www.tractors.co.mz\/pt\/wp-json\/wp\/v2\/product"}],"about":[{"href":"https:\/\/www.tractors.co.mz\/pt\/wp-json\/wp\/v2\/types\/product"}],"wp:featuredmedia":[{"embeddable":true,"href":"https:\/\/www.tractors.co.mz\/pt\/wp-json\/wp\/v2\/media\/1804"}],"wp:attachment":[{"href":"https:\/\/www.tractors.co.mz\/pt\/wp-json\/wp\/v2\/media?parent=415"}],"wp:term":[{"taxonomy":"product_brand","embeddable":true,"href":"https:\/\/www.tractors.co.mz\/pt\/wp-json\/wp\/v2\/product_brand?post=415"},{"taxonomy":"product_cat","embeddable":true,"href":"https:\/\/www.tractors.co.mz\/pt\/wp-json\/wp\/v2\/product_cat?post=415"},{"taxonomy":"product_tag","embeddable":true,"href":"https:\/\/www.tractors.co.mz\/pt\/wp-json\/wp\/v2\/product_tag?post=415"}],"curies":[{"name":"wp","href":"https:\/\/api.w.org\/{rel}","templated":true}]}}