{"id":414,"date":"2022-10-11T12:14:23","date_gmt":"2022-10-11T12:14:23","guid":{"rendered":"https:\/\/www.tractors.co.ug\/product\/border-disc\/"},"modified":"2024-06-26T10:53:41","modified_gmt":"2024-06-26T10:53:41","slug":"disco-de-borda","status":"publish","type":"product","link":"https:\/\/www.tractors.co.mz\/pt\/product\/disco-de-borda\/","title":{"rendered":"Disco de borda"},"content":{"rendered":"<p>Um disco de borda \u00e9 um implemento agr\u00edcola espec\u00edfico que \u00e9 capaz de executar diversas opera\u00e7\u00f5es agr\u00edcolas, desde o desenvolvimento de camalh\u00f5es at\u00e9 opera\u00e7\u00f5es de irriga\u00e7\u00e3o, para verificar o solo quanto \u00e0 eros\u00e3o do solo ou atividades de terraplenagem, um disco de borda pode ser multifuncional.\u00a0O enorme di\u00e2metro do disco \u00e9 respons\u00e1vel por desenvolver limites de tamanho regular para garantir que a \u00e1gua possa fluir facilmente atrav\u00e9s de culturas intermitentes.\u00a0Os discos de borda tamb\u00e9m podem ser usados \u200b\u200bcomo uma solu\u00e7\u00e3o alternativa para os problemas de drenagem de Mo\u00e7ambique.<\/p>\n<h2>Caracter\u00edsticas proeminentes<\/h2>\n<ul>\n<li>Dur\u00e1vel e executa opera\u00e7\u00f5es r\u00e1pidas.<\/li>\n<li>Os limites s\u00e3o tra\u00e7ados com facilidade e perfei\u00e7\u00e3o.<\/li>\n<li>Verificado sob verifica\u00e7\u00e3o ISO 9001.<\/li>\n<li>Exporte material de qualidade.<\/li>\n<li>A eros\u00e3o do solo e da \u00e1gua \u00e9 grandemente evitada.<\/li>\n<li>Econ\u00f4mico e f\u00e1cil de usar.<\/li>\n<li>O plantio \u00e9 mais frut\u00edfero do que nunca.<\/li>\n<li>O sistema radicular \u00e9 fortalecido e aprimorado.<\/li>\n<li>Largura ajust\u00e1vel para acomodar diversas necessidades agr\u00edcolas.<\/li>\n<\/ul>\n<h2>Caracter\u00edsticas t\u00e9cnicas<\/h2>\n<ul>\n<li>O tamanho do disco \u00e9 de 26 polegadas.<\/li>\n<li>50 HP \u00e9 a fonte de energia necess\u00e1ria para uma compatibilidade ideal com o trator.<\/li>\n<li>Disco de inclina\u00e7\u00e3o ajust\u00e1vel.<\/li>\n<li>O tipo de acess\u00f3rio \u00e9 de liga\u00e7\u00e3o de 3 pontos.<\/li>\n<\/ul>\n<p><span class=\"VIpgJd-yAWNEb-VIpgJd-fmcmS-sn54Q\">tractors.co.mz oferece solu\u00e7\u00f5es agr\u00edcolas produtivas e econ\u00f3micas que podem ser facilmente interpretadas pelos agricultores mo\u00e7ambicanos.\u00a0<\/span>Nossa linha f\u00e1cil de usar de\u00a0<a href=\"https:\/\/www.tractors.co.mz\/pt\/\"><strong>tratores e implementos agr\u00edcolas para venda<\/strong><\/a>\u00a0tem sido de qualidade confi\u00e1vel para produzir o m\u00e1ximo de produ\u00e7\u00e3o agr\u00edcola sem investir estresse quantitativo.\u00a0Os nossos discos fronteiri\u00e7os de inclina\u00e7\u00e3o ajust\u00e1vel podem servir os agricultores mo\u00e7ambicanos com in\u00fameros procedimentos agr\u00edcolas, para garantir o progresso do sistema agr\u00edcola mo\u00e7ambicano.\u00a0Estamos empenhados em fornecer instrumentos agr\u00edcolas de qualidade para satisfazer a comunidade agr\u00edcola de Mo\u00e7ambique e de outros pa\u00edses africanos.\u00a0Obtenha os seus implementos agr\u00edcolas acess\u00edveis na Tractors Mo\u00e7ambique.<\/p>\n","protected":false},"excerpt":{"rendered":"<p><strong>Especifica\u00e7\u00e3o do disco de borda<\/strong><br \/>\nInclina\u00e7\u00e3o do disco<br \/>\nLargura ajust\u00e1vel<br \/>\nAcess\u00f3rio ajust\u00e1vel Articula\u00e7\u00e3o de 3 pontos<br \/>\nCompatibilidade com trator 50 HP e superior<\/p>\n","protected":false},"featured_media":1742,"template":"","meta":[],"product_brand":[],"product_cat":[22],"product_tag":[],"class_list":{"0":"post-414","1":"product","2":"type-product","3":"status-publish","4":"has-post-thumbnail","6":"product_cat-implementos-agricolas","8":"first","9":"instock","10":"product-type-simple"},"aioseo_notices":[],"_links":{"self":[{"href":"https:\/\/www.tractors.co.mz\/pt\/wp-json\/wp\/v2\/product\/414","targetHints":{"allow":["GET"]}}],"collection":[{"href":"https:\/\/www.tractors.co.mz\/pt\/wp-json\/wp\/v2\/product"}],"about":[{"href":"https:\/\/www.tractors.co.mz\/pt\/wp-json\/wp\/v2\/types\/product"}],"wp:featuredmedia":[{"embeddable":true,"href":"https:\/\/www.tractors.co.mz\/pt\/wp-json\/wp\/v2\/media\/1742"}],"wp:attachment":[{"href":"https:\/\/www.tractors.co.mz\/pt\/wp-json\/wp\/v2\/media?parent=414"}],"wp:term":[{"taxonomy":"product_brand","embeddable":true,"href":"https:\/\/www.tractors.co.mz\/pt\/wp-json\/wp\/v2\/product_brand?post=414"},{"taxonomy":"product_cat","embeddable":true,"href":"https:\/\/www.tractors.co.mz\/pt\/wp-json\/wp\/v2\/product_cat?post=414"},{"taxonomy":"product_tag","embeddable":true,"href":"https:\/\/www.tractors.co.mz\/pt\/wp-json\/wp\/v2\/product_tag?post=414"}],"curies":[{"name":"wp","href":"https:\/\/api.w.org\/{rel}","templated":true}]}}