{"id":413,"date":"2022-10-11T12:14:23","date_gmt":"2022-10-11T12:14:23","guid":{"rendered":"https:\/\/www.tractors.co.ug\/product\/sub-soiler\/"},"modified":"2024-06-26T11:52:01","modified_gmt":"2024-06-26T11:52:01","slug":"subsolador","status":"publish","type":"product","link":"https:\/\/www.tractors.co.mz\/pt\/product\/subsolador\/","title":{"rendered":"Subsolador"},"content":{"rendered":"<p>O subsolador, como o nome indica, quebra o solo compacto e r\u00edgido para perder o solo sedimentado, nutrindo assim as culturas em crescimento.\u00a0Para o cultivo do solo de campos agr\u00edcolas, os subsoladores s\u00e3o altamente preferidos, pois s\u00e3o pr\u00e1ticos, econ\u00f4micos e produzem resultados duradouros.\u00a0Normalmente, os tratores que tendem a maior pot\u00eancia s\u00e3o compat\u00edveis com os subsoladores, pois consomem uma grande quantidade de energia para opera\u00e7\u00e3o.<\/p>\n<h3>Caracter\u00edsticas proeminentes<\/h3>\n<ul>\n<li>O desenvolvimento das culturas \u00e9 impulsionado e melhorado.<\/li>\n<li>A panela suja do arado est\u00e1 iluminada.<\/li>\n<li>A\u00e7o de alta qualidade \u00e9 usado para garantir durabilidade e estabilidade.<\/li>\n<li>As despesas com o cultivo do solo s\u00e3o reduzidas a uma fra\u00e7\u00e3o.<\/li>\n<li>O rendimento do solo \u00e9 melhorado significativamente.<\/li>\n<li>A umidade \u00e9 retida nas proximidades do solo.<\/li>\n<li>A aera\u00e7\u00e3o da raiz \u00e9 melhorada, resultando em maior nutri\u00e7\u00e3o.<\/li>\n<\/ul>\n<h3>Caracter\u00edsticas t\u00e9cnicas<\/h3>\n<ul>\n<li>O tipo de modelo \u00e9 OTI-01\/S.<\/li>\n<li>A profundidade aproximada de trabalho \u00e9 de 21\u201d (53 cm).<\/li>\n<li>A estrutura compreende canais de a\u00e7o para servi\u00e7os pesados.<\/li>\n<li>A categoria de liga\u00e7\u00e3o \u00e9 \u00bd.<\/li>\n<li>1 l\u00e2mina est\u00e1 presente.<\/li>\n<li>75 HP de fonte de energia necess\u00e1ria para compatibilidade com trator<\/li>\n<\/ul>\n<p>Tractors.co.mz constitui a gama mais econ\u00f3mica e produtiva de\u00a0<a href=\"https:\/\/www.tractors.co.mz\/pt\/product-category\/implementos-agricolas\/\"><strong>alfaias agr\u00edcolas e tractores<\/strong><\/a>\u00a0que t\u00eam fornecido solu\u00e7\u00f5es agr\u00edcolas simplificadas que os agricultores mo\u00e7ambicanos procuravam.\u00a0Todo o invent\u00e1rio dispon\u00edvel na Tractors Mo\u00e7ambique foi concebido para ajudar os agricultores mo\u00e7ambicanos em actividades agr\u00edcolas extenuantes, produzindo assim rendimentos mais elevados com esfor\u00e7os minimizados.\u00a0Os subsoladores e muitos outros instrumentos agr\u00edcolas t\u00eam sido muito abastecidos no nosso invent\u00e1rio devido \u00e0 sua enorme procura entre os agricultores mo\u00e7ambicanos.<\/p>\n","protected":false},"excerpt":{"rendered":"<p><strong>Especifica\u00e7\u00f5es<\/strong><br \/>\nModelo HFI-01\/S<br \/>\nCategoria de liga\u00e7\u00e3o 1\/2<br \/>\nEstrutura Canal de a\u00e7o para servi\u00e7o pesado<br \/>\nLargura do Hal 31 \u2033 (78 cm)<br \/>\nAltura do Hal 49,5 \u2033 (126 cm)<br \/>\nComprimento do Hal 30 \u2033 (76 cm)<br \/>\nN\u00famero de l\u00e2minas 1<br \/>\nPeso 110 kg<br \/>\nProfundidade de Trabalho 21\u2033 (53 cm)<\/p>\n","protected":false},"featured_media":1819,"template":"","meta":[],"product_brand":[],"product_cat":[22],"product_tag":[],"class_list":{"0":"post-413","1":"product","2":"type-product","3":"status-publish","4":"has-post-thumbnail","6":"product_cat-implementos-agricolas","8":"first","9":"instock","10":"product-type-simple"},"aioseo_notices":[],"_links":{"self":[{"href":"https:\/\/www.tractors.co.mz\/pt\/wp-json\/wp\/v2\/product\/413","targetHints":{"allow":["GET"]}}],"collection":[{"href":"https:\/\/www.tractors.co.mz\/pt\/wp-json\/wp\/v2\/product"}],"about":[{"href":"https:\/\/www.tractors.co.mz\/pt\/wp-json\/wp\/v2\/types\/product"}],"wp:featuredmedia":[{"embeddable":true,"href":"https:\/\/www.tractors.co.mz\/pt\/wp-json\/wp\/v2\/media\/1819"}],"wp:attachment":[{"href":"https:\/\/www.tractors.co.mz\/pt\/wp-json\/wp\/v2\/media?parent=413"}],"wp:term":[{"taxonomy":"product_brand","embeddable":true,"href":"https:\/\/www.tractors.co.mz\/pt\/wp-json\/wp\/v2\/product_brand?post=413"},{"taxonomy":"product_cat","embeddable":true,"href":"https:\/\/www.tractors.co.mz\/pt\/wp-json\/wp\/v2\/product_cat?post=413"},{"taxonomy":"product_tag","embeddable":true,"href":"https:\/\/www.tractors.co.mz\/pt\/wp-json\/wp\/v2\/product_tag?post=413"}],"curies":[{"name":"wp","href":"https:\/\/api.w.org\/{rel}","templated":true}]}}