{"id":412,"date":"2022-10-11T12:14:23","date_gmt":"2022-10-11T12:14:23","guid":{"rendered":"https:\/\/www.tractors.co.ug\/product\/wheat-rice-reaper\/"},"modified":"2025-01-11T14:06:52","modified_gmt":"2025-01-11T14:06:52","slug":"ceifador-de-trigo-arroz","status":"publish","type":"product","link":"https:\/\/www.tractors.co.mz\/pt\/product\/ceifador-de-trigo-arroz\/","title":{"rendered":"Ceifador de trigo\/arroz"},"content":{"rendered":"<p><span class=\"\">Manter a qualidade dos gr\u00e3os colhidos foi uma tarefa dif\u00edcil para os agricultores de Mo\u00e7ambique, mas com a introdu\u00e7\u00e3o das colheitadeiras de arroz, os gr\u00e3os de arroz e de trigo podem ser colhidos a tempo e at\u00e9 a qualidade dos gr\u00e3os \u00e9 preservada no final.\u00a0<\/span>As ceifeiras de arroz ou de trigo est\u00e3o entre os instrumentos agr\u00edcolas mais flex\u00edveis e facilmente manipul\u00e1veis \u200b\u200bem Mo\u00e7ambique, que podem at\u00e9 funcionar bem em condi\u00e7\u00f5es secas ou h\u00famidas.\u00a0Oferecemos exclusivamente colheitadeiras de arroz na Tractors Mo\u00e7ambique, com capacidade de colheita de 0,4ha\/h.<\/p>\n<h3>Caracter\u00edsticas proeminentes<\/h3>\n<ul>\n<li>L\u00e2minas afiadas e afiadas s\u00e3o essenciais em termos de corte e colheita.<\/li>\n<li>F\u00e1cil manuten\u00e7\u00e3o e f\u00e1cil opera\u00e7\u00e3o.<\/li>\n<li>\u00c9 compat\u00edvel com uma ampla gama de tratores movidos a cavalos.<\/li>\n<li>A separa\u00e7\u00e3o da colheita pode ser conseguida com facilidade.<\/li>\n<li>Robusto e dur\u00e1vel.<\/li>\n<li>De alta qualidade para exporta\u00e7\u00e3o.<\/li>\n<li>\u00c9 verificado sob verifica\u00e7\u00e3o ISO 9001.<\/li>\n<li>Econ\u00f4mico e multifuncional.<\/li>\n<\/ul>\n<h3>Caracter\u00edsticas t\u00e9cnicas<\/h3>\n<ul>\n<li>S\u00e3o necess\u00e1rios 50 HP de fonte de energia para compatibilidade com o trator.<\/li>\n<li>29 l\u00e2minas est\u00e3o presentes no total.<\/li>\n<li>O comprimento m\u00e1ximo, a largura m\u00e1xima e a altura m\u00e1xima s\u00e3o 7,8 p\u00e9s, 2,37 p\u00e9s e 2,37 p\u00e9s, respectivamente.<\/li>\n<li>A largura total de corte \u00e9 medida em 7,5 p\u00e9s.<\/li>\n<li>O peso bruto aproximado \u00e9 de 275 Kg.<\/li>\n<\/ul>\n<p>Tractors.co.mz constitui uma grande variedade de implementos agr\u00edcolas e tratores agr\u00edcolas para os agricultores carentes de Mo\u00e7ambique.\u00a0Utilizando este tipo de recursos agr\u00edcolas, os agricultores mo\u00e7ambicanos podem reduzir despesas acess\u00f3rias utilizadas na gest\u00e3o do gado e na gest\u00e3o do trabalho.\u00a0Al\u00e9m disso, com os nossos\u00a0instrumentos agr\u00edcolas \u00e0 venda em Mo\u00e7ambique\u00a0, as actividades agr\u00edcolas atribu\u00eddas s\u00e3o realizadas numa frac\u00e7\u00e3o do tempo, proporcionando assim aos agricultores um suspiro de al\u00edvio.\u00a0Com nossos ceifeiros habilidosos e econ\u00f4micos, a colheita de gr\u00e3os pode ser t\u00e3o r\u00e1pida quanto um piscar de olhos.\u00a0A partir de agora, obtenha as colheitadeiras de arroz mais acess\u00edveis e de \u00faltima gera\u00e7\u00e3o para uma colheita r\u00e1pida de gr\u00e3os.<\/p>\n","protected":false},"excerpt":{"rendered":"<p><strong>Especifica\u00e7\u00e3o<\/strong><br \/>\nLargura de corte 7,5 p\u00e9s<br \/>\nN\u00ba de l\u00e2minas 29<br \/>\nPeso com kit 275 kg<br \/>\nComprimento m\u00e1ximo 7,8 p\u00e9s<br \/>\nFonte de pot\u00eancia de 25 hp<br \/>\nLargura de corte 7,5 p\u00e9s<br \/>\nLargura m\u00e1xima 2,37 p\u00e9s<br \/>\nAltura m\u00e1xima 2,37 p\u00e9s<\/p>\n","protected":false},"featured_media":1962,"template":"","meta":[],"product_brand":[],"product_cat":[22],"product_tag":[],"class_list":{"0":"post-412","1":"product","2":"type-product","3":"status-publish","4":"has-post-thumbnail","6":"product_cat-implementos-agricolas","8":"first","9":"instock","10":"product-type-simple"},"aioseo_notices":[],"_links":{"self":[{"href":"https:\/\/www.tractors.co.mz\/pt\/wp-json\/wp\/v2\/product\/412","targetHints":{"allow":["GET"]}}],"collection":[{"href":"https:\/\/www.tractors.co.mz\/pt\/wp-json\/wp\/v2\/product"}],"about":[{"href":"https:\/\/www.tractors.co.mz\/pt\/wp-json\/wp\/v2\/types\/product"}],"wp:featuredmedia":[{"embeddable":true,"href":"https:\/\/www.tractors.co.mz\/pt\/wp-json\/wp\/v2\/media\/1962"}],"wp:attachment":[{"href":"https:\/\/www.tractors.co.mz\/pt\/wp-json\/wp\/v2\/media?parent=412"}],"wp:term":[{"taxonomy":"product_brand","embeddable":true,"href":"https:\/\/www.tractors.co.mz\/pt\/wp-json\/wp\/v2\/product_brand?post=412"},{"taxonomy":"product_cat","embeddable":true,"href":"https:\/\/www.tractors.co.mz\/pt\/wp-json\/wp\/v2\/product_cat?post=412"},{"taxonomy":"product_tag","embeddable":true,"href":"https:\/\/www.tractors.co.mz\/pt\/wp-json\/wp\/v2\/product_tag?post=412"}],"curies":[{"name":"wp","href":"https:\/\/api.w.org\/{rel}","templated":true}]}}