{"id":411,"date":"2022-10-11T12:14:23","date_gmt":"2022-10-11T12:14:23","guid":{"rendered":"https:\/\/www.tractors.co.ug\/product\/tine-tillers\/"},"modified":"2024-06-26T11:53:09","modified_gmt":"2024-06-26T11:53:09","slug":"lavradores-de-dentes","status":"publish","type":"product","link":"https:\/\/www.tractors.co.mz\/pt\/product\/lavradores-de-dentes\/","title":{"rendered":"Lavradores de dentes"},"content":{"rendered":"<p>Para o cultivo de uma nova gera\u00e7\u00e3o de culturas, \u00e9 necess\u00e1rio abrir terreno novo.\u00a0Para abrir novos caminhos, um implemento agr\u00edcola habilidoso e robusto, como um escarificador, seria a melhor e mais acess\u00edvel ferramenta agr\u00edcola.\u00a0Ao quebrar o solo, o solo fica solto e \u00e9 capaz de absorver o m\u00e1ximo de oxig\u00eanio para facilitar o crescimento das culturas em desenvolvimento.\u00a0Este implemento agr\u00edcola acess\u00edvel montado em trator tem in\u00fameros benef\u00edcios para combater as lutas agr\u00edcolas, que \u00e9 a \u00fanica raz\u00e3o por tr\u00e1s de sua imensa popularidade.<\/p>\n<h3>Caracter\u00edsticas proeminentes<\/h3>\n<ul>\n<li>\u00c9 verificado sob verifica\u00e7\u00e3o ISO 9001.<\/li>\n<li>De alta qualidade para exporta\u00e7\u00e3o.<\/li>\n<li>Econ\u00f4mico e multifuncional.<\/li>\n<li>Robusto, eficiente e os resultados duram mais tempo.<\/li>\n<li>Solo duro \u00e9 quebrado com facilidade.<\/li>\n<li>Capacidade de trabalho do motor mais r\u00e1pida e altamente preferida pelos agricultores mo\u00e7ambicanos.<\/li>\n<li>O solo pode ser arrancado sem investir muito esfor\u00e7o.<\/li>\n<li>Dentes ajust\u00e1veis.<\/li>\n<\/ul>\n<h3>Caracter\u00edsticas t\u00e9cnicas<\/h3>\n<ul>\n<li>50 HP a 85 HP de fonte de energia necess\u00e1ria para compatibilidade com trator.<\/li>\n<li>Categoria de liga\u00e7\u00e3o do tipo I e II.<\/li>\n<li>Total de dentes 9, 11 e 13.<\/li>\n<li>A profundidade aproximada de trabalho \u00e9 medida em 229 mm.<\/li>\n<li>A dist\u00e2ncia de espa\u00e7amento estimada \u00e9 medida entre 229 mm e 254 mm.<\/li>\n<li>O peso aproximado medido \u00e9 de 209 Kg a 266 Kg.<\/li>\n<li>O tipo Z e o conjunto de tubos s\u00e3o o tipo de estrutura ideal.<\/li>\n<\/ul>\n<p>Revendedores de tratores como Tractors.co.mz.\u00a0conquistaram a fidelidade e a confian\u00e7a dos clientes por fornecerem solu\u00e7\u00f5es agr\u00edcolas eminentes a pre\u00e7os acess\u00edveis.\u00a0Nosso compromisso em fornecer a melhor qualidade em uma variedade de\u00a0implementos agr\u00edcolas\u00a0acess\u00edveis no prazo prometido \u00e9 o que nossos fi\u00e9is clientes agricultores procuram.\u00a0Conforme prometido, voc\u00ea receber\u00e1 seu leme de \u00f3tima qualidade no prazo indicado.\u00a0Porque esperar?\u00a0Encomende imediatamente.<\/p>\n","protected":false},"excerpt":{"rendered":"<p><strong>Especifica\u00e7\u00e3o do leme do dente<\/strong><br \/>\nTipo de estrutura Conjunto de tubos e tipo Z<br \/>\nN\u00famero de dentes 9,11 e 13<br \/>\nCategoria de liga\u00e7\u00e3o I e II<br \/>\nProfundidade de trabalho 229 mm<br \/>\nEspa\u00e7amento dos dentes 229 mm a 254 mm<br \/>\nCompatibilidade HP 50 a 85 HP<\/p>\n","protected":false},"featured_media":1821,"template":"","meta":[],"product_brand":[],"product_cat":[22],"product_tag":[],"class_list":{"0":"post-411","1":"product","2":"type-product","3":"status-publish","4":"has-post-thumbnail","6":"product_cat-implementos-agricolas","8":"first","9":"instock","10":"product-type-simple"},"aioseo_notices":[],"_links":{"self":[{"href":"https:\/\/www.tractors.co.mz\/pt\/wp-json\/wp\/v2\/product\/411","targetHints":{"allow":["GET"]}}],"collection":[{"href":"https:\/\/www.tractors.co.mz\/pt\/wp-json\/wp\/v2\/product"}],"about":[{"href":"https:\/\/www.tractors.co.mz\/pt\/wp-json\/wp\/v2\/types\/product"}],"wp:featuredmedia":[{"embeddable":true,"href":"https:\/\/www.tractors.co.mz\/pt\/wp-json\/wp\/v2\/media\/1821"}],"wp:attachment":[{"href":"https:\/\/www.tractors.co.mz\/pt\/wp-json\/wp\/v2\/media?parent=411"}],"wp:term":[{"taxonomy":"product_brand","embeddable":true,"href":"https:\/\/www.tractors.co.mz\/pt\/wp-json\/wp\/v2\/product_brand?post=411"},{"taxonomy":"product_cat","embeddable":true,"href":"https:\/\/www.tractors.co.mz\/pt\/wp-json\/wp\/v2\/product_cat?post=411"},{"taxonomy":"product_tag","embeddable":true,"href":"https:\/\/www.tractors.co.mz\/pt\/wp-json\/wp\/v2\/product_tag?post=411"}],"curies":[{"name":"wp","href":"https:\/\/api.w.org\/{rel}","templated":true}]}}