{"id":410,"date":"2022-10-11T12:14:23","date_gmt":"2022-10-11T12:14:23","guid":{"rendered":"https:\/\/www.tractors.co.ug\/product\/rear-blade\/"},"modified":"2024-06-26T11:43:53","modified_gmt":"2024-06-26T11:43:53","slug":"lamina-traseira","status":"publish","type":"product","link":"https:\/\/www.tractors.co.mz\/pt\/product\/lamina-traseira\/","title":{"rendered":"L\u00e2mina Traseira"},"content":{"rendered":"<p>Uma l\u00e2mina traseira tamb\u00e9m \u00e9 identificada como l\u00e2mina traseira do trator ou l\u00e2mina raspadora.\u00a0Aproximadamente 4 e 8 polegadas de largura, s\u00e3o perfeitos para nivelar p\u00e1tios, limpar neve, aterro, terra\u00e7os, valas e at\u00e9 mesmo movimenta\u00e7\u00e3o de terras.\u00a0As imensas l\u00e2minas duras s\u00e3o feitas com uma subst\u00e2ncia resistente para garantir que n\u00e3o sejam danificadas mesmo quando raspadas em uma superf\u00edcie abrasiva.\u00a0Sendo um implemento agr\u00edcola vers\u00e1til e econ\u00f3mico em Mo\u00e7ambique, tem uma procura bastante crescente entre os agricultores mo\u00e7ambicanos.<\/p>\n<h2>Caracter\u00edsticas proeminentes<\/h2>\n<ul>\n<li>F\u00e1cil de fixar e desencaixar na extremidade traseira do trator.<\/li>\n<li>Manuten\u00e7\u00e3o de baixo custo.<\/li>\n<li>Canais de irriga\u00e7\u00e3o e valas s\u00e3o facilmente escavados.<\/li>\n<li>O aterro e o nivelamento do terreno s\u00e3o executados ajustando os n\u00edveis das l\u00e2minas.<\/li>\n<li>Exporte material de qualidade.<\/li>\n<li>Multiuso e acess\u00edvel.<\/li>\n<li>Verificado sob verifica\u00e7\u00e3o ISO 9001.<\/li>\n<\/ul>\n<h2>Caracter\u00edsticas t\u00e9cnicas<\/h2>\n<ul>\n<li>5 p\u00e9s e 7 p\u00e9s s\u00e3o o comprimento e a largura da l\u00e2mina, respectivamente.<\/li>\n<li>O peso estimado \u00e9 de 170 Kg.<\/li>\n<li>O \u00e2ngulo pode ser ajustado de 0 a 40 graus.<\/li>\n<li>S\u00e3o necess\u00e1rios 50 HP de fonte de energia para compatibilidade com o trator.<\/li>\n<\/ul>\n<p>Procurando uma solu\u00e7\u00e3o agr\u00edcola otimizada para combater os problemas agr\u00edcolas em evolu\u00e7\u00e3o?\u00a0A Tractors.co.mz otimizou solu\u00e7\u00f5es de tratores, fornecendo tratores de bolso e outros recursos agr\u00edcolas para proporcionar aos agricultores mo\u00e7ambicanos uma experi\u00eancia agr\u00edcola sem stress.\u00a0Invista em nossos implementos agr\u00edcolas de alto rendimento e nos agrade\u00e7a mais tarde.\u00a0Al\u00e9m disso, os nossos implementos agr\u00edcolas de alta qualidade\u00a0\u00e0 venda em Mo\u00e7ambique\u00a0v\u00eam com um per\u00edodo de garantia alargado para o atender nos seus momentos dif\u00edceis.<\/p>\n","protected":false},"excerpt":{"rendered":"<p><strong>Especifica\u00e7\u00e3o da l\u00e2mina traseira<\/strong><br \/>\nLargura: 5&#8242; \u2013 12&#8242;<br \/>\nComprimento: 5 p\u00e9s com roda<br \/>\nde 1\/2\u201d Aresta de corte revers\u00edvel\/substitu\u00edvel.<\/p>\n","protected":false},"featured_media":1801,"template":"","meta":[],"product_brand":[],"product_cat":[22],"product_tag":[],"class_list":{"0":"post-410","1":"product","2":"type-product","3":"status-publish","4":"has-post-thumbnail","6":"product_cat-implementos-agricolas","8":"first","9":"instock","10":"product-type-simple"},"aioseo_notices":[],"_links":{"self":[{"href":"https:\/\/www.tractors.co.mz\/pt\/wp-json\/wp\/v2\/product\/410","targetHints":{"allow":["GET"]}}],"collection":[{"href":"https:\/\/www.tractors.co.mz\/pt\/wp-json\/wp\/v2\/product"}],"about":[{"href":"https:\/\/www.tractors.co.mz\/pt\/wp-json\/wp\/v2\/types\/product"}],"wp:featuredmedia":[{"embeddable":true,"href":"https:\/\/www.tractors.co.mz\/pt\/wp-json\/wp\/v2\/media\/1801"}],"wp:attachment":[{"href":"https:\/\/www.tractors.co.mz\/pt\/wp-json\/wp\/v2\/media?parent=410"}],"wp:term":[{"taxonomy":"product_brand","embeddable":true,"href":"https:\/\/www.tractors.co.mz\/pt\/wp-json\/wp\/v2\/product_brand?post=410"},{"taxonomy":"product_cat","embeddable":true,"href":"https:\/\/www.tractors.co.mz\/pt\/wp-json\/wp\/v2\/product_cat?post=410"},{"taxonomy":"product_tag","embeddable":true,"href":"https:\/\/www.tractors.co.mz\/pt\/wp-json\/wp\/v2\/product_tag?post=410"}],"curies":[{"name":"wp","href":"https:\/\/api.w.org\/{rel}","templated":true}]}}