{"id":409,"date":"2022-10-11T12:14:23","date_gmt":"2022-10-11T12:14:23","guid":{"rendered":"https:\/\/www.tractors.co.ug\/product\/front-blade\/"},"modified":"2024-06-26T11:18:45","modified_gmt":"2024-06-26T11:18:45","slug":"lamina-frontal","status":"publish","type":"product","link":"https:\/\/www.tractors.co.mz\/pt\/product\/lamina-frontal\/","title":{"rendered":"L\u00e2mina Frontal"},"content":{"rendered":"<p>Geralmente, para a retirada do tecido adicional do solo, utiliza-se um implemento agr\u00edcola montado em trator, denominado l\u00e2mina frontal.\u00a0Esta l\u00e2mina \u00e9 fixada na frente do trator desejado.\u00a0A l\u00e2mina de a\u00e7o dur\u00e1vel, um componente essencial do implemento agr\u00edcola, \u00e9 dur\u00e1vel e resistente e pode remover pedras, pedras, sujeira, detritos, etc.\u00a0Sendo operado hidraulicamente, este implemento agr\u00edcola em Mo\u00e7ambique pode conter carneiros de a\u00e7\u00e3o simples ou dupla.<\/p>\n<h2>Caracter\u00edsticas proeminentes<\/h2>\n<ul>\n<li>Exporte material de qualidade.<\/li>\n<li>\u00c9 verificado sob verifica\u00e7\u00e3o ISO 9001.<\/li>\n<li>Pode ser anexado e desconectado facilmente.<\/li>\n<li>O manuseio de materiais est\u00e1 mitigando, levando ao aumento da produ\u00e7\u00e3o.<\/li>\n<li>Econ\u00f4mico e seguro.<\/li>\n<li>O solo pode ser manuseado facilmente.<\/li>\n<\/ul>\n<h2>Caracter\u00edsticas t\u00e9cnicas<\/h2>\n<ul>\n<li>50 HP a 85 HP \u00e9 a fonte de energia necess\u00e1ria para compatibilidade com o trator.<\/li>\n<li>533 mm \u00e9 a eleva\u00e7\u00e3o m\u00e1xima.<\/li>\n<li>102 mm \u00e9 a profundidade abaixo do solo.<\/li>\n<li>A aresta de corte medida tem cerca de 152 mm (6 \u2033) x 12,7 mm (1\/2 \u2033) de se\u00e7\u00e3o de altura.<\/li>\n<\/ul>\n<p>Se voc\u00ea est\u00e1 procurando\u00a0revendedores de tratores confi\u00e1veis \u200b\u200be realistas em Mo\u00e7ambique\u00a0, ent\u00e3o tractors.com.mz \u00e9 um fornecedor absoluto de m\u00e1quinas agr\u00edcolas sob o mesmo teto, atendendo \u00e0s atividades agr\u00edcolas di\u00e1rias dos agricultores estressantes.\u00a0Acreditamos na minimiza\u00e7\u00e3o do fardo agr\u00edcola, aliviando o seu stress e fornecendo-lhes solu\u00e7\u00f5es agr\u00edcolas menos agitadas, sob a forma de implementos agr\u00edcolas organizados, robustos e dur\u00e1veis.\u00a0Voc\u00ea pode at\u00e9 solicitar uma l\u00e2mina frontal do tamanho ideal, para garantir que o solo esteja livre de quaisquer part\u00edculas residuais.<\/p>\n","protected":false},"excerpt":{"rendered":"<p><strong>Especifica\u00e7\u00f5es<br \/>\n<\/strong><\/p>\n<p>Power Dozer para tratores MF 240, 350 Plus, 260, 360, 375, 385 L\u00e2mina<br \/>\nModelo MT-08\/1=6\u2032 * 22\u2033 -(Ar\u00edete \u00fanico)<br \/>\nModelo MT-08\/2=6,5\u2032 * 30\u2033 (Twin bater)<\/p>\n","protected":false},"featured_media":1762,"template":"","meta":[],"product_brand":[],"product_cat":[22],"product_tag":[],"class_list":{"0":"post-409","1":"product","2":"type-product","3":"status-publish","4":"has-post-thumbnail","6":"product_cat-implementos-agricolas","8":"first","9":"instock","10":"product-type-simple"},"aioseo_notices":[],"_links":{"self":[{"href":"https:\/\/www.tractors.co.mz\/pt\/wp-json\/wp\/v2\/product\/409","targetHints":{"allow":["GET"]}}],"collection":[{"href":"https:\/\/www.tractors.co.mz\/pt\/wp-json\/wp\/v2\/product"}],"about":[{"href":"https:\/\/www.tractors.co.mz\/pt\/wp-json\/wp\/v2\/types\/product"}],"wp:featuredmedia":[{"embeddable":true,"href":"https:\/\/www.tractors.co.mz\/pt\/wp-json\/wp\/v2\/media\/1762"}],"wp:attachment":[{"href":"https:\/\/www.tractors.co.mz\/pt\/wp-json\/wp\/v2\/media?parent=409"}],"wp:term":[{"taxonomy":"product_brand","embeddable":true,"href":"https:\/\/www.tractors.co.mz\/pt\/wp-json\/wp\/v2\/product_brand?post=409"},{"taxonomy":"product_cat","embeddable":true,"href":"https:\/\/www.tractors.co.mz\/pt\/wp-json\/wp\/v2\/product_cat?post=409"},{"taxonomy":"product_tag","embeddable":true,"href":"https:\/\/www.tractors.co.mz\/pt\/wp-json\/wp\/v2\/product_tag?post=409"}],"curies":[{"name":"wp","href":"https:\/\/api.w.org\/{rel}","templated":true}]}}