{"id":408,"date":"2022-10-11T12:14:14","date_gmt":"2022-10-11T12:14:14","guid":{"rendered":"https:\/\/www.tractors.co.ug\/product\/jib-crane\/"},"modified":"2024-06-26T11:24:42","modified_gmt":"2024-06-26T11:24:42","slug":"guindaste","status":"publish","type":"product","link":"https:\/\/www.tractors.co.mz\/pt\/product\/guindaste\/","title":{"rendered":"Guindaste"},"content":{"rendered":"<p><span class=\"\">O guindaste de lan\u00e7a \u00e9 um implemento agr\u00edcola montado em trator que se tornou o melhor substituto para opera\u00e7\u00f5es agr\u00edcolas pesadas, incluindo carga e descarga de pesos terrivelmente pesados.\u00a0<\/span>Com a ajuda deste acess\u00f3rio de trator, \u00e9 poss\u00edvel lidar facilmente com reboques pesados \u200b\u200benquanto se ajusta a altura de eleva\u00e7\u00e3o conforme necess\u00e1rio.\u00a0A grua de lan\u00e7a \u00e9 modelada com um design de pesco\u00e7o de ganso, tornando-a vi\u00e1vel e adapt\u00e1vel aos agricultores mo\u00e7ambicanos.<\/p>\n<h2>Caracter\u00edsticas proeminentes<\/h2>\n<ul>\n<li>Carregar e descarregar \u00e9 t\u00e3o f\u00e1cil quanto ABC.<\/li>\n<li>Seguro de manusear.<\/li>\n<li>Multiuso e pr\u00e1tico.<\/li>\n<li>Econ\u00f4mico e orientado a resultados.<\/li>\n<li>Exporte material de qualidade.<\/li>\n<li>Verificado sob verifica\u00e7\u00e3o ISO 9001.<\/li>\n<li>Aproximadamente 500 kg de peso podem ser facilmente deslocados.<\/li>\n<\/ul>\n<h2>Caracter\u00edsticas t\u00e9cnicas<\/h2>\n<ul>\n<li>Pino de engate do CAT II.<\/li>\n<li>A capacidade de eleva\u00e7\u00e3o mensur\u00e1vel \u00e9 de 500 kg.<\/li>\n<li>O peso de 70 Kg e a altura de 3m s\u00e3o estimados cuidadosamente.<\/li>\n<li>S\u00e3o necess\u00e1rios 50 HP ou mais de fonte de alimenta\u00e7\u00e3o para compatibilidade com o trator.<\/li>\n<li>54 metros \u00e9 o comprimento total.<\/li>\n<\/ul>\n<p>Tractors.co.mz \u00e9 um extraordin\u00e1rio\u00a0<a href=\"https:\/\/www.tractors.co.mz\/pt\/\"><strong>revendedor de tractores em Mo\u00e7ambique<\/strong><\/a>\u00a0, fornecendo solu\u00e7\u00f5es agr\u00edcolas eminentes aos agricultores rebuscados de Mo\u00e7ambique que necessitam urgentemente de solu\u00e7\u00f5es agr\u00edcolas desenvolvidas que afectem positivamente a taxa de produ\u00e7\u00e3o agr\u00edcola.\u00a0Na Tractors Mo\u00e7ambique, acreditamos em disponibilizar ferramentas agr\u00edcolas significativas para todos, fornecendo-as aos agricultores sem recursos, por um lado, e por outro lado, tornando estes valiosos implementos agr\u00edcolas acess\u00edveis a todos.\u00a0<span class=\"\">Voc\u00ea pode encontrar qualquer implemento agr\u00edcola desej\u00e1vel, incluindo guindastes de lan\u00e7a, a pre\u00e7os acess\u00edveis e que est\u00e3o facilmente dispon\u00edveis em nossos revendedores de tratores em Mo\u00e7ambique.<\/span><\/p>\n","protected":false},"excerpt":{"rendered":"<div class=\"woocommerce-product-details__short-description\">\n<p><strong><span class=\"\">Especifica\u00e7\u00f5es<\/span><\/strong><br \/>\n<span class=\"\">Capacidade de eleva\u00e7\u00e3o at\u00e9 500 Kgs (dependendo da HP do trator)<\/span><br \/>\n<span class=\"\">Altura de eleva\u00e7\u00e3o 3 m<\/span><br \/>\n<span class=\"\">Comprimento total 2,54 m<\/span><br \/>\n<span class=\"\">Peso (aprox.) 72 Kgs<\/span><br \/>\n<span class=\"\">Compatibilidade com trator 45-85 HP<\/span><br \/>\n<span class=\"\">Pino de engate Cat-II<\/span><\/p>\n<\/div>\n","protected":false},"featured_media":1773,"template":"","meta":[],"product_brand":[],"product_cat":[22],"product_tag":[],"class_list":{"0":"post-408","1":"product","2":"type-product","3":"status-publish","4":"has-post-thumbnail","6":"product_cat-implementos-agricolas","8":"first","9":"instock","10":"product-type-simple"},"aioseo_notices":[],"_links":{"self":[{"href":"https:\/\/www.tractors.co.mz\/pt\/wp-json\/wp\/v2\/product\/408","targetHints":{"allow":["GET"]}}],"collection":[{"href":"https:\/\/www.tractors.co.mz\/pt\/wp-json\/wp\/v2\/product"}],"about":[{"href":"https:\/\/www.tractors.co.mz\/pt\/wp-json\/wp\/v2\/types\/product"}],"wp:featuredmedia":[{"embeddable":true,"href":"https:\/\/www.tractors.co.mz\/pt\/wp-json\/wp\/v2\/media\/1773"}],"wp:attachment":[{"href":"https:\/\/www.tractors.co.mz\/pt\/wp-json\/wp\/v2\/media?parent=408"}],"wp:term":[{"taxonomy":"product_brand","embeddable":true,"href":"https:\/\/www.tractors.co.mz\/pt\/wp-json\/wp\/v2\/product_brand?post=408"},{"taxonomy":"product_cat","embeddable":true,"href":"https:\/\/www.tractors.co.mz\/pt\/wp-json\/wp\/v2\/product_cat?post=408"},{"taxonomy":"product_tag","embeddable":true,"href":"https:\/\/www.tractors.co.mz\/pt\/wp-json\/wp\/v2\/product_tag?post=408"}],"curies":[{"name":"wp","href":"https:\/\/api.w.org\/{rel}","templated":true}]}}